{"id":57250,"date":"2022-03-10T15:26:00","date_gmt":"2022-03-10T14:26:00","guid":{"rendered":"https:\/\/secureus.se\/produkt\/plastficka-korthallare-fargad-staende-bla-65x108mm-5-pack\/"},"modified":"2025-12-31T19:36:00","modified_gmt":"2025-12-31T18:36:00","slug":"plastficka-korthallare-fargad-staende-bla-60x100mm-5-pack","status":"publish","type":"product","link":"https:\/\/secureus.se\/dk\/plastficka-korthallare-fargad-staende-bla-60x100mm-5-pack\/","title":{"rendered":"Plastlomme\/kortholder Farvet Lodret Bl\u00e5 60x100mm"},"content":{"rendered":"<div>\n<p>Bl\u00f8d plastlomme i CR80 i portr\u00e6tformat.<\/p>\n<p>Ethvert klip s\u00e6ttes nemt p\u00e5.<\/p>\n<p>Farve: Hvid<\/p>\n<p>M\u00e5l: 100 x 60 mm<\/p>\n<\/div>","protected":false},"excerpt":{"rendered":"<p>Bl\u00f8d plastlomme i CR80 i portr\u00e6tformat. Ethvert klip s\u00e6ttes nemt p\u00e5. Farve: Hvid M\u00e5l: 100 x 60 mm<\/p>","protected":false},"featured_media":147657,"template":"","meta":{"_acf_changed":false},"product_brand":[],"product_cat":[1679],"product_tag":[2416,2958],"class_list":{"0":"post-57250","1":"product","2":"type-product","3":"status-publish","4":"has-post-thumbnail","6":"product_cat-plastfickor","7":"product_tag-rel-rfid-tillbehor","8":"product_tag-stonehouse-produkt","9":"product_shipping_class-postnord-varubrev","10":"pa_brands-stonehouse-security","11":"pa_farg-bla","12":"pa_rfid-tillbehor-plastfickor","13":"tm-no-options","15":"first","16":"instock","17":"sale","18":"featured","19":"taxable","20":"shipping-taxable","21":"purchasable","22":"product-type-simple"},"acf":[],"_links":{"self":[{"href":"https:\/\/secureus.se\/dk\/wp-json\/wp\/v2\/product\/57250","targetHints":{"allow":["GET"]}}],"collection":[{"href":"https:\/\/secureus.se\/dk\/wp-json\/wp\/v2\/product"}],"about":[{"href":"https:\/\/secureus.se\/dk\/wp-json\/wp\/v2\/types\/product"}],"wp:featuredmedia":[{"embeddable":true,"href":"https:\/\/secureus.se\/dk\/wp-json\/wp\/v2\/media\/147657"}],"wp:attachment":[{"href":"https:\/\/secureus.se\/dk\/wp-json\/wp\/v2\/media?parent=57250"}],"wp:term":[{"taxonomy":"product_brand","embeddable":true,"href":"https:\/\/secureus.se\/dk\/wp-json\/wp\/v2\/product_brand?post=57250"},{"taxonomy":"product_cat","embeddable":true,"href":"https:\/\/secureus.se\/dk\/wp-json\/wp\/v2\/product_cat?post=57250"},{"taxonomy":"product_tag","embeddable":true,"href":"https:\/\/secureus.se\/dk\/wp-json\/wp\/v2\/product_tag?post=57250"}],"curies":[{"name":"wp","href":"https:\/\/api.w.org\/{rel}","templated":true}]}}