{"id":57263,"date":"2022-03-10T15:26:00","date_gmt":"2022-03-10T14:26:00","guid":{"rendered":"https:\/\/secureus.se\/produkt\/nyckelband-eko-10-mm-sakerhetsspanne-hummerklamma-i-metall-100-pack-farg-navy-bla\/"},"modified":"2026-01-02T12:12:04","modified_gmt":"2026-01-02T11:12:04","slug":"nyckelband-10mm-marinbla-metallklamma-100-pack","status":"publish","type":"product","link":"https:\/\/secureus.se\/dk\/nyckelband-10mm-marinbla-metallklamma-100-pack\/","title":{"rendered":"N\u00f8glering 10 mm Navy Blue Eco - Metal Hummer Clip og sikkerhedssp\u00e6nde - 100-pak."},"content":{"rendered":"<p>Disse marinebl\u00e5 snore i 10 mm bredde er det optimale valg til en professionel og holdbar l\u00f8sning. Fremstillet af robust genbrugs-PET-materiale kombinerer de en milj\u00f8venlig profil med h\u00f8j funktionalitet. Standardl\u00e6ngdedesignet p\u00e5 90 cm (45 cm faldl\u00e6ngde for voksne) g\u00f8r dem behagelige at bruge i mange forskellige sammenh\u00e6nge, lige fra arbejdspladser og skoler til events og konferencer.<\/p>\n<ul>\n<li><strong>Genbrugsmaterialer:<\/strong> Fremstillet af slidst\u00e6rkt og milj\u00f8venligt PET-materiale.<\/li>\n<li><strong>Metal hummerklemme:<\/strong> Perfekt til sikring af ID-kort, n\u00f8gleringe eller adgangskort.<\/li>\n<li><strong>Sikkerhedssp\u00e6nde:<\/strong> For sikker og hurtig udl\u00f8sning, n\u00e5r det er n\u00f8dvendigt.<\/li>\n<li><strong>Fleksible anvendelsesomr\u00e5der:<\/strong> Fremragende til visning af ID-kort, visitkort, n\u00f8gleringe, memory sticks og mobiltelefoner.<\/li>\n<li><strong>Tilg\u00e6ngelige farver:<\/strong> F\u00e5s ogs\u00e5 i sort, lysebl\u00e5, gr\u00f8n, orange, pink, r\u00f8d, hvid og gul.<\/li>\n<\/ul>\n<p><strong>Specifikationer:<\/strong><\/p>\n<ul>\n<li><strong>Bredde:<\/strong> 10 mm<\/li>\n<li><strong>L\u00e6ngde:<\/strong> 90 cm (45 cm faldl\u00e6ngde)<\/li>\n<li><strong>Materiale:<\/strong> Genanvendt PET-materiale<\/li>\n<li><strong>Emballage:<\/strong> 100 stk pr pakke<\/li>\n<\/ul>\n<p>Disse marinebl\u00e5 lanyards tilbyder b\u00e5de stil og holdbarhed, hvilket g\u00f8r dem ideelle til organisationer, der s\u00f8ger h\u00f8jkvalitets og milj\u00f8bevidste produkter.<\/p>","protected":false},"excerpt":{"rendered":"<p>Holdbare marinebl\u00e5 snore i 10 mm bredde, lavet af genbrugs PET-materiale. Udstyret med hummerl\u00e5s af metal og sikkerhedssp\u00e6nde. S\u00e6lges i pakker af 100 stk.<\/p>","protected":false},"featured_media":145642,"template":"","meta":{"_acf_changed":false},"product_brand":[],"product_cat":[1875],"product_tag":[4348,4352],"class_list":{"0":"post-57263","1":"product","2":"type-product","3":"status-publish","4":"has-post-thumbnail","6":"product_cat-nyckelband","7":"product_tag-10mm","8":"product_tag-blaa-nyckelband","9":"product_shipping_class-tunga-paket","10":"pa_brands-stonehouse-security","11":"pa_farg-bla-navy","12":"pa_farg-nyckelband-navybla","13":"pa_rfid-tillbehor-nyckelband-halsband","14":"tm-no-options","16":"first","17":"instock","18":"sale","19":"featured","20":"taxable","21":"shipping-taxable","22":"purchasable","23":"product-type-simple"},"acf":[],"_links":{"self":[{"href":"https:\/\/secureus.se\/dk\/wp-json\/wp\/v2\/product\/57263","targetHints":{"allow":["GET"]}}],"collection":[{"href":"https:\/\/secureus.se\/dk\/wp-json\/wp\/v2\/product"}],"about":[{"href":"https:\/\/secureus.se\/dk\/wp-json\/wp\/v2\/types\/product"}],"wp:featuredmedia":[{"embeddable":true,"href":"https:\/\/secureus.se\/dk\/wp-json\/wp\/v2\/media\/145642"}],"wp:attachment":[{"href":"https:\/\/secureus.se\/dk\/wp-json\/wp\/v2\/media?parent=57263"}],"wp:term":[{"taxonomy":"product_brand","embeddable":true,"href":"https:\/\/secureus.se\/dk\/wp-json\/wp\/v2\/product_brand?post=57263"},{"taxonomy":"product_cat","embeddable":true,"href":"https:\/\/secureus.se\/dk\/wp-json\/wp\/v2\/product_cat?post=57263"},{"taxonomy":"product_tag","embeddable":true,"href":"https:\/\/secureus.se\/dk\/wp-json\/wp\/v2\/product_tag?post=57263"}],"curies":[{"name":"wp","href":"https:\/\/api.w.org\/{rel}","templated":true}]}}