{"id":57285,"date":"2022-03-10T15:26:00","date_gmt":"2022-03-10T14:26:00","guid":{"rendered":"https:\/\/secureus.se\/produkt\/nyckelband-eko-10-mm-sakerhetsspanne-hummerklamma-i-metall-100-pack-farg-gron\/"},"modified":"2026-02-19T14:34:53","modified_gmt":"2026-02-19T13:34:53","slug":"nyckelband-10mm-morkgron-metallklamma-100-pack","status":"publish","type":"product","link":"https:\/\/secureus.se\/dk\/nyckelband-10mm-morkgron-metallklamma-100-pack\/","title":{"rendered":"N\u00f8glering 10 mm M\u00f8rkegr\u00f8n - Metal Lobster Clip og sikkerhedssp\u00e6nde - 100-pak"},"content":{"rendered":"<p>Disse m\u00f8rkegr\u00f8nne 10 mm brede snore kombinerer holdbarhed og praktisk design til b\u00e5de professionel og personlig brug. Fremstillet af genanvendt PET-materiale er de et milj\u00f8venligt alternativ, der samtidig giver h\u00f8j holdbarhed og p\u00e5lidelighed.<\/p>\n<ul>\n<li><strong>Holdbare materialer:<\/strong> Fremstillet af genbrugt PET-materiale for en milj\u00f8venlig l\u00f8sning.<\/li>\n<li><strong>Metal hummerklemme:<\/strong> Sikker og holdbar til vedh\u00e6ftning af ID-kort, n\u00f8glebrikker eller adgangskort.<\/li>\n<li><strong>Sikkerhedssp\u00e6nde:<\/strong> Muligg\u00f8r hurtig udl\u00f8sning, n\u00e5r det er n\u00f8dvendigt og \u00f8ger brugersikkerheden.<\/li>\n<li><strong>Elegant design:<\/strong> Den m\u00f8rkegr\u00f8nne farve giver et professionelt udtryk og er nem at kombinere med uniformer eller arbejdst\u00f8j.<\/li>\n<li><strong>Alsidige anvendelsesomr\u00e5der:<\/strong> Perfekt til ID-kort, visitkort, n\u00f8gleringe, memory sticks og mobiltelefoner.<\/li>\n<\/ul>\n<p><strong>Specifikationer:<\/strong><\/p>\n<ul>\n<li><strong>Bredde:<\/strong> 10 mm<\/li>\n<li><strong>L\u00e6ngde:<\/strong> 90 cm (45 cm faldl\u00e6ngde)<\/li>\n<li><strong>Materiale:<\/strong> Genanvendt PET-materiale<\/li>\n<li><strong>Farve:<\/strong> M\u00f8rkegr\u00f8n<\/li>\n<li><strong>Emballage:<\/strong> 100 stk pr pakke<\/li>\n<\/ul>\n<p>Disse m\u00f8rkegr\u00f8nne snore er b\u00e5de funktionelle og holdbare og er perfekte til forretning, begivenheder eller hverdagsbrug. Med deres stilfulde design og materialer af h\u00f8j kvalitet er de et fremragende valg til alle behov.<\/p>","protected":false},"excerpt":{"rendered":"<p>Holdbare m\u00f8rkegr\u00f8nne snore i 10 mm bredde, lavet af genbrugs PET-materiale. Udstyret med hummerl\u00e5s af metal og sikkerhedssp\u00e6nde. S\u00e6lges i pakker af 100 stk.<\/p>","protected":false},"featured_media":145570,"template":"","meta":{"_acf_changed":false},"product_brand":[],"product_cat":[1875],"product_tag":[4348,4350],"class_list":{"0":"post-57285","1":"product","2":"type-product","3":"status-publish","4":"has-post-thumbnail","6":"product_cat-nyckelband","7":"product_tag-10mm","8":"product_tag-grona-nyckelband","9":"product_shipping_class-tunga-paket","10":"pa_brands-stonehouse-security","11":"pa_farg-gron","12":"pa_farg-nyckelband-gron","13":"pa_rfid-tillbehor-nyckelband-halsband","14":"tm-no-options","16":"first","17":"instock","18":"sale","19":"featured","20":"taxable","21":"shipping-taxable","22":"purchasable","23":"product-type-simple"},"acf":[],"_links":{"self":[{"href":"https:\/\/secureus.se\/dk\/wp-json\/wp\/v2\/product\/57285","targetHints":{"allow":["GET"]}}],"collection":[{"href":"https:\/\/secureus.se\/dk\/wp-json\/wp\/v2\/product"}],"about":[{"href":"https:\/\/secureus.se\/dk\/wp-json\/wp\/v2\/types\/product"}],"wp:featuredmedia":[{"embeddable":true,"href":"https:\/\/secureus.se\/dk\/wp-json\/wp\/v2\/media\/145570"}],"wp:attachment":[{"href":"https:\/\/secureus.se\/dk\/wp-json\/wp\/v2\/media?parent=57285"}],"wp:term":[{"taxonomy":"product_brand","embeddable":true,"href":"https:\/\/secureus.se\/dk\/wp-json\/wp\/v2\/product_brand?post=57285"},{"taxonomy":"product_cat","embeddable":true,"href":"https:\/\/secureus.se\/dk\/wp-json\/wp\/v2\/product_cat?post=57285"},{"taxonomy":"product_tag","embeddable":true,"href":"https:\/\/secureus.se\/dk\/wp-json\/wp\/v2\/product_tag?post=57285"}],"curies":[{"name":"wp","href":"https:\/\/api.w.org\/{rel}","templated":true}]}}