{"id":57295,"date":"2022-03-10T15:26:00","date_gmt":"2022-03-10T14:26:00","guid":{"rendered":"https:\/\/secureus.se\/produkt\/nyckelband-eko-10-mm-sakerhetsspanne-hummerklamma-i-metall-100-pack-farg-orange\/"},"modified":"2026-01-02T12:11:16","modified_gmt":"2026-01-02T11:11:16","slug":"nyckelband-10mm-orange-metallklamma-100-pack","status":"publish","type":"product","link":"https:\/\/secureus.se\/dk\/nyckelband-10mm-orange-metallklamma-100-pack\/","title":{"rendered":"N\u00f8glering 10 mm Orange Eco - Genbrugsmateriale - Metalclips - 100-pak"},"content":{"rendered":"<p>Disse orange lanyards i 10 mm bredde giver en perfekt balance mellem funktionalitet og holdbarhed. Fremstillet af robust genbrugs-PET-materiale er de b\u00e5de milj\u00f8venlige og p\u00e5lidelige. Disse snore m\u00e5ler 90 cm lange (45 cm faldl\u00e6ngde for voksne) og er udstyret med et sikkerhedssp\u00e6nde samt en holdbar hummerl\u00e5s i metal, og er ideelle til en r\u00e6kke forskellige anvendelser.<\/p>\n<ul>\n<li><strong>Genbrugsmaterialer:<\/strong> Fremstillet af slidst\u00e6rkt og milj\u00f8venligt PET-materiale.<\/li>\n<li><strong>Metal hummerklemme:<\/strong> Giver sikker vedh\u00e6ftning til ID-kort, n\u00f8glebrikker eller adgangskort.<\/li>\n<li><strong>Sikkerhedssp\u00e6nde:<\/strong> For nem og hurtig udl\u00f8sning, n\u00e5r det er n\u00f8dvendigt.<\/li>\n<li><strong>Farve og synlighed:<\/strong> Den orange farve g\u00f8r n\u00f8gleringe nemme at se og identificere.<\/li>\n<li><strong>Fleksible anvendelsesomr\u00e5der:<\/strong> Perfekt til ID-kort, visitkort, n\u00f8gleringe, memory sticks og mobiltelefoner.<\/li>\n<\/ul>\n<p><strong>Specifikationer:<\/strong><\/p>\n<ul>\n<li><strong>Bredde:<\/strong> 10 mm<\/li>\n<li><strong>L\u00e6ngde:<\/strong> 90 cm (45 cm faldl\u00e6ngde)<\/li>\n<li><strong>Materiale:<\/strong> Genanvendt PET-materiale<\/li>\n<li><strong>Emballage:<\/strong> 100 stk pr pakke<\/li>\n<\/ul>\n<p>Ved at kombinere holdbarhed og stil er disse orange lanyards et fremragende valg for alle, der leder efter en p\u00e5lidelig og milj\u00f8venlig l\u00f8sning til at b\u00e6re deres ID-kort eller n\u00f8glebrikker.<\/p>","protected":false},"excerpt":{"rendered":"<p>Holdbare orange snore i 10 mm bredde, lavet af genbrugs PET-materiale. Udstyret med hummerl\u00e5s af metal og sikkerhedssp\u00e6nde. S\u00e6lges i pakker af 100 stk.<\/p>","protected":false},"featured_media":145577,"template":"","meta":{"_acf_changed":false},"product_brand":[],"product_cat":[1875],"product_tag":[4348,4353],"class_list":{"0":"post-57295","1":"product","2":"type-product","3":"status-publish","4":"has-post-thumbnail","6":"product_cat-nyckelband","7":"product_tag-10mm","8":"product_tag-orange-nyckelband","9":"product_shipping_class-tunga-paket","10":"pa_brands-stonehouse-security","11":"pa_farg-orange","12":"pa_farg-nyckelband-orange","13":"pa_rfid-tillbehor-nyckelband-halsband","14":"tm-no-options","16":"first","17":"instock","18":"sale","19":"featured","20":"taxable","21":"shipping-taxable","22":"purchasable","23":"product-type-simple"},"acf":[],"_links":{"self":[{"href":"https:\/\/secureus.se\/dk\/wp-json\/wp\/v2\/product\/57295","targetHints":{"allow":["GET"]}}],"collection":[{"href":"https:\/\/secureus.se\/dk\/wp-json\/wp\/v2\/product"}],"about":[{"href":"https:\/\/secureus.se\/dk\/wp-json\/wp\/v2\/types\/product"}],"wp:featuredmedia":[{"embeddable":true,"href":"https:\/\/secureus.se\/dk\/wp-json\/wp\/v2\/media\/145577"}],"wp:attachment":[{"href":"https:\/\/secureus.se\/dk\/wp-json\/wp\/v2\/media?parent=57295"}],"wp:term":[{"taxonomy":"product_brand","embeddable":true,"href":"https:\/\/secureus.se\/dk\/wp-json\/wp\/v2\/product_brand?post=57295"},{"taxonomy":"product_cat","embeddable":true,"href":"https:\/\/secureus.se\/dk\/wp-json\/wp\/v2\/product_cat?post=57295"},{"taxonomy":"product_tag","embeddable":true,"href":"https:\/\/secureus.se\/dk\/wp-json\/wp\/v2\/product_tag?post=57295"}],"curies":[{"name":"wp","href":"https:\/\/api.w.org\/{rel}","templated":true}]}}