{"id":57365,"date":"2022-03-10T15:15:00","date_gmt":"2022-03-10T14:15:00","guid":{"rendered":"https:\/\/secureus.se\/produkt\/2-vags-tradlos-lumin8-utomhus-siren-orange-wicomm-pro-och-agility\/"},"modified":"2026-01-30T08:07:36","modified_gmt":"2026-01-30T07:07:36","slug":"risco-siren-2-vags-lumin8-utomhus-105db","status":"publish","type":"product","link":"https:\/\/secureus.se\/dk\/risco-siren-2-vags-lumin8-utomhus-105db\/","title":{"rendered":"Risco Sirene 2-vejs LUMIN8 \u2013 Udend\u00f8rs 105dB"},"content":{"rendered":"<h1>Risco Sirene 2-vejs LUMIN8 \u2013 Udend\u00f8rs 105dB<\/h1>\n<p data-start=\"441\" data-end=\"848\">Risco LUMIN8 RWS401 tr\u00e5dl\u00f8s udend\u00f8rs sirene er en kraftfuld sikkerhedsl\u00f8sning designet til at give b\u00e5de h\u00f8rbar og visuel advarsel, n\u00e5r en alarm udl\u00f8ses.<\/p>\n<p data-start=\"441\" data-end=\"848\">Med et lydniveau p\u00e5 105 dB og et kraftigt stroboskoplys giver denne sirene en klar og h\u00f8rbar advarsel i alle udend\u00f8rsmilj\u00f8er.<\/p>\n<p data-start=\"441\" data-end=\"848\">Det er en fuldt batteridrevet og tr\u00e5dl\u00f8s sirene, der tilbyder nem installation uden behov for eksterne kabler eller komplicerede installationer.<\/p>\n<p data-start=\"850\" data-end=\"1233\">Sirenen er bygget til at v\u00e6re fuldt overv\u00e5get og tilbyder mange funktioner, der forbedrer sikkerheden og brugeroplevelsen.<\/p>\n<p data-start=\"850\" data-end=\"1233\">Den inkluderer en foralarmfunktion, der aktiveres under nedt\u00e6llingen til indgangsforsinkelsen og sender en alarm, hvis sirenen uds\u00e6ttes for h\u00e6rv\u00e6rk i l\u00f8bet af dette tidsrum.<\/p>\n<p data-start=\"850\" data-end=\"1233\">Dette g\u00f8r det muligt for sirenen at fungere uafh\u00e6ngigt af kontrolpanelet, hvilket forbedrer systemets samlede sikkerhed.<\/p>\n<p data-start=\"1235\" data-end=\"1552\">En anden vigtig funktion ved LUMIN8-sirenen er dens tovejs tr\u00e5dl\u00f8se kommunikation, som g\u00f8r det muligt at integrere den fuldt ud med RISCO-sikkerhedssystemer som Agility\u2122 og WisDom.<\/p>\n<p data-start=\"1235\" data-end=\"1552\">Dette sikrer, at sirenen kan programmeres eksternt og udf\u00f8re selvtest for at sikre, at den er i fuld funktionsdygtig stand.<\/p>\n<p data-start=\"1554\" data-end=\"1973\">Sirenen er ogs\u00e5 designet til at afgive forskellige lydbeskeder ved tilkobling eller frakobling af systemet, herunder en meddelelse med 4 squawks, der indikere, at alarmen er blevet udl\u00f8st.<\/p>\n<p data-start=\"1554\" data-end=\"1973\">Dette er en vigtig funktion til hurtigt at identificere, om der er sket et indbrud, eller om systemet er blevet saboteret.<\/p>\n<p data-start=\"1554\" data-end=\"1973\">Den har ogs\u00e5 en lokal sabotagealarm, der udl\u00f8ses efter indgangsforsinkelsen, hvilket giver yderligere beskyttelse af installationen.<\/p>\n<p data-start=\"1975\" data-end=\"2176\">Med et temperaturomr\u00e5de fra -25\u00b0C til 60\u00b0C er denne sirene holdbar nok til at blive brugt under en r\u00e6kke forskellige vejrforhold, og den har en IP44-klassificering, hvilket g\u00f8r den vandafvisende og beskyttet mod st\u00f8v og snavs.<\/p>\n<p data-start=\"2178\" data-end=\"2208\"><strong data-start=\"2178\" data-end=\"2206\">Hovedfunktioner:<\/strong><\/p>\n<ul data-start=\"2209\" data-end=\"2877\">\n<li data-start=\"2209\" data-end=\"2276\">\n<p data-start=\"2211\" data-end=\"2276\"><strong data-start=\"2211\" data-end=\"2235\">Fuldt batteridrevet:<\/strong> Bruger 5 x CR123, 3V lithium-batterier<\/p>\n<\/li>\n<li data-start=\"2277\" data-end=\"2329\">\n<p data-start=\"2279\" data-end=\"2329\"><strong data-start=\"2279\" data-end=\"2292\">Lydniveau:<\/strong> 105 dB @ 1 meter (justerbar lydstyrke)<\/p>\n<\/li>\n<li data-start=\"2330\" data-end=\"2432\">\n<p data-start=\"2332\" data-end=\"2432\"><strong data-start=\"2332\" data-end=\"2357\">Visuelle indikatorer:<\/strong> Polycarbonatlinse med stroboskoplys, blitzfrekvens p\u00e5 60 gange i minuttet<\/p>\n<\/li>\n<li data-start=\"2433\" data-end=\"2513\">\n<p data-start=\"2435\" data-end=\"2513\"><strong data-start=\"2435\" data-end=\"2454\">Alarmindikation:<\/strong> Inkluderer manipulationsindikator og indikation af lavt batteri<\/p>\n<\/li>\n<li data-start=\"2514\" data-end=\"2576\">\n<p data-start=\"2516\" data-end=\"2576\"><strong data-start=\"2516\" data-end=\"2535\">Kompatibilitet:<\/strong> RISCO Agility\u2122, WisDom sikkerhedssystem<\/p>\n<\/li>\n<li data-start=\"2577\" data-end=\"2645\">\n<p data-start=\"2579\" data-end=\"2645\"><strong data-start=\"2579\" data-end=\"2599\">Foralarmfunktion:<\/strong> H\u00e6rv\u00e6rksalarm under indgangsforsinkelse<\/p>\n<\/li>\n<li data-start=\"2646\" data-end=\"2690\">\n<p data-start=\"2648\" data-end=\"2690\"><strong data-start=\"2648\" data-end=\"2672\">Temperaturomr\u00e5de:<\/strong> -25\u00b0C til 60\u00b0C<\/p>\n<\/li>\n<li data-start=\"2691\" data-end=\"2747\">\n<p data-start=\"2693\" data-end=\"2747\"><strong data-start=\"2693\" data-end=\"2710\">IP-klassificering:<\/strong> IP44 \u2013 vandafvisende og st\u00f8vbeskyttet<\/p>\n<\/li>\n<li data-start=\"2748\" data-end=\"2822\">\n<p data-start=\"2750\" data-end=\"2822\"><strong data-start=\"2750\" data-end=\"2767\">Installation:<\/strong> Nem tr\u00e5dl\u00f8s installation med minimal ledningsf\u00f8ring<\/p>\n<\/li>\n<li data-start=\"2823\" data-end=\"2877\">\n<p data-start=\"2825\" data-end=\"2877\"><strong data-start=\"2825\" data-end=\"2840\">Batteri liv:<\/strong> Op til 3 \u00e5r afh\u00e6ngigt af brug<\/p>\n<\/li>\n<\/ul>\n<p data-start=\"2879\" data-end=\"2910\"><strong data-start=\"2879\" data-end=\"2908\">Tekniske specifikationer:<\/strong><\/p>\n<ul data-start=\"2911\" data-end=\"3153\">\n<li data-start=\"2911\" data-end=\"2945\">\n<p data-start=\"2913\" data-end=\"2945\"><strong data-start=\"2913\" data-end=\"2925\">St\u00f8rrelse:<\/strong> 273 x 230 x 64 mm<\/p>\n<\/li>\n<li data-start=\"2946\" data-end=\"2986\">\n<p data-start=\"2948\" data-end=\"2986\"><strong data-start=\"2948\" data-end=\"2957\">V\u00e6gt:<\/strong> 1 kg (inklusive batterier)<\/p>\n<\/li>\n<li data-start=\"2987\" data-end=\"3012\">\n<p data-start=\"2989\" data-end=\"3012\"><strong data-start=\"2989\" data-end=\"3002\">Frekvens:<\/strong> 868 MHz<\/p>\n<\/li>\n<li data-start=\"3013\" data-end=\"3062\">\n<p data-start=\"3015\" data-end=\"3062\"><strong data-start=\"3015\" data-end=\"3030\">Batteri type:<\/strong> 5 x CR123, 3V litiumbatterier<\/p>\n<\/li>\n<li data-start=\"3063\" data-end=\"3111\">\n<p data-start=\"3065\" data-end=\"3111\"><strong data-start=\"3065\" data-end=\"3084\">Sikkerhedsklasse:<\/strong> Klasse IV til udend\u00f8rs brug<\/p>\n<\/li>\n<li data-start=\"3112\" data-end=\"3153\">\n<p data-start=\"3114\" data-end=\"3153\"><strong data-start=\"3114\" data-end=\"3137\">Opbevaringstemperatur:<\/strong> -20\u00b0C til 60\u00b0C<\/p>\n<\/li>\n<\/ul>\n<p data-start=\"3155\" data-end=\"3437\">Risco LUMIN8 RWS401 er den perfekte l\u00f8sning til sikkerhed i udend\u00f8rsmilj\u00f8er og tilbyder b\u00e5de h\u00f8jt lydniveau og synlig advarsel i tilf\u00e6lde af alarm.<\/p>\n<p data-start=\"3155\" data-end=\"3437\">Med sin tovejs tr\u00e5dl\u00f8se kommunikation og nemme installation er denne sirene b\u00e5de fleksibel og p\u00e5lidelig til alle typer sikkerhedsinstallationer.<\/p>","protected":false},"excerpt":{"rendered":"<p>Risco LUMIN8 RWS401 er en tr\u00e5dl\u00f8s, batteridrevet udend\u00f8rs sirene med et lydniveau p\u00e5 105 dB og et strobelys for h\u00f8j synlighed.<\/p>\n<p>Den er designet til Agility WiComm Pro og er perfekt til hurtig og fleksibel installation i ethvert udend\u00f8rsmilj\u00f8.<\/p>","protected":false},"featured_media":145316,"template":"","meta":{"_acf_changed":false},"product_brand":[],"product_cat":[2731,3190],"product_tag":[3152,2266,2262,2420,3070],"class_list":{"0":"post-57365","1":"product","2":"type-product","3":"status-publish","4":"has-post-thumbnail","6":"product_cat-risco-larm","7":"product_cat-sirener-risco-larm","8":"product_tag-cr123-tillbehor","9":"product_tag-larmdon-blixtljus-blixtljus-i-samma-enhet","10":"product_tag-larmdon-siren-utomhus","11":"product_tag-rel-larmdonblixt","12":"product_tag-wicomm-pro-siren","13":"product_shipping_class-postnord-varubrev","14":"pa_brands-4risco","15":"pa_risco-produkter-agility-3","16":"pa_risco-produkter-agility-4","17":"pa_wicomm-pro-kategorier-sinerer","18":"tm-no-options","20":"first","21":"instock","22":"sale","23":"featured","24":"taxable","25":"shipping-taxable","26":"purchasable","27":"product-type-simple"},"acf":[],"_links":{"self":[{"href":"https:\/\/secureus.se\/dk\/wp-json\/wp\/v2\/product\/57365","targetHints":{"allow":["GET"]}}],"collection":[{"href":"https:\/\/secureus.se\/dk\/wp-json\/wp\/v2\/product"}],"about":[{"href":"https:\/\/secureus.se\/dk\/wp-json\/wp\/v2\/types\/product"}],"wp:featuredmedia":[{"embeddable":true,"href":"https:\/\/secureus.se\/dk\/wp-json\/wp\/v2\/media\/145316"}],"wp:attachment":[{"href":"https:\/\/secureus.se\/dk\/wp-json\/wp\/v2\/media?parent=57365"}],"wp:term":[{"taxonomy":"product_brand","embeddable":true,"href":"https:\/\/secureus.se\/dk\/wp-json\/wp\/v2\/product_brand?post=57365"},{"taxonomy":"product_cat","embeddable":true,"href":"https:\/\/secureus.se\/dk\/wp-json\/wp\/v2\/product_cat?post=57365"},{"taxonomy":"product_tag","embeddable":true,"href":"https:\/\/secureus.se\/dk\/wp-json\/wp\/v2\/product_tag?post=57365"}],"curies":[{"name":"wp","href":"https:\/\/api.w.org\/{rel}","templated":true}]}}