{"id":57367,"date":"2022-03-10T15:15:00","date_gmt":"2022-03-10T14:15:00","guid":{"rendered":"https:\/\/secureus.se\/produkt\/1-vags-2-vags-tradlos-piccolo-pet-pir-detektor-agililty3-4-och-wicomm-pro\/"},"modified":"2025-12-31T19:38:49","modified_gmt":"2025-12-31T18:38:49","slug":"risco-piccolo-2-vags-rorelsedetektor-med-husdjursfunktion","status":"publish","type":"product","link":"https:\/\/secureus.se\/dk\/risco-piccolo-2-vags-rorelsedetektor-med-husdjursfunktion\/","title":{"rendered":"Risco Piccolo 2-vejs bev\u00e6gelsesdetektor med k\u00e6ledyrsfunktion"},"content":{"rendered":"<h1>Risco 2-vejs bev\u00e6gelsesdetektor Piccolo med k\u00e6ledyrsfunktion<\/h1>\n<div class=\"field field-name-field-product-description field-type-text-long field-label-hidden\">\n<div class=\"field-items\">\n<p data-start=\"518\" data-end=\"881\">Risco Piccolo 2-vejs bev\u00e6gelsesdetektoren med k\u00e6ledyrsfunktion (model RWX96P86800A) er en kompakt og effektiv bev\u00e6gelsesdetektor, der tilbyder p\u00e5lidelig sikkerhed til b\u00e5de sm\u00e5 og store rum.<\/p>\n<p data-start=\"518\" data-end=\"881\">Med en r\u00e6kkevidde p\u00e5 op til 8 meter og en k\u00e6ledyrsvenlig funktion, der g\u00f8r det muligt at ignorere k\u00e6ledyr p\u00e5 op til 36 kg, er Piccolo perfekt til b\u00e5de hjem og sm\u00e5 kontorer.<\/p>\n<p data-start=\"883\" data-end=\"1216\">Detektoren er udstyret med en PIR-sensor med to elementer, der giver h\u00f8j detektionskapacitet og lav f\u00f8lsomhed over for falske alarmer, hvilket g\u00f8r den til en ideel l\u00f8sning til hjem med k\u00e6ledyr eller hvor det er vigtigt at undg\u00e5 falske alarmer.<\/p>\n<p data-start=\"883\" data-end=\"1216\">Det innovative og elegante design g\u00f8r den ogs\u00e5 til en diskret og moderne del af dit interi\u00f8r.<\/p>\n<p data-start=\"1218\" data-end=\"1590\">Piccolo er nem at installere og vedligeholde takket v\u00e6re dens tr\u00e5dl\u00f8se 2-vejskommunikation og fjernprogrammering. Detektoren er kompatibel med RISCOs tr\u00e5dl\u00f8se og hybride systemer, herunder Agility\u21224 (fra version 5.17), WiComm Pro og LightSYS+.<\/p>\n<p data-start=\"1218\" data-end=\"1590\">Den underst\u00f8tter ogs\u00e5 b\u00e5de 1-vejs og 2-vejs kommunikation, hvilket g\u00f8r den fleksibel og kompatibel med forskellige systemkonfigurationer.<\/p>\n<p data-start=\"1592\" data-end=\"1777\">For at forenkle vedligeholdelsen har Piccolo en magnetisk holder, der g\u00f8r det nemt at skifte batteri, og batteriudskiftning kan udf\u00f8res af brugeren, hvis installat\u00f8ren har aktiveret denne funktion.<\/p>\n<p data-start=\"1779\" data-end=\"1809\"><strong data-start=\"1779\" data-end=\"1807\">Hovedfunktioner:<\/strong><\/p>\n<ul data-start=\"1810\" data-end=\"2457\">\n<li data-start=\"1810\" data-end=\"1835\">\n<p data-start=\"1812\" data-end=\"1835\"><strong data-start=\"1812\" data-end=\"1825\">Omfang:<\/strong> 8 meter<\/p>\n<\/li>\n<li data-start=\"1836\" data-end=\"1892\">\n<p data-start=\"1838\" data-end=\"1892\"><strong data-start=\"1838\" data-end=\"1857\">K\u00e6ledyrsvenlig:<\/strong> Ignorerer k\u00e6ledyr op til 36 kg<\/p>\n<\/li>\n<li data-start=\"1893\" data-end=\"1967\">\n<p data-start=\"1895\" data-end=\"1967\"><strong data-start=\"1895\" data-end=\"1913\">Meddelelse:<\/strong> Underst\u00f8tter b\u00e5de 1-vejs og 2-vejs tr\u00e5dl\u00f8s kommunikation<\/p>\n<\/li>\n<li data-start=\"1968\" data-end=\"2030\">\n<p data-start=\"1970\" data-end=\"2030\"><strong data-start=\"1970\" data-end=\"1981\">Design:<\/strong> Kompakt og moderne, velegnet til b\u00e5de hjem og kontor<\/p>\n<\/li>\n<li data-start=\"2031\" data-end=\"2121\">\n<p data-start=\"2033\" data-end=\"2121\"><strong data-start=\"2033\" data-end=\"2051\">H\u00f8j ydeevne:<\/strong> Udstyret med PIR-sensor med to elementer og digital signalbehandling<\/p>\n<\/li>\n<li data-start=\"2122\" data-end=\"2207\">\n<p data-start=\"2124\" data-end=\"2207\"><strong data-start=\"2124\" data-end=\"2151\">Temperaturkompensation:<\/strong> For maksimal detektion og h\u00f8j immunitet over for falske alarmer<\/p>\n<\/li>\n<li data-start=\"2208\" data-end=\"2289\">\n<p data-start=\"2210\" data-end=\"2289\"><strong data-start=\"2210\" data-end=\"2247\">Nem installation og vedligeholdelse:<\/strong> Magnetisk holder til nem batteriudskiftning<\/p>\n<\/li>\n<li data-start=\"2290\" data-end=\"2366\">\n<p data-start=\"2292\" data-end=\"2366\"><strong data-start=\"2292\" data-end=\"2311\">Kompatibilitet:<\/strong> Agility\u21224 (fra version 5.17), WiComm Pro, LightSYS+<\/p>\n<\/li>\n<li data-start=\"2367\" data-end=\"2411\">\n<p data-start=\"2369\" data-end=\"2411\"><strong data-start=\"2369\" data-end=\"2381\">Batteri:<\/strong> 1 x CR123A, lang batterilevetid<\/p>\n<\/li>\n<li data-start=\"2412\" data-end=\"2457\">\n<p data-start=\"2414\" data-end=\"2457\"><strong data-start=\"2414\" data-end=\"2444\">Leverand\u00f8rens artikelnummer:<\/strong> RWX96P86800A<\/p>\n<\/li>\n<\/ul>\n<p data-start=\"2459\" data-end=\"2490\"><strong data-start=\"2459\" data-end=\"2488\">Tekniske specifikationer:<\/strong><\/p>\n<ul data-start=\"2491\" data-end=\"2792\">\n<li data-start=\"2491\" data-end=\"2516\">\n<p data-start=\"2493\" data-end=\"2516\"><strong data-start=\"2493\" data-end=\"2506\">Frekvens:<\/strong> 868 MHz<\/p>\n<\/li>\n<li data-start=\"2517\" data-end=\"2550\">\n<p data-start=\"2519\" data-end=\"2550\"><strong data-start=\"2519\" data-end=\"2540\">Registreringsomr\u00e5de:<\/strong> 8 meter<\/p>\n<\/li>\n<li data-start=\"2551\" data-end=\"2591\">\n<p data-start=\"2553\" data-end=\"2591\"><strong data-start=\"2553\" data-end=\"2572\">Monteringsh\u00f8jde:<\/strong> 2,2 m til 2,5 m<\/p>\n<\/li>\n<li data-start=\"2592\" data-end=\"2622\">\n<p data-start=\"2594\" data-end=\"2622\"><strong data-start=\"2594\" data-end=\"2609\">Batteri type:<\/strong> 1 x CR123A<\/p>\n<\/li>\n<li data-start=\"2623\" data-end=\"2661\">\n<p data-start=\"2625\" data-end=\"2661\"><strong data-start=\"2625\" data-end=\"2646\">Str\u00f8mforbrug:<\/strong> 12mA standby<\/p>\n<\/li>\n<li data-start=\"2662\" data-end=\"2707\">\n<p data-start=\"2664\" data-end=\"2707\"><strong data-start=\"2664\" data-end=\"2688\">Temperaturomr\u00e5de:<\/strong> -10\u00b0C til +40\u00b0C<\/p>\n<\/li>\n<li data-start=\"2708\" data-end=\"2745\">\n<p data-start=\"2710\" data-end=\"2745\"><strong data-start=\"2710\" data-end=\"2726\">Dimensioner:<\/strong> 120 x 60 x 60 mm<\/p>\n<\/li>\n<li data-start=\"2746\" data-end=\"2765\">\n<p data-start=\"2748\" data-end=\"2765\"><strong data-start=\"2748\" data-end=\"2757\">V\u00e6gt:<\/strong> 100 g<\/p>\n<\/li>\n<li data-start=\"2766\" data-end=\"2792\">\n<p data-start=\"2768\" data-end=\"2792\"><strong data-start=\"2768\" data-end=\"2785\">IP-klassificering:<\/strong> IP44<\/p>\n<\/li>\n<\/ul>\n<p data-start=\"2794\" data-end=\"3067\">Denne Piccolo-bev\u00e6gelsesdetektor er den perfekte l\u00f8sning for brugere, der leder efter en sikker og p\u00e5lidelig tr\u00e5dl\u00f8s detektor, der ogs\u00e5 tager hensyn til k\u00e6ledyr i hjemmet.<\/p>\n<p data-start=\"2794\" data-end=\"3067\">Med sine avancerede funktioner og nemme installation er den en fremragende komponent i ethvert RISCO-sikkerhedssystem.<\/p>\n<p><a href=\"https:\/\/www.riscogroup.com\/products\/product\/52708\" target=\"_blank\" rel=\"noopener\">Her kan du l\u00e6se mere om WiCom Pro p\u00e5 Risco Groups hjemmeside\u00a0<\/a><\/p>\n<p><iframe title=\"Wicomm Smart Hub US\" width=\"1170\" height=\"658\" src=\"https:\/\/www.youtube.com\/embed\/5PHoH2dRjEs?feature=oembed\" frameborder=\"0\" allow=\"accelerometer; autoplay; clipboard-write; encrypted-media; gyroscope; picture-in-picture; web-share\" referrerpolicy=\"strict-origin-when-cross-origin\" allowfullscreen><\/iframe><\/p>\n<\/div>\n<\/div>\n<div class=\"field field-name-field-product-description field-type-text-long field-label-hidden\">\n<div class=\"field-items\">\n<div class=\"field-item even\">\n<p>&nbsp;<\/p>\n<\/div>\n<\/div>\n<\/div>","protected":false},"excerpt":{"rendered":"<p>Risco Piccolo 2-vejs bev\u00e6gelsesdetektoren med k\u00e6ledyrsfunktion er en lille og kompakt PIR-sensor med en r\u00e6kkevidde p\u00e5 8 meter.<\/p>\n<p>Den er ideel til brug i hjem og sm\u00e5 kontorer og er kompatibel med b\u00e5de 1-vejs og 2-vejs tr\u00e5dl\u00f8se systemer.<\/p>\n<p>K\u00e6ledyrsfunktionen g\u00f8r det muligt at bruge den uden at blive p\u00e5virket af k\u00e6ledyr p\u00e5 op til 36 kg.<\/p>","protected":false},"featured_media":145327,"template":"","meta":{"_acf_changed":false},"product_brand":[],"product_cat":[3188,2731],"product_tag":[3152],"class_list":{"0":"post-57367","1":"product","2":"type-product","3":"status-publish","4":"has-post-thumbnail","6":"product_cat-larmenheter-risco-larm","7":"product_cat-risco-larm","8":"product_tag-cr123-tillbehor","9":"product_shipping_class-postnord-varubrev","10":"pa_brands-4risco","11":"pa_risco-produkter-agility-3","12":"pa_risco-produkter-agility-4","13":"pa_wicomm-pro-kategorier-rorelsedetektor","14":"tm-no-options","16":"first","17":"instock","18":"sale","19":"featured","20":"taxable","21":"shipping-taxable","22":"purchasable","23":"product-type-simple"},"acf":[],"_links":{"self":[{"href":"https:\/\/secureus.se\/dk\/wp-json\/wp\/v2\/product\/57367","targetHints":{"allow":["GET"]}}],"collection":[{"href":"https:\/\/secureus.se\/dk\/wp-json\/wp\/v2\/product"}],"about":[{"href":"https:\/\/secureus.se\/dk\/wp-json\/wp\/v2\/types\/product"}],"wp:featuredmedia":[{"embeddable":true,"href":"https:\/\/secureus.se\/dk\/wp-json\/wp\/v2\/media\/145327"}],"wp:attachment":[{"href":"https:\/\/secureus.se\/dk\/wp-json\/wp\/v2\/media?parent=57367"}],"wp:term":[{"taxonomy":"product_brand","embeddable":true,"href":"https:\/\/secureus.se\/dk\/wp-json\/wp\/v2\/product_brand?post=57367"},{"taxonomy":"product_cat","embeddable":true,"href":"https:\/\/secureus.se\/dk\/wp-json\/wp\/v2\/product_cat?post=57367"},{"taxonomy":"product_tag","embeddable":true,"href":"https:\/\/secureus.se\/dk\/wp-json\/wp\/v2\/product_tag?post=57367"}],"curies":[{"name":"wp","href":"https:\/\/api.w.org\/{rel}","templated":true}]}}