{"id":57370,"date":"2022-03-10T15:15:00","date_gmt":"2022-03-10T14:15:00","guid":{"rendered":"https:\/\/secureus.se\/produkt\/2-way-wireless-repeater-868-869mhz\/"},"modified":"2025-12-31T19:39:09","modified_gmt":"2025-12-31T18:39:09","slug":"risco-2-vags-signalforstarkare","status":"publish","type":"product","link":"https:\/\/secureus.se\/dk\/risco-2-vags-signalforstarkare\/","title":{"rendered":"Risco 2-vejs signalforst\u00e6rker \u2013 LightSYS, WiComm Pro, Agility"},"content":{"rendered":"<div>\n<h1 class=\"tw-data-text tw-text-large tw-ta\" dir=\"ltr\" data-placeholder=\"\u00d6vers\u00e4ttning\" data-ved=\"2ahUKEwiA7fbX8b6DAxWmTaQEHfTSAXMQ3ewLegQIBRAQ\"><span class=\"Y2IQFc\" lang=\"sv\">Risco 2-vejs signalforst\u00e6rker<\/span><\/h1>\n<p data-start=\"536\" data-end=\"922\">Risco 2-vejs signalforst\u00e6rkerrepeater WiComm Pro er en kraftfuld l\u00f8sning til at forst\u00e6rke signalet i dit tr\u00e5dl\u00f8se sikkerhedssystem og sikre, at alle enheder fungerer effektivt over st\u00f8rre afstande.<\/p>\n<p data-start=\"536\" data-end=\"922\">Denne repeater, der opererer ved 868 MHz, er designet til brug med tovejskompatible enheder og er perfekt til at forbedre d\u00e6kningen i b\u00e5de sm\u00e5 og store installationer.<\/p>\n<p data-start=\"924\" data-end=\"1404\">Med en r\u00e6kkevidde p\u00e5 op til 300 meter i \u00e5bent felt kan WiComm Pro Repeater underst\u00f8tte op til 32 tovejsdetektorer, herunder 8 fotodetektorer, 3 sirener, 3 tastaturer og op til 16 tovejs fjernbetjeninger (maks. 8 fjernbetjeninger underst\u00f8ttes af Agility og WiComm Pro).<\/p>\n<p data-start=\"924\" data-end=\"1404\">Det maksimale antal repeatere, der kan tilsluttes pr. kontrolpanel, er 4, hvilket giver dig mulighed for at udvide r\u00e6kkevidden af dit sikkerhedssystem og sikre stabil og p\u00e5lidelig kommunikation mellem alle enheder.<\/p>\n<p data-start=\"1406\" data-end=\"1789\">Repeateren er ideel til b\u00e5de private og erhvervsm\u00e6ssige installationer, hvor signalet skal forst\u00e6rkes for at n\u00e5 l\u00e6ngere afstande eller gennem forhindringer, der kan blokere tr\u00e5dl\u00f8se signaler.<\/p>\n<p data-start=\"1406\" data-end=\"1789\">Derudover kan fjernbetjeninger bruges p\u00e5 alle repeatere, og alle enheder vises live p\u00e5 kontrolpanelet, hvilket g\u00f8r det nemt at overv\u00e5ge og styre dit system fra ethvert sted.<\/p>\n<p data-start=\"1791\" data-end=\"1995\">For at installere og bruge Repeater WiComm Pro kr\u00e6ves firmware version 5.62 og et Panda Wireless Keypad version D (RW332KPP800), hvilket garanterer, at repeateren fungerer optimalt i dit system.<\/p>\n<p data-start=\"1997\" data-end=\"2027\"><strong data-start=\"1997\" data-end=\"2025\">Hovedfunktioner:<\/strong><\/p>\n<ul data-start=\"2028\" data-end=\"2713\">\n<li data-start=\"2028\" data-end=\"2077\">\n<p data-start=\"2030\" data-end=\"2077\"><strong data-start=\"2030\" data-end=\"2043\">Omfang:<\/strong> Op til 300 meter i \u00e5bent felt<\/p>\n<\/li>\n<li data-start=\"2078\" data-end=\"2151\">\n<p data-start=\"2080\" data-end=\"2151\"><strong data-start=\"2080\" data-end=\"2099\">Kompatibilitet:<\/strong> Brug med Agility og WiComm Pro V5.62 og nyere<\/p>\n<\/li>\n<li data-start=\"2152\" data-end=\"2272\">\n<p data-start=\"2154\" data-end=\"2272\"><strong data-start=\"2154\" data-end=\"2176\">Maksimalt antal enheder:<\/strong> Underst\u00f8tter op til 32 tovejsdetektorer, 3 sirener, 3 tastaturer og 16 tovejs fjernbetjeninger<\/p>\n<\/li>\n<li data-start=\"2273\" data-end=\"2335\">\n<p data-start=\"2275\" data-end=\"2335\"><strong data-start=\"2275\" data-end=\"2301\">Maks. antal repeatere:<\/strong> 4 repeatere pr. kontrolpanel<\/p>\n<\/li>\n<li data-start=\"2336\" data-end=\"2439\">\n<p data-start=\"2338\" data-end=\"2439\"><strong data-start=\"2338\" data-end=\"2358\">Fjernbetjeninger:<\/strong> Fjernbetjeninger fungerer p\u00e5 alle repeatere og vises live p\u00e5 kontrolpanelet<\/p>\n<\/li>\n<li data-start=\"2440\" data-end=\"2506\">\n<p data-start=\"2442\" data-end=\"2506\"><strong data-start=\"2442\" data-end=\"2463\">Str\u00f8mforsyning:<\/strong> Leveres med genopladeligt reservebatteri<\/p>\n<\/li>\n<li data-start=\"2507\" data-end=\"2606\">\n<p data-start=\"2509\" data-end=\"2606\"><strong data-start=\"2509\" data-end=\"2531\">Installationskrav:<\/strong> Firmwareversion 5.62 og Panda tr\u00e5dl\u00f8st tastatur version D (RW332KPP800)<\/p>\n<\/li>\n<li data-start=\"2607\" data-end=\"2713\">\n<p data-start=\"2609\" data-end=\"2713\"><strong data-start=\"2609\" data-end=\"2637\">Forbedret signalstyrke:<\/strong> Forbedrer r\u00e6kkevidden og stabiliteten af tr\u00e5dl\u00f8se enheder i systemet<\/p>\n<\/li>\n<\/ul>\n<p data-start=\"2715\" data-end=\"2746\"><strong data-start=\"2715\" data-end=\"2744\">Tekniske specifikationer:<\/strong><\/p>\n<ul data-start=\"2747\" data-end=\"3179\">\n<li data-start=\"2747\" data-end=\"2776\">\n<p data-start=\"2749\" data-end=\"2776\"><strong data-start=\"2749\" data-end=\"2762\">Frekvens:<\/strong> 868\/869 MHz<\/p>\n<\/li>\n<li data-start=\"2777\" data-end=\"2817\">\n<p data-start=\"2779\" data-end=\"2817\"><strong data-start=\"2779\" data-end=\"2792\">Omfang:<\/strong> 300 meter i \u00e5bent felt<\/p>\n<\/li>\n<li data-start=\"2818\" data-end=\"2889\">\n<p data-start=\"2820\" data-end=\"2889\"><strong data-start=\"2820\" data-end=\"2839\">Kompatibilitet:<\/strong> Agility og WiComm Pro (version 5.62 og nyere)<\/p>\n<\/li>\n<li data-start=\"2890\" data-end=\"2989\">\n<p data-start=\"2892\" data-end=\"2989\"><strong data-start=\"2892\" data-end=\"2927\">Maks. antal enheder pr. repeater:<\/strong> 32 detektorer, 3 sirener, 3 tastaturer, 16 fjernbetjeninger<\/p>\n<\/li>\n<li data-start=\"2990\" data-end=\"3040\">\n<p data-start=\"2992\" data-end=\"3040\"><strong data-start=\"2992\" data-end=\"3032\">Antal repeatere pr. central:<\/strong> Maksimum 4<\/p>\n<\/li>\n<li data-start=\"3041\" data-end=\"3094\">\n<p data-start=\"3043\" data-end=\"3094\"><strong data-start=\"3043\" data-end=\"3055\">Batteri:<\/strong> Inkluderer genopladeligt ekstrabatteri<\/p>\n<\/li>\n<li data-start=\"3095\" data-end=\"3179\">\n<p data-start=\"3097\" data-end=\"3179\"><strong data-start=\"3097\" data-end=\"3119\">Installationskrav:<\/strong> Firmwareversion 5.62 og Panda tr\u00e5dl\u00f8st tastatur version D<\/p>\n<\/li>\n<\/ul>\n<p data-start=\"3181\" data-end=\"3435\">Risco 2-vejs signalforst\u00e6rkerrepeater WiComm Pro er et fremragende valg til at sikre, at dit tr\u00e5dl\u00f8se sikkerhedssystem fungerer med sin h\u00f8jeste kapacitet, is\u00e6r n\u00e5r du har brug for at \u00f8ge r\u00e6kkevidden eller forst\u00e6rke signalet for at d\u00e6kke et st\u00f8rre omr\u00e5de.<\/p>\n<p><a href=\"https:\/\/www.riscogroup.com\/products\/product\/52708\" target=\"_blank\" rel=\"noopener\">Her kan du l\u00e6se mere om WiCom Pro p\u00e5 Risco Groups hjemmeside\u00a0<\/a><\/p>\n<p><iframe title=\"Wicomm Smart Hub US\" width=\"1170\" height=\"658\" src=\"https:\/\/www.youtube.com\/embed\/5PHoH2dRjEs?feature=oembed\" frameborder=\"0\" allow=\"accelerometer; autoplay; clipboard-write; encrypted-media; gyroscope; picture-in-picture; web-share\" referrerpolicy=\"strict-origin-when-cross-origin\" allowfullscreen><\/iframe><\/p>\n<p>&nbsp;<\/p>\n<\/div>","protected":false},"excerpt":{"rendered":"<p>Risco 2-vejs signalforst\u00e6rkerrepeater WiComm Pro er en tr\u00e5dl\u00f8s repeater, der underst\u00f8tter op til 32 tovejsdetektorer, 3 sirener, 3 tastaturer og 16 tovejs fjernbetjeninger.<\/p>\n<p>Med en r\u00e6kkevidde p\u00e5 300 meter i \u00e5bent felt forbedrer denne repeater signalstyrken p\u00e5 WiComm Pro- og Agility-systemer og g\u00f8r installationen af tr\u00e5dl\u00f8se sikkerhedskomponenter endnu nemmere.<\/p>","protected":false},"featured_media":145664,"template":"","meta":{"_acf_changed":false},"product_brand":[],"product_cat":[2731,3188,4671],"product_tag":[2426],"class_list":{"0":"post-57370","1":"product","2":"type-product","3":"status-publish","4":"has-post-thumbnail","6":"product_cat-risco-larm","7":"product_cat-larmenheter-risco-larm","8":"product_cat-signalforstarkare","9":"product_tag-rel-risco","10":"product_shipping_class-postnord-varubrev","11":"pa_brands-4risco","12":"pa_wicomm-pro-kategorier-repeater","13":"tm-no-options","15":"first","16":"instock","17":"sale","18":"featured","19":"taxable","20":"shipping-taxable","21":"purchasable","22":"product-type-simple"},"acf":[],"_links":{"self":[{"href":"https:\/\/secureus.se\/dk\/wp-json\/wp\/v2\/product\/57370","targetHints":{"allow":["GET"]}}],"collection":[{"href":"https:\/\/secureus.se\/dk\/wp-json\/wp\/v2\/product"}],"about":[{"href":"https:\/\/secureus.se\/dk\/wp-json\/wp\/v2\/types\/product"}],"wp:featuredmedia":[{"embeddable":true,"href":"https:\/\/secureus.se\/dk\/wp-json\/wp\/v2\/media\/145664"}],"wp:attachment":[{"href":"https:\/\/secureus.se\/dk\/wp-json\/wp\/v2\/media?parent=57370"}],"wp:term":[{"taxonomy":"product_brand","embeddable":true,"href":"https:\/\/secureus.se\/dk\/wp-json\/wp\/v2\/product_brand?post=57370"},{"taxonomy":"product_cat","embeddable":true,"href":"https:\/\/secureus.se\/dk\/wp-json\/wp\/v2\/product_cat?post=57370"},{"taxonomy":"product_tag","embeddable":true,"href":"https:\/\/secureus.se\/dk\/wp-json\/wp\/v2\/product_tag?post=57370"}],"curies":[{"name":"wp","href":"https:\/\/api.w.org\/{rel}","templated":true}]}}