{"id":57371,"date":"2022-03-10T15:15:00","date_gmt":"2022-03-10T14:15:00","guid":{"rendered":"https:\/\/secureus.se\/produkt\/wicomm-pro-plug-in-4g-gsm-gprs-module\/"},"modified":"2026-02-12T10:43:19","modified_gmt":"2026-02-12T09:43:19","slug":"4g-modul-wicomm-pro","status":"publish","type":"product","link":"https:\/\/secureus.se\/dk\/4g-modul-wicomm-pro\/","title":{"rendered":"Risco 4G-modul - WiComm Pro"},"content":{"rendered":"<h1>4G-modul WiComm Pro - Risco<\/h1>\n<p data-start=\"473\" data-end=\"817\">Risco 4G-modulet WiComm Pro (mod. RW332G400EUA) er en effektiv l\u00f8sning til at sikre kommunikation i sikkerhedssystemer.<\/p>\n<p data-start=\"473\" data-end=\"817\">Den fungerer som et internt plug-in-modul, der nemt integreres i dit WiComm Pro-system, s\u00e5 systemet kan kommunikere via 4G GSM\/GPRS-netv\u00e6rket for p\u00e5lidelig og hurtig transmission af alarmer og statusoplysninger.<\/p>\n<p data-start=\"819\" data-end=\"1157\">Dette modul kan programmeres som b\u00e5de hoved- eller backupkommunikation.<\/p>\n<p data-start=\"819\" data-end=\"1157\">Hvis det prim\u00e6re IP-netv\u00e6rk oplever problemer eller g\u00e5r ned, kan 4G-modulet overtage og sikre, at sikkerhedssystemet forts\u00e6tter med at fungere korrekt.<\/p>\n<p data-start=\"819\" data-end=\"1157\">Dette giver brugerne ekstra sikkerhed og g\u00f8r sikkerhedsl\u00f8sningen mere robust og p\u00e5lidelig.<\/p>\n<p data-start=\"1159\" data-end=\"1501\">4G-modulet muligg\u00f8r ogs\u00e5 kommunikation med Risco Cloud, hvilket g\u00f8r det muligt at forbinde systemet til smartphones, tablets og computere for fjernoverv\u00e5gning og -styring.<\/p>\n<p data-start=\"1159\" data-end=\"1501\">Gennem Risco Cloud kan brugerne modtage advarsler, information om systemstatus og fjernprogrammering, hvilket g\u00f8r det muligt at administrere systemet n\u00e6sten hvor som helst.<\/p>\n<p data-start=\"1503\" data-end=\"1923\">I tilf\u00e6lde af alarm kan advarsler sendes og modtages via klassiske protokoller som SIA, Contact ID eller SIA IP, og brugerne modtager alarmnotifikationer via SMS, hvilket g\u00f8r det muligt hurtigt at reagere p\u00e5 eventuelle h\u00e6ndelser.<\/p>\n<p data-start=\"1503\" data-end=\"1923\">Derudover muligg\u00f8r modulet fjernprogrammering og vedligeholdelse af installationer via Risco Cloud-tjenester, hvilket giver teknikere mulighed for at udf\u00f8re opdateringer og fejlfinding uden at skulle v\u00e6re p\u00e5 stedet.<\/p>\n<p data-start=\"1925\" data-end=\"2126\">Modulet leveres med en PCB-antenne i plastikkabinet og er designet til at v\u00e6re nem at installere og konfigurere, hvilket g\u00f8r det til en praktisk l\u00f8sning for alle WiComm Pro-systembrugere.<\/p>\n<p data-start=\"2128\" data-end=\"2158\"><strong data-start=\"2128\" data-end=\"2156\">Hovedfunktioner:<\/strong><\/p>\n<ul data-start=\"2159\" data-end=\"3057\">\n<li data-start=\"2159\" data-end=\"2272\">\n<p data-start=\"2161\" data-end=\"2272\"><strong data-start=\"2161\" data-end=\"2198\">Prim\u00e6r eller backupkommunikation:<\/strong> Kan bruges som prim\u00e6r kommunikation eller som backup i tilf\u00e6lde af IP-netv\u00e6rksfejl<\/p>\n<\/li>\n<li data-start=\"2273\" data-end=\"2392\">\n<p data-start=\"2275\" data-end=\"2392\"><strong data-start=\"2275\" data-end=\"2317\">Kommunikation via 4G GSM\/GPRS-netv\u00e6rk:<\/strong> Sikrer hurtig og p\u00e5lidelig transmission af alarmer og statusoplysninger<\/p>\n<\/li>\n<li data-start=\"2393\" data-end=\"2521\">\n<p data-start=\"2395\" data-end=\"2521\"><strong data-start=\"2395\" data-end=\"2422\">Risco Cloud-kompatibel:<\/strong> Muligg\u00f8r forbindelse til smartphones, tablets og computere for fjernoverv\u00e5gning og -styring<\/p>\n<\/li>\n<li data-start=\"2522\" data-end=\"2656\">\n<p data-start=\"2524\" data-end=\"2656\"><strong data-start=\"2524\" data-end=\"2542\">Protokolunderst\u00f8ttelse:<\/strong> Underst\u00f8tter klassiske protokoller som SIA, Contact ID og SIA IP til at sende advarsler til eksterne overv\u00e5gningscentre<\/p>\n<\/li>\n<li data-start=\"2657\" data-end=\"2735\">\n<p data-start=\"2659\" data-end=\"2735\"><strong data-start=\"2659\" data-end=\"2677\">SMS-advarsler:<\/strong> Sender og modtager alarmer og systemstatus via SMS<\/p>\n<\/li>\n<li data-start=\"2736\" data-end=\"2857\">\n<p data-start=\"2738\" data-end=\"2857\"><strong data-start=\"2738\" data-end=\"2775\">Fjernprogrammering og vedligeholdelse:<\/strong> Muligg\u00f8r nem fjernprogrammering og systemvedligeholdelse via Risco Cloud-tjenester<\/p>\n<\/li>\n<li data-start=\"2858\" data-end=\"2930\">\n<p data-start=\"2860\" data-end=\"2930\"><strong data-start=\"2860\" data-end=\"2883\">Nem installation:<\/strong> Indstiksmodul med printkortantenne til plastikhus<\/p>\n<\/li>\n<li data-start=\"2931\" data-end=\"3057\">\n<p data-start=\"2933\" data-end=\"3057\"><strong data-start=\"2933\" data-end=\"2952\">Kompatibilitet:<\/strong> Bruges med WiComm Pro-systemer og er kompatibel med alle Risco-systemer, der underst\u00f8tter GSM\/GPRS-kommunikation<\/p>\n<\/li>\n<\/ul>\n<p data-start=\"3059\" data-end=\"3090\"><strong data-start=\"3059\" data-end=\"3088\">Tekniske specifikationer:<\/strong><\/p>\n<ul data-start=\"3091\" data-end=\"3528\">\n<li data-start=\"3091\" data-end=\"3134\">\n<p data-start=\"3093\" data-end=\"3134\"><strong data-start=\"3093\" data-end=\"3106\">Funktion:<\/strong> 4G GSM\/GPRS-kommunikation<\/p>\n<\/li>\n<li data-start=\"3135\" data-end=\"3177\">\n<p data-start=\"3137\" data-end=\"3177\"><strong data-start=\"3137\" data-end=\"3151\">Protokol:<\/strong> SIA, kontakt-ID, SIA IP<\/p>\n<\/li>\n<li data-start=\"3178\" data-end=\"3270\">\n<p data-start=\"3180\" data-end=\"3270\"><strong data-start=\"3180\" data-end=\"3199\">Kompatibilitet:<\/strong> WiComm Pro og andre Risco-systemer, der underst\u00f8tter GSM\/GPRS-kommunikation<\/p>\n<\/li>\n<li data-start=\"3271\" data-end=\"3353\">\n<p data-start=\"3273\" data-end=\"3353\"><strong data-start=\"3273\" data-end=\"3294\">Fjernoverv\u00e5gning:<\/strong> Via Risco Cloud til smartphones, tablets og computere<\/p>\n<\/li>\n<li data-start=\"3354\" data-end=\"3437\">\n<p data-start=\"3356\" data-end=\"3437\"><strong data-start=\"3356\" data-end=\"3377\">Str\u00f8mforsyning:<\/strong> Kr\u00e6ver ingen ekstern str\u00f8mforsyning (drevet af systemet)<\/p>\n<\/li>\n<li data-start=\"3438\" data-end=\"3480\">\n<p data-start=\"3440\" data-end=\"3480\"><strong data-start=\"3440\" data-end=\"3451\">Antenne:<\/strong> PCB-antenne til plastikhus<\/p>\n<\/li>\n<li data-start=\"3481\" data-end=\"3528\">\n<p data-start=\"3483\" data-end=\"3528\"><strong data-start=\"3483\" data-end=\"3513\">Leverand\u00f8rens artikelnummer:<\/strong> RW332G400EUA<\/p>\n<\/li>\n<\/ul>\n<p data-start=\"3530\" data-end=\"3713\">Risco 4G-modulet WiComm Pro er den perfekte l\u00f8sning til at sikre kontinuerlig kommunikation og overv\u00e5gning af dit sikkerhedssystem, selv i de mest udfordrende netv\u00e6rksmilj\u00f8er.<\/p>\n<p><a href=\"https:\/\/www.riscogroup.com\/\" target=\"_blank\" rel=\"noopener\"><strong><span class=\"ui-provider a b c d e f g h i j k l m n o p q r s t u v w x y z ab ac ae af ag ah ai aj ak\" dir=\"ltr\">Her kan du l\u00e6se mere om dette produkt:<\/span> 4G-modul WiComm Pro - Risco<\/strong><\/a><\/p>\n<p><a href=\"https:\/\/www.riscogroup.com\/products\/product\/52708\" target=\"_blank\" rel=\"noopener\">Her kan du l\u00e6se mere om WiCom Pro p\u00e5 Risco Groups hjemmeside\u00a0<\/a><\/p>\n<p><iframe title=\"Wicomm Smart Hub US\" width=\"1170\" height=\"658\" src=\"https:\/\/www.youtube.com\/embed\/5PHoH2dRjEs?feature=oembed\" frameborder=\"0\" allow=\"accelerometer; autoplay; clipboard-write; encrypted-media; gyroscope; picture-in-picture; web-share\" referrerpolicy=\"strict-origin-when-cross-origin\" allowfullscreen><\/iframe><\/p>","protected":false},"excerpt":{"rendered":"<p>Risco 4G-modulet WiComm Pro er et GSM\/GPRS-modul, der kan tilsluttes og muligg\u00f8r kommunikation via 4G-netv\u00e6rket for WiComm Pro-systemet.<\/p>\n<p>Den underst\u00f8tter flere IP-kommunikationskanaler og fungerer som b\u00e5de prim\u00e6r og backupkommunikation.<\/p>\n<p>Det er designet til at sikre, at systemet altid er forbundet, selvom IP-netv\u00e6rket svigter.<\/p>\n<p>&nbsp;<\/p>","protected":false},"featured_media":145666,"template":"","meta":{"_acf_changed":false},"product_brand":[],"product_cat":[2731,4879],"product_tag":[2426],"class_list":{"0":"post-57371","1":"product","2":"type-product","3":"status-publish","4":"has-post-thumbnail","6":"product_cat-risco-larm","7":"product_cat-wicomm-pro","8":"product_tag-rel-risco","9":"product_shipping_class-postnord-varubrev","10":"pa_brands-4risco","11":"pa_wicomm-pro-kategorier-gsm-ip-moduler","12":"tm-no-options","14":"first","15":"instock","16":"sale","17":"featured","18":"taxable","19":"shipping-taxable","20":"purchasable","21":"product-type-simple"},"acf":[],"_links":{"self":[{"href":"https:\/\/secureus.se\/dk\/wp-json\/wp\/v2\/product\/57371","targetHints":{"allow":["GET"]}}],"collection":[{"href":"https:\/\/secureus.se\/dk\/wp-json\/wp\/v2\/product"}],"about":[{"href":"https:\/\/secureus.se\/dk\/wp-json\/wp\/v2\/types\/product"}],"wp:featuredmedia":[{"embeddable":true,"href":"https:\/\/secureus.se\/dk\/wp-json\/wp\/v2\/media\/145666"}],"wp:attachment":[{"href":"https:\/\/secureus.se\/dk\/wp-json\/wp\/v2\/media?parent=57371"}],"wp:term":[{"taxonomy":"product_brand","embeddable":true,"href":"https:\/\/secureus.se\/dk\/wp-json\/wp\/v2\/product_brand?post=57371"},{"taxonomy":"product_cat","embeddable":true,"href":"https:\/\/secureus.se\/dk\/wp-json\/wp\/v2\/product_cat?post=57371"},{"taxonomy":"product_tag","embeddable":true,"href":"https:\/\/secureus.se\/dk\/wp-json\/wp\/v2\/product_tag?post=57371"}],"curies":[{"name":"wp","href":"https:\/\/api.w.org\/{rel}","templated":true}]}}