{"id":57373,"date":"2022-03-10T15:15:00","date_gmt":"2022-03-10T14:15:00","guid":{"rendered":"https:\/\/secureus.se\/produkt\/wifi-ip-modul-kommunikationsmodul-agility4-wicomm-pro\/"},"modified":"2026-02-12T10:44:17","modified_gmt":"2026-02-12T09:44:17","slug":"ip-modul-wicomm-pro-risco","status":"publish","type":"product","link":"https:\/\/secureus.se\/dk\/ip-modul-wicomm-pro-risco\/","title":{"rendered":"Risco IP\/Ethernet-modul - WiComm Pro"},"content":{"rendered":"<h1>IP-modul WiComm Pro Wifi kommunikationsmodul<\/h1>\n<p data-start=\"440\" data-end=\"748\">Risco IP-modul WiComm Pro (mod. RW332IP0000A) er et kraftfuldt og fleksibelt WiFi-kommunikationsmodul, der g\u00f8r det muligt for WiComm Pro-kontrolpanelet at kommunikere via TCP\/IP-netv\u00e6rk.<\/p>\n<p data-start=\"440\" data-end=\"748\">Dette plug-in-modul er designet til nemt at blive integreret i systemet, hvilket g\u00f8r installationen hurtig og problemfri.<\/p>\n<p data-start=\"750\" data-end=\"1115\">Dette IP-modul underst\u00f8tter flerkanalskommunikation og giver mulighed for b\u00e5de prim\u00e6r kommunikation og backupl\u00f8sninger til IP- eller PSTN-kommunikation.<\/p>\n<p data-start=\"750\" data-end=\"1115\">Hvis det prim\u00e6re kommunikationssystem (f.eks. IP eller PSTN) skulle svigte, overtager modulet og sikrer, at systemet forts\u00e6tter med at fungere uden afbrydelser, hvilket giver brugeren h\u00f8j sikkerhed og p\u00e5lidelighed.<\/p>\n<p data-start=\"1117\" data-end=\"1454\">En af de store fordele ved dette modul er, at det muligg\u00f8r fjernadgang til kontrolpanelet via Riscos konfigurationssoftware, hvilket giver brugere eller installat\u00f8rer mulighed for at administrere og konfigurere systemet eksternt.<\/p>\n<p data-start=\"1117\" data-end=\"1454\">Dette letter b\u00e5de installation og vedligeholdelse og reducerer behovet for fysiske bes\u00f8g p\u00e5 installationsstedet.<\/p>\n<p data-start=\"1456\" data-end=\"1674\">Risco IP-modulet WiComm Pro er kompatibelt med WiComm Pro-kontrolpanelet og er et fremragende valg for brugere, der \u00f8nsker at forbedre deres kommunikationsl\u00f8sning og opn\u00e5 st\u00f8rre fleksibilitet i styringen af deres sikkerhedssystem.<\/p>\n<p data-start=\"1676\" data-end=\"1706\"><strong data-start=\"1676\" data-end=\"1704\">Hovedfunktioner:<\/strong><\/p>\n<ul data-start=\"1707\" data-end=\"2292\">\n<li data-start=\"1707\" data-end=\"1793\">\n<p data-start=\"1709\" data-end=\"1793\"><strong data-start=\"1709\" data-end=\"1726\">Fjernadgang:<\/strong> Muligg\u00f8r fjernadgang til panelet via konfigurationsprogrammet<\/p>\n<\/li>\n<li data-start=\"1794\" data-end=\"1919\">\n<p data-start=\"1796\" data-end=\"1919\"><strong data-start=\"1796\" data-end=\"1834\">Prim\u00e6r eller backupkommunikation:<\/strong> Bruges som prim\u00e6r kommunikation eller som backup til IP- eller PSTN-kommunikation<\/p>\n<\/li>\n<li data-start=\"1920\" data-end=\"2009\">\n<p data-start=\"1922\" data-end=\"2009\"><strong data-start=\"1922\" data-end=\"1950\">Flerkanalskommunikation:<\/strong> Underst\u00f8ttelse af flerkanalskommunikation for fleksibel brug<\/p>\n<\/li>\n<li data-start=\"2010\" data-end=\"2102\">\n<p data-start=\"2012\" data-end=\"2102\"><strong data-start=\"2012\" data-end=\"2035\">Nem installation:<\/strong> Plug-in-modul, der tilsluttes direkte til WiComm Pro-kontrolpanelet<\/p>\n<\/li>\n<li data-start=\"2103\" data-end=\"2172\">\n<p data-start=\"2105\" data-end=\"2172\"><strong data-start=\"2105\" data-end=\"2124\">Kompatibilitet:<\/strong> Fungerer med WiComm Pro kontrolpanel Grad 2<\/p>\n<\/li>\n<li data-start=\"2173\" data-end=\"2292\">\n<p data-start=\"2175\" data-end=\"2292\"><strong data-start=\"2175\" data-end=\"2204\">Betjening via TCP\/IP-netv\u00e6rk:<\/strong> Muligg\u00f8r kommunikation via TCP\/IP-netv\u00e6rk for forbedret sikkerhed og p\u00e5lidelighed<\/p>\n<\/li>\n<\/ul>\n<p data-start=\"2294\" data-end=\"2325\"><strong data-start=\"2294\" data-end=\"2323\">Tekniske specifikationer:<\/strong><\/p>\n<ul data-start=\"2326\" data-end=\"2681\">\n<li data-start=\"2326\" data-end=\"2365\">\n<p data-start=\"2328\" data-end=\"2365\"><strong data-start=\"2328\" data-end=\"2356\">Kommunikationsprotokol:<\/strong> TCP\/IP<\/p>\n<\/li>\n<li data-start=\"2366\" data-end=\"2422\">\n<p data-start=\"2368\" data-end=\"2422\"><strong data-start=\"2368\" data-end=\"2387\">Kompatibilitet:<\/strong> WiComm Pro kontrolpanel klasse 2<\/p>\n<\/li>\n<li data-start=\"2423\" data-end=\"2477\">\n<p data-start=\"2425\" data-end=\"2477\"><strong data-start=\"2425\" data-end=\"2442\">Fjernadgang:<\/strong> Ja, via konfigurationsprogrammet<\/p>\n<\/li>\n<li data-start=\"2478\" data-end=\"2558\">\n<p data-start=\"2480\" data-end=\"2558\"><strong data-start=\"2480\" data-end=\"2499\">Backup-funktion:<\/strong> Kan bruges som backup til IP- eller PSTN-kommunikation<\/p>\n<\/li>\n<li data-start=\"2559\" data-end=\"2635\">\n<p data-start=\"2561\" data-end=\"2635\"><strong data-start=\"2561\" data-end=\"2578\">Installation:<\/strong> Plug-in, nem at installere direkte i kontrolpanelet<\/p>\n<\/li>\n<li data-start=\"2636\" data-end=\"2681\">\n<p data-start=\"2638\" data-end=\"2681\"><strong data-start=\"2638\" data-end=\"2668\">Leverand\u00f8rens artikelnummer:<\/strong> RW332IP0000A<\/p>\n<\/li>\n<\/ul>\n<p data-start=\"2683\" data-end=\"2939\">Risco IP-modulet WiComm Pro giver en p\u00e5lidelig og fleksibel m\u00e5de at administrere kommunikationen for dit sikkerhedssystem p\u00e5, og med sin evne til at tilbyde fjernadgang og backupl\u00f8sninger er det et fremragende valg for brugere, der leder efter en sikker og fleksibel l\u00f8sning.<\/p>\n<p><a href=\"https:\/\/www.riscogroup.com\/\" target=\"_blank\" rel=\"noopener\"><span style=\"text-decoration: underline\"><strong>Risco Group er f\u00f8rende inden for tr\u00e5dl\u00f8s sikkerhed \u2013 Her kan du l\u00e6se mere om Risco\u00a0<\/strong><\/span><\/a><\/p>","protected":false},"excerpt":{"rendered":"<p data-start=\"138\" data-end=\"406\">Risco IP-modul WiComm Pro er et plug-in WiFi-kommunikationsmodul, der muligg\u00f8r kommunikation via TCP\/IP-netv\u00e6rk.<\/p>\n<p data-start=\"138\" data-end=\"406\">Den er nem at installere, tilsluttes direkte til WiComm Pro-kontrolpanelet og fungerer som prim\u00e6r eller backupkommunikation til IP- eller PSTN-netv\u00e6rk.<\/p>","protected":false},"featured_media":145335,"template":"","meta":{"_acf_changed":false},"product_brand":[],"product_cat":[2731,4879],"product_tag":[2426],"class_list":{"0":"post-57373","1":"product","2":"type-product","3":"status-publish","4":"has-post-thumbnail","6":"product_cat-risco-larm","7":"product_cat-wicomm-pro","8":"product_tag-rel-risco","9":"product_shipping_class-postnord-varubrev","10":"pa_brands-4risco","11":"pa_risco-produkter-agility-4","12":"pa_wicomm-pro-kategorier-gsm-ip-moduler","13":"tm-no-options","15":"first","16":"instock","17":"featured","18":"taxable","19":"shipping-taxable","20":"purchasable","21":"product-type-simple"},"acf":[],"_links":{"self":[{"href":"https:\/\/secureus.se\/dk\/wp-json\/wp\/v2\/product\/57373","targetHints":{"allow":["GET"]}}],"collection":[{"href":"https:\/\/secureus.se\/dk\/wp-json\/wp\/v2\/product"}],"about":[{"href":"https:\/\/secureus.se\/dk\/wp-json\/wp\/v2\/types\/product"}],"wp:featuredmedia":[{"embeddable":true,"href":"https:\/\/secureus.se\/dk\/wp-json\/wp\/v2\/media\/145335"}],"wp:attachment":[{"href":"https:\/\/secureus.se\/dk\/wp-json\/wp\/v2\/media?parent=57373"}],"wp:term":[{"taxonomy":"product_brand","embeddable":true,"href":"https:\/\/secureus.se\/dk\/wp-json\/wp\/v2\/product_brand?post=57373"},{"taxonomy":"product_cat","embeddable":true,"href":"https:\/\/secureus.se\/dk\/wp-json\/wp\/v2\/product_cat?post=57373"},{"taxonomy":"product_tag","embeddable":true,"href":"https:\/\/secureus.se\/dk\/wp-json\/wp\/v2\/product_tag?post=57373"}],"curies":[{"name":"wp","href":"https:\/\/api.w.org\/{rel}","templated":true}]}}