{"id":57378,"date":"2022-03-10T15:13:00","date_gmt":"2022-03-10T14:13:00","guid":{"rendered":"https:\/\/secureus.se\/produkt\/msr100-usb-magnetlasare\/"},"modified":"2025-12-31T19:43:09","modified_gmt":"2025-12-31T18:43:09","slug":"rfid-lasare-msr100-usb-magnetlasare","status":"publish","type":"product","link":"https:\/\/secureus.se\/dk\/rfid-lasare-msr100-usb-magnetlasare\/","title":{"rendered":"RFID-l\u00e6ser Magnetisk l\u00e6ser MSR100 USB"},"content":{"rendered":"<div class=\"tab-content\">\n<div id=\"Product-Description\" class=\"tab-pane product-description fade in active\">\n<p>Dette produkt har obligatorisk forsendelse.<\/p>\n<p>Plug and play USB Magnetic Card Swipe Reader<\/p>\n<p>USB-interface til tastaturbuffer, l\u00e6ser alle 3 magnetstribespor.<\/p>\n<p>ISO 7811, 12, 13 til l\u00e6sning af kreditkorttyper, gavekort, loyalitets- og medlemskorttyper. Kan blandt andet bruges til salgssted, dataindsamling, adgangskontrol.<\/p>\n<p>Dimensioner (LxBxD) \u2013 100 x 34 x 30 mm.<\/p>\n<p>Hovedets levetid omkring 300.000 passeringer. L\u00e6s bekr\u00e6ftelse med LED og bip. V\u00e6gt 108g.<\/p>\n<p>Der f\u00f8lger ingen software med denne l\u00e6ser.<\/p>\n<\/div>\n<\/div>","protected":false},"excerpt":{"rendered":"<p>Dette produkt har obligatorisk forsendelse.<\/p>\n<p>Plug and play USB Magnetic Card Swipe Reader<\/p>\n<p>USB-interface til tastaturbuffer, l\u00e6ser alle 3 magnetstribespor.<\/p>\n<p>ISO 7811, 12, 13 til l\u00e6sning af kreditkorttyper, gavekort, loyalitets- og medlemskorttyper. Kan blandt andet bruges til salgssted, dataindsamling, adgangskontrol.<\/p>\n<p>Dimensioner (LxBxD) \u2013 100 x 34 x 30 mm.<\/p>\n<p>Hovedets levetid omkring 300.000 passeringer. L\u00e6s bekr\u00e6ftelse med LED og bip. V\u00e6gt 108g.<\/p>\n<p>Der f\u00f8lger ingen software med denne l\u00e6ser.<\/p>","protected":false},"featured_media":145350,"template":"","meta":{"_acf_changed":false},"product_brand":[],"product_cat":[1743],"product_tag":[],"class_list":{"0":"post-57378","1":"product","2":"type-product","3":"status-publish","4":"has-post-thumbnail","6":"product_cat-rfid-lasare","7":"product_shipping_class-postnord-varubrev","8":"pa_brands-elatec","9":"tm-no-options","11":"first","12":"instock","13":"sale","14":"featured","15":"taxable","16":"shipping-taxable","17":"purchasable","18":"product-type-simple"},"acf":[],"_links":{"self":[{"href":"https:\/\/secureus.se\/dk\/wp-json\/wp\/v2\/product\/57378","targetHints":{"allow":["GET"]}}],"collection":[{"href":"https:\/\/secureus.se\/dk\/wp-json\/wp\/v2\/product"}],"about":[{"href":"https:\/\/secureus.se\/dk\/wp-json\/wp\/v2\/types\/product"}],"wp:featuredmedia":[{"embeddable":true,"href":"https:\/\/secureus.se\/dk\/wp-json\/wp\/v2\/media\/145350"}],"wp:attachment":[{"href":"https:\/\/secureus.se\/dk\/wp-json\/wp\/v2\/media?parent=57378"}],"wp:term":[{"taxonomy":"product_brand","embeddable":true,"href":"https:\/\/secureus.se\/dk\/wp-json\/wp\/v2\/product_brand?post=57378"},{"taxonomy":"product_cat","embeddable":true,"href":"https:\/\/secureus.se\/dk\/wp-json\/wp\/v2\/product_cat?post=57378"},{"taxonomy":"product_tag","embeddable":true,"href":"https:\/\/secureus.se\/dk\/wp-json\/wp\/v2\/product_tag?post=57378"}],"curies":[{"name":"wp","href":"https:\/\/api.w.org\/{rel}","templated":true}]}}