{"id":57388,"date":"2022-03-10T15:13:00","date_gmt":"2022-03-10T14:13:00","guid":{"rendered":"https:\/\/secureus.se\/produkt\/elatec-twn4-multitech-2-hf-13-56-mhz-mifare-programmerad-for-system-kod-endast-lasare-med-uid-chip-kod\/"},"modified":"2026-03-31T07:50:57","modified_gmt":"2026-03-31T05:50:57","slug":"rfid-lasare-elatec-twn4-multitech-2-hf-13-56-mhz-mifare-programmerad-for-system-kod-endast-lasare-med-uid-chip-kod","status":"publish","type":"product","link":"https:\/\/secureus.se\/dk\/rfid-lasare-elatec-twn4-multitech-2-hf-13-56-mhz-mifare-programmerad-for-system-kod-endast-lasare-med-uid-chip-kod\/","title":{"rendered":"RFID-l\u00e6ser Elatec TWN4 Multitech 2 HF (13,56 Mhz Mifare)"},"content":{"rendered":"<p>Bordl\u00e6sere i h\u00f8j kvalitet fra tyske Elatec, som er f\u00f8rende inden for l\u00e6seteknologi.<\/p>\n<p>Her er vores udvalgte modeller af Elatechs fleksible og popul\u00e6re modeller og vi programmerer dem alle efter dine \u00f8nsker.<\/p>\n<p>Du kan under det respektive produkt v\u00e6lge, om du \u00f8nsker programmeret til fx ASSA ARX, Bewator, Aptus, Axema VAKA og mange flere.<\/p>\n<p>\u00d8nsker du en anden udgang eller funktion til f.eks. printer\/computer, hj\u00e6lper vi dig ogs\u00e5 med det.<\/p>\n<p>Disse l\u00e6sere erstatter tidligere modeller (TWN3) og er et valg for mange af vores kunder.<\/p>\n<p>Har du behov for st\u00f8rre m\u00e6ngder eller k\u00f8ber l\u00f8bende, kan vi oprette lager til dig med afkald.<\/p>\n<p>Vi har lavere priser, end du kan forvente for disse produkter!<\/p>\n<p>TWN4 h\u00e5ndterer f\u00f8lgende:<\/p>\n<p>Mifare 13,56MHz \/ ISO14443A:<\/p>\n<p>L\u00e6s i Datablad hvilke teknikker l\u00e6seren kan h\u00e5ndtere.<\/p>","protected":false},"excerpt":{"rendered":"<p>Bordl\u00e6sere i h\u00f8j kvalitet fra tyske Elatec, som er f\u00f8rende inden for l\u00e6seteknologi. Her er vores udvalgte modeller af Elatechs fleksible og popul\u00e6re modeller og vi programmerer dem alle efter dine \u00f8nsker. Du kan<\/p>","protected":false},"featured_media":145672,"template":"","meta":{"_acf_changed":false},"product_brand":[],"product_cat":[1743],"product_tag":[],"class_list":{"0":"post-57388","1":"product","2":"type-product","3":"status-publish","4":"has-post-thumbnail","6":"product_cat-rfid-lasare","7":"product_shipping_class-postnord-varubrev","8":"pa_access-lasare-mifare-mifare-mfd-aptus-9-siffror","9":"pa_access-lasare-mifare-mifare-mfr-axema-vaka-13-siffror","10":"pa_access-lasare-mifare-chippets-uid-kod","11":"pa_access-lasare-mifare-mifare-mfd-assa-10-siffror","12":"pa_access-lasare-mifare-mifare-rco-9-siffror","13":"pa_bordlasare-val-av-typ-mifare-teknik","14":"pa_brands-elatec","15":"pa_farg-2893","16":"pa_farg-2892","17":"pa_farg-nyckelband-2897","18":"tm-has-options","20":"first","21":"instock","22":"sale","23":"featured","24":"taxable","25":"shipping-taxable","26":"purchasable","27":"product-type-simple"},"acf":[],"_links":{"self":[{"href":"https:\/\/secureus.se\/dk\/wp-json\/wp\/v2\/product\/57388","targetHints":{"allow":["GET"]}}],"collection":[{"href":"https:\/\/secureus.se\/dk\/wp-json\/wp\/v2\/product"}],"about":[{"href":"https:\/\/secureus.se\/dk\/wp-json\/wp\/v2\/types\/product"}],"wp:featuredmedia":[{"embeddable":true,"href":"https:\/\/secureus.se\/dk\/wp-json\/wp\/v2\/media\/145672"}],"wp:attachment":[{"href":"https:\/\/secureus.se\/dk\/wp-json\/wp\/v2\/media?parent=57388"}],"wp:term":[{"taxonomy":"product_brand","embeddable":true,"href":"https:\/\/secureus.se\/dk\/wp-json\/wp\/v2\/product_brand?post=57388"},{"taxonomy":"product_cat","embeddable":true,"href":"https:\/\/secureus.se\/dk\/wp-json\/wp\/v2\/product_cat?post=57388"},{"taxonomy":"product_tag","embeddable":true,"href":"https:\/\/secureus.se\/dk\/wp-json\/wp\/v2\/product_tag?post=57388"}],"curies":[{"name":"wp","href":"https:\/\/api.w.org\/{rel}","templated":true}]}}