{"id":57480,"date":"2022-03-10T14:57:00","date_gmt":"2022-03-10T13:57:00","guid":{"rendered":"https:\/\/secureus.se\/produkt\/vibrationsdetektor-tradlos-agililty3-4-och-wicomm-pro\/"},"modified":"2025-12-31T19:42:31","modified_gmt":"2025-12-31T18:42:31","slug":"risco-vibrationsdetektor-1-vags","status":"publish","type":"product","link":"https:\/\/secureus.se\/dk\/risco-vibrationsdetektor-1-vags\/","title":{"rendered":"Risco Vibrationsdetektor 1-vejs"},"content":{"rendered":"<h1>Risco Vibrationsdetektor 1-vejs<\/h1>\n<p data-start=\"435\" data-end=\"949\">Risco Vibrationsdetektor 1-vejs WiComm Pro Agility er en avanceret tr\u00e5dl\u00f8s st\u00f8ddetektor, der tilbyder h\u00f8j sikkerhed til interne og eksterne beskyttede omr\u00e5der.<\/p>\n<p data-start=\"435\" data-end=\"949\">Den er designet til at registrere vibrationer, der opst\u00e5r, n\u00e5r man fors\u00f8ger at tvinge, smadre, bore eller save gennem vinduer, d\u00f8re, v\u00e6gge eller lofter, selv n\u00e5r den ubudne g\u00e6st stadig er udenfor.<\/p>\n<p data-start=\"435\" data-end=\"949\">Dette g\u00f8r den til en effektiv l\u00f8sning til perimeterbeskyttelse og er is\u00e6r nyttig til at forhindre indtr\u00e6ngen, f\u00f8r de fysiske barrierer brydes.<\/p>\n<p data-start=\"951\" data-end=\"1355\">Denne detektor er udstyret med en digital mikroprocessor og intelligent digital signalbehandling til pr\u00e6cist at analysere og registrere vibrationer.<\/p>\n<p data-start=\"951\" data-end=\"1355\">Den justerbare f\u00f8lsomhed giver brugeren mulighed for at tilpasse detektorens responsniveau, s\u00e5 det passer til forskellige milj\u00f8er og behov.<\/p>\n<p data-start=\"951\" data-end=\"1355\">Den leveres med en trefarvet LED-indikator, der letter kalibrering og giver tydelig statusinformation om detektorens f\u00f8lsomhed.<\/p>\n<p data-start=\"1357\" data-end=\"1617\">Detektoren er fuldt overv\u00e5get, hvilket betyder, at manipulation, batterisp\u00e6nding og kommunikation altid kontrolleres.<\/p>\n<p data-start=\"1357\" data-end=\"1617\">Med en r\u00e6kkevidde p\u00e5 op til 300 meter (LOS) og lang batterilevetid, der varer cirka 3 \u00e5r, er den en p\u00e5lidelig del af Riscos sikkerhedssystem.<\/p>\n<p data-start=\"1619\" data-end=\"1932\">Funktioner som grov angrebsdetektion og indkapslet bimorph piezoelektrisk sensor g\u00f8r denne vibrationsdetektor godt rustet til at h\u00e5ndtere potentielle sikkerhedstrusler.<\/p>\n<p data-start=\"1619\" data-end=\"1932\">Den er ogs\u00e5 kompatibel med Riscos Agility\u2122-, WisDom-, ProSYS\u2122-, LightSYS\u2122- og Nova-systemer, hvilket g\u00f8r den yderst fleksibel til forskellige sikkerhedsbehov.<\/p>\n<p>&nbsp;<\/p>\n<p><iframe title=\"Wicomm Smart Hub US\" width=\"1170\" height=\"658\" src=\"https:\/\/www.youtube.com\/embed\/5PHoH2dRjEs?feature=oembed\" frameborder=\"0\" allow=\"accelerometer; autoplay; clipboard-write; encrypted-media; gyroscope; picture-in-picture; web-share\" referrerpolicy=\"strict-origin-when-cross-origin\" allowfullscreen><\/iframe><\/p>","protected":false},"excerpt":{"rendered":"<p>Tr\u00e5dl\u00f8s vibrationsdetektor til Risco Agility og WiComm Pro, designet til at detektere indbrudsfors\u00f8g ved at registrere vibrationer fra belastning, knusning, boring eller savning.<\/p>\n<p>Tilpasset til b\u00e5de indend\u00f8rs og perimeterbeskyttelse.<\/p>","protected":false},"featured_media":145396,"template":"","meta":{"_acf_changed":false},"product_brand":[],"product_cat":[3188,2731],"product_tag":[3152],"class_list":{"0":"post-57480","1":"product","2":"type-product","3":"status-publish","4":"has-post-thumbnail","6":"product_cat-larmenheter-risco-larm","7":"product_cat-risco-larm","8":"product_tag-cr123-tillbehor","9":"product_shipping_class-postnord-varubrev","10":"pa_brands-4risco","11":"pa_risco-produkter-agility-3","12":"pa_risco-produkter-agility-4","13":"pa_wicomm-pro-kategorier-vibrationdetektorer","14":"tm-no-options","16":"first","17":"instock","18":"sale","19":"featured","20":"taxable","21":"shipping-taxable","22":"purchasable","23":"product-type-simple"},"acf":[],"_links":{"self":[{"href":"https:\/\/secureus.se\/dk\/wp-json\/wp\/v2\/product\/57480","targetHints":{"allow":["GET"]}}],"collection":[{"href":"https:\/\/secureus.se\/dk\/wp-json\/wp\/v2\/product"}],"about":[{"href":"https:\/\/secureus.se\/dk\/wp-json\/wp\/v2\/types\/product"}],"wp:featuredmedia":[{"embeddable":true,"href":"https:\/\/secureus.se\/dk\/wp-json\/wp\/v2\/media\/145396"}],"wp:attachment":[{"href":"https:\/\/secureus.se\/dk\/wp-json\/wp\/v2\/media?parent=57480"}],"wp:term":[{"taxonomy":"product_brand","embeddable":true,"href":"https:\/\/secureus.se\/dk\/wp-json\/wp\/v2\/product_brand?post=57480"},{"taxonomy":"product_cat","embeddable":true,"href":"https:\/\/secureus.se\/dk\/wp-json\/wp\/v2\/product_cat?post=57480"},{"taxonomy":"product_tag","embeddable":true,"href":"https:\/\/secureus.se\/dk\/wp-json\/wp\/v2\/product_tag?post=57480"}],"curies":[{"name":"wp","href":"https:\/\/api.w.org\/{rel}","templated":true}]}}