{"id":57482,"date":"2022-03-10T14:57:00","date_gmt":"2022-03-10T13:57:00","guid":{"rendered":"https:\/\/secureus.se\/produkt\/2-vags-tradlos-dual-tech-am-inom-utomhus-ridadetektor-agililty4-och-wicomm-pro\/"},"modified":"2026-01-06T20:42:19","modified_gmt":"2026-01-06T19:42:19","slug":"risco-ridadetektor-2-vags-utomhus","status":"publish","type":"product","link":"https:\/\/secureus.se\/dk\/risco-ridadetektor-2-vags-utomhus\/","title":{"rendered":"Risco Gardindetektor 2-vejs \u2013 Udend\u00f8rs"},"content":{"rendered":"<div>\n<h1>Risco Gardindetektor 2-vejs \u2013 Udend\u00f8rs<\/h1>\n<p data-start=\"413\" data-end=\"936\">Risco Gardindetektor 2-vejs WiComm Pro Agility4 er det ultimative valg til udend\u00f8rs sikkerhed.<\/p>\n<p data-start=\"413\" data-end=\"936\">Denne tr\u00e5dl\u00f8se gardindetektor er designet til at v\u00e6re den f\u00f8rste forsvarslinje i dit sikkerhedssystem og tilbyder hurtig og nem installation med fleksibel montering og konfiguration.<\/p>\n<p data-start=\"413\" data-end=\"936\">Den avancerede mikrob\u00f8lgeteknologi og tovejsradiokommunikation giver overlegen d\u00e6kning og sikkerhed for store omr\u00e5der, mens den aktive antimaskeringsfunktion beskytter mod ethvert fors\u00f8g p\u00e5 at beskadige detektorens modtagelse.<\/p>\n<p data-start=\"938\" data-end=\"1305\">Med fire justerbare f\u00f8lsomhedsniveauer og en smal str\u00e5le minimeres risikoen for falske alarmer, s\u00e5 du f\u00e5r pr\u00e6cis den beskyttelse, du har brug for, uden un\u00f8dvendig interferens.<\/p>\n<p data-start=\"938\" data-end=\"1305\">Den er ideel til installation i stakke p\u00e5 op til 3,0 meter og kan monteres p\u00e5 enten venstre eller h\u00f8jre side af det beskyttede omr\u00e5de, hvilket giver fleksibilitet i installationsmulighederne.<\/p>\n<p data-start=\"1307\" data-end=\"1526\">For \u00f8get brugervenlighed har detektoren en simpel batteriudskiftningsproces samt fjernkonfiguration og diagnosticeringsfunktioner, hvilket g\u00f8r service og vedligeholdelse mere effektiv og reducerer behovet for un\u00f8dvendige serviceture.<\/p>\n<p><iframe title=\"Wicomm Smart Hub US\" width=\"1170\" height=\"658\" src=\"https:\/\/www.youtube.com\/embed\/5PHoH2dRjEs?feature=oembed\" frameborder=\"0\" allow=\"accelerometer; autoplay; clipboard-write; encrypted-media; gyroscope; picture-in-picture; web-share\" referrerpolicy=\"strict-origin-when-cross-origin\" allowfullscreen><\/iframe><\/p>\n<\/div>","protected":false},"excerpt":{"rendered":"<p>WiComm Pro Agility4 udend\u00f8rs tr\u00e5dl\u00f8s gardindetektor tilbyder uovertruffen sikkerhed med dobbelt teknologi, aktiv IR-antimaskering og justerbar f\u00f8lsomhed.<\/p>\n<p>Perfekt til store omr\u00e5der og fleksibel installation.<\/p>","protected":false},"featured_media":158857,"template":"","meta":{"_acf_changed":false},"product_brand":[],"product_cat":[2731,3188,3191],"product_tag":[],"class_list":{"0":"post-57482","1":"product","2":"type-product","3":"status-publish","4":"has-post-thumbnail","6":"product_cat-risco-larm","7":"product_cat-larmenheter-risco-larm","8":"product_cat-utomhusdetektorer","9":"product_shipping_class-postnord-varubrev","10":"pa_risco-produkter-agility-4","11":"pa_wicomm-pro-kategorier-ridadetektor","12":"tm-no-options","14":"first","15":"outofstock","16":"sale","17":"featured","18":"taxable","19":"shipping-taxable","20":"purchasable","21":"product-type-simple"},"acf":[],"_links":{"self":[{"href":"https:\/\/secureus.se\/dk\/wp-json\/wp\/v2\/product\/57482","targetHints":{"allow":["GET"]}}],"collection":[{"href":"https:\/\/secureus.se\/dk\/wp-json\/wp\/v2\/product"}],"about":[{"href":"https:\/\/secureus.se\/dk\/wp-json\/wp\/v2\/types\/product"}],"wp:featuredmedia":[{"embeddable":true,"href":"https:\/\/secureus.se\/dk\/wp-json\/wp\/v2\/media\/158857"}],"wp:attachment":[{"href":"https:\/\/secureus.se\/dk\/wp-json\/wp\/v2\/media?parent=57482"}],"wp:term":[{"taxonomy":"product_brand","embeddable":true,"href":"https:\/\/secureus.se\/dk\/wp-json\/wp\/v2\/product_brand?post=57482"},{"taxonomy":"product_cat","embeddable":true,"href":"https:\/\/secureus.se\/dk\/wp-json\/wp\/v2\/product_cat?post=57482"},{"taxonomy":"product_tag","embeddable":true,"href":"https:\/\/secureus.se\/dk\/wp-json\/wp\/v2\/product_tag?post=57482"}],"curies":[{"name":"wp","href":"https:\/\/api.w.org\/{rel}","templated":true}]}}