{"id":57483,"date":"2022-03-10T14:57:00","date_gmt":"2022-03-10T13:57:00","guid":{"rendered":"https:\/\/secureus.se\/produkt\/agility-4-centralenhet-rmv132v-gsm-tal\/"},"modified":"2025-12-31T19:36:37","modified_gmt":"2025-12-31T18:36:37","slug":"risco-centralenhet-agililty4-utgar","status":"publish","type":"product","link":"https:\/\/secureus.se\/dk\/risco-centralenhet-agililty4-utgar\/","title":{"rendered":"Risco Central Unit Agililty4 - AFSLUTET"},"content":{"rendered":"<h1>Risco Central Unit Agililty4 - AFSLUTET<\/h1>\n<p data-start=\"502\" data-end=\"836\">Risco Agility4 (mod. RMV132V) er et avanceret og modul\u00e6rt tr\u00e5dl\u00f8st sikkerhedssystem, der tilbyder omfattende beskyttelse til b\u00e5de private og erhvervsejendomme.<\/p>\n<p data-start=\"502\" data-end=\"836\">Med et moderne og elegant design yder Agility4 robust beskyttelse mod indbrud, brand og andre sikkerhedsrisici og kan tilpasses til dine specifikke behov.<\/p>\n<p data-start=\"838\" data-end=\"1215\">Systemet er udstyret med b\u00e5de udend\u00f8rs og indend\u00f8rs beskyttelse, hvilket g\u00f8r det ideelt til at beskytte alle dele af en bygning.<\/p>\n<p data-start=\"838\" data-end=\"1215\">Agility4 tilbyder ogs\u00e5 tr\u00e5dl\u00f8s visuel verifikation, hvilket giver en interaktiv og automatiseret sikkerhedsl\u00f8sning.<\/p>\n<p data-start=\"838\" data-end=\"1215\">Dette giver brugerne mulighed for at modtage videoverifikation af h\u00e6ndelser i realtid, hvilket forbedrer sikkerheden og reducerer risikoen for falske alarmer.<\/p>\n<p data-start=\"1217\" data-end=\"1513\">En af de mest nyttige funktioner i Agility4 er den indbyggede tagl\u00e6ser, hvilket betyder, at du ikke beh\u00f8ver at huske koder for at aktivere eller deaktivere alarmen.<\/p>\n<p data-start=\"1217\" data-end=\"1513\">Tagl\u00e6seren g\u00f8r det b\u00e5de hurtigt og nemt at styre systemet, samtidig med at brugervenlighed og sikkerhed forbedres.<\/p>\n<p data-start=\"1515\" data-end=\"1755\">Agility4 er et fleksibelt system, der kan tilpasses og udvides efter behov. Uanset om du \u00f8nsker at tilf\u00f8je flere sensorer, kameraer eller andre sikkerhedskomponenter, kan systemet nemt opgraderes for at im\u00f8dekomme skiftende sikkerhedskrav over tid.<\/p>\n<p data-start=\"1757\" data-end=\"1787\"><strong data-start=\"1757\" data-end=\"1785\">Hovedfunktioner:<\/strong><\/p>\n<ul data-start=\"1788\" data-end=\"2322\">\n<li data-start=\"1788\" data-end=\"1844\">\n<p data-start=\"1790\" data-end=\"1844\"><strong data-start=\"1790\" data-end=\"1815\">Modul\u00e6rt system:<\/strong> Nem at tilpasse og udvide<\/p>\n<\/li>\n<li data-start=\"1845\" data-end=\"1901\">\n<p data-start=\"1847\" data-end=\"1901\"><strong data-start=\"1847\" data-end=\"1870\">Tr\u00e5dl\u00f8s og smart:<\/strong> Nem installation og betjening<\/p>\n<\/li>\n<li data-start=\"1902\" data-end=\"1975\">\n<p data-start=\"1904\" data-end=\"1975\"><strong data-start=\"1904\" data-end=\"1928\">Visuel verifikation:<\/strong> Tr\u00e5dl\u00f8s videooverv\u00e5gning for bedre sikkerhed<\/p>\n<\/li>\n<li data-start=\"1976\" data-end=\"2058\">\n<p data-start=\"1978\" data-end=\"2058\"><strong data-start=\"1978\" data-end=\"2001\">Indbygget tagl\u00e6ser:<\/strong> Der kr\u00e6ves ingen kode for at aktivere eller deaktivere alarmen<\/p>\n<\/li>\n<li data-start=\"2059\" data-end=\"2132\">\n<p data-start=\"2061\" data-end=\"2132\"><strong data-start=\"2061\" data-end=\"2078\">Fleksibilitet:<\/strong> Kan tilpasses for at im\u00f8dekomme skiftende sikkerhedsbehov<\/p>\n<\/li>\n<li data-start=\"2133\" data-end=\"2225\">\n<p data-start=\"2135\" data-end=\"2225\"><strong data-start=\"2135\" data-end=\"2167\">Beskyttelse mod indbrud og brand:<\/strong> Fuld beskyttelse til b\u00e5de indend\u00f8rs og udend\u00f8rs omr\u00e5der<\/p>\n<\/li>\n<li data-start=\"2226\" data-end=\"2322\">\n<p data-start=\"2228\" data-end=\"2322\"><strong data-start=\"2228\" data-end=\"2251\">Let at forbedre:<\/strong> Systemet kan opgraderes til at inkludere flere funktioner og enheder<\/p>\n<\/li>\n<\/ul>\n<p data-start=\"2324\" data-end=\"2355\"><strong data-start=\"2324\" data-end=\"2353\">Tekniske specifikationer:<\/strong><\/p>\n<ul data-start=\"2356\" data-end=\"2671\">\n<li data-start=\"2356\" data-end=\"2384\">\n<p data-start=\"2358\" data-end=\"2384\"><strong data-start=\"2358\" data-end=\"2374\">Modulnummer:<\/strong> RMV132V<\/p>\n<\/li>\n<li data-start=\"2385\" data-end=\"2443\">\n<p data-start=\"2387\" data-end=\"2443\"><strong data-start=\"2387\" data-end=\"2419\">Leverand\u00f8rens artikelnummer:<\/strong> RW132V \/ RW132V87E0B0<\/p>\n<\/li>\n<li data-start=\"2444\" data-end=\"2510\">\n<p data-start=\"2446\" data-end=\"2510\"><strong data-start=\"2446\" data-end=\"2467\">Beskyttende funktioner:<\/strong> Indbrudssikring, brandsikring, sikkerhedsalarm<\/p>\n<\/li>\n<li data-start=\"2511\" data-end=\"2570\">\n<p data-start=\"2513\" data-end=\"2570\"><strong data-start=\"2513\" data-end=\"2532\">Kan tilpasses:<\/strong> Fleksibel og kan udvides over tid<\/p>\n<\/li>\n<li data-start=\"2571\" data-end=\"2630\">\n<p data-start=\"2573\" data-end=\"2630\"><strong data-start=\"2573\" data-end=\"2588\">Tagl\u00e6ser:<\/strong> Indbygget for at forenkle systemstyringen<\/p>\n<\/li>\n<li data-start=\"2631\" data-end=\"2671\">\n<p data-start=\"2633\" data-end=\"2671\"><strong data-start=\"2633\" data-end=\"2644\">Design:<\/strong> Elegant og brugervenlig<\/p>\n<\/li>\n<\/ul>\n<p data-start=\"2673\" data-end=\"2969\">Risco Agility4 er en avanceret og p\u00e5lidelig sikkerhedsl\u00f8sning, der g\u00f8r det nemt at holde dit hjem eller din virksomhed sikker og beskyttet mod alle typer risici.<\/p>\n<p data-start=\"2673\" data-end=\"2969\">Med sit modul\u00e6re design kan systemet altid tilpasses dine behov, hvilket g\u00f8r det til en langsigtet investering i din sikkerhed.<\/p>","protected":false},"excerpt":{"rendered":"<p>Risco Agility4 er et tr\u00e5dl\u00f8st og smart sikkerhedssystem med en modul\u00e6r struktur og et brugerdefineret design.<\/p>\n<p>Det giver fuld beskyttelse mod indbrud, brand og andre sikkerhedsrisici b\u00e5de indend\u00f8rs og udend\u00f8rs, og kan altid forbedres og modificeres efter behov.<\/p>\n<p>Systemet inkluderer tr\u00e5dl\u00f8s visuel verifikation og en indbygget tagl\u00e6ser for nem brug.<\/p>","protected":false},"featured_media":145680,"template":"","meta":{"_acf_changed":false},"product_brand":[],"product_cat":[4882,2731],"product_tag":[],"class_list":{"0":"post-57483","1":"product","2":"type-product","3":"status-publish","4":"has-post-thumbnail","6":"product_cat-agility-v4-3-2","7":"product_cat-risco-larm","8":"product_shipping_class-postnord-varubrev","9":"pa_brands-4risco","10":"pa_risco-produkter-agility-4","11":"tm-no-options","13":"first","14":"outofstock","15":"sale","16":"featured","17":"taxable","18":"shipping-taxable","19":"purchasable","20":"product-type-simple"},"acf":[],"_links":{"self":[{"href":"https:\/\/secureus.se\/dk\/wp-json\/wp\/v2\/product\/57483","targetHints":{"allow":["GET"]}}],"collection":[{"href":"https:\/\/secureus.se\/dk\/wp-json\/wp\/v2\/product"}],"about":[{"href":"https:\/\/secureus.se\/dk\/wp-json\/wp\/v2\/types\/product"}],"wp:featuredmedia":[{"embeddable":true,"href":"https:\/\/secureus.se\/dk\/wp-json\/wp\/v2\/media\/145680"}],"wp:attachment":[{"href":"https:\/\/secureus.se\/dk\/wp-json\/wp\/v2\/media?parent=57483"}],"wp:term":[{"taxonomy":"product_brand","embeddable":true,"href":"https:\/\/secureus.se\/dk\/wp-json\/wp\/v2\/product_brand?post=57483"},{"taxonomy":"product_cat","embeddable":true,"href":"https:\/\/secureus.se\/dk\/wp-json\/wp\/v2\/product_cat?post=57483"},{"taxonomy":"product_tag","embeddable":true,"href":"https:\/\/secureus.se\/dk\/wp-json\/wp\/v2\/product_tag?post=57483"}],"curies":[{"name":"wp","href":"https:\/\/api.w.org\/{rel}","templated":true}]}}