{"id":57484,"date":"2022-03-10T14:57:00","date_gmt":"2022-03-10T13:57:00","guid":{"rendered":"https:\/\/secureus.se\/produkt\/2-vags-tradlos-beyond-dual-tech-kband-detektor-inom-utomhus-agililty4-och-wicomm-pro\/"},"modified":"2025-12-31T19:35:24","modified_gmt":"2025-12-31T18:35:24","slug":"risco-rorelsedetektor-med-kamera-2-vags-utomhus-beyond","status":"publish","type":"product","link":"https:\/\/secureus.se\/dk\/risco-rorelsedetektor-med-kamera-2-vags-utomhus-beyond\/","title":{"rendered":"Risco 2-vejs udend\u00f8rs bev\u00e6gelsesdetektor \u2013 Beyond"},"content":{"rendered":"<h1>Risco Bev\u00e6gelsesdetektor med kamera 2-vejs \u2013 Outdoor Beyond<\/h1>\n<p data-start=\"516\" data-end=\"1046\">Risco bev\u00e6gelsesdetektor med kamera 2-vejs Beyond Agility WiComm Pro er en innovativ l\u00f8sning til udend\u00f8rs detektion og visuel verifikation.<\/p>\n<p data-start=\"516\" data-end=\"1046\">Denne detektor kombinerer dobbelt teknologi med et integreret kamera, der muligg\u00f8r krystalklar visuel verifikation via iRISCO smartphone-appen, webgr\u00e6nsefladen eller overv\u00e5gningsstationen.<\/p>\n<p data-start=\"516\" data-end=\"1046\">Ved at bruge to separate radiokanaler med forskellige antenner sikres sikker transmission af b\u00e5de billeder og alarmer, hvilket g\u00f8r den ideel til brug i udend\u00f8rsmilj\u00f8er.<\/p>\n<p data-start=\"1048\" data-end=\"1398\">Beyond bruger RISCOs unikke detektionsteknologier, Sway Recognition\u2122 og Digital Correlation\u2122, til drastisk at reducere falske alarmer, hvilket g\u00f8r denne l\u00f8sning yderst pr\u00e6cis og p\u00e5lidelig.<\/p>\n<p data-start=\"1048\" data-end=\"1398\">Bev\u00e6gelsesdetektoren har et justerbart omr\u00e5de p\u00e5 mellem 5-12 meter og en dyrevenlig funktion, der betyder, at den ikke reagerer p\u00e5 dyr op til 50 cm i h\u00f8jden.<\/p>\n<p data-start=\"1400\" data-end=\"1702\">Med en kombination af infrar\u00f8de og mikrob\u00f8lgesensorer er Beyond immun over for direkte sollys og har en anti-maskeringsfunktion for at forhindre manipulation.<\/p>\n<p data-start=\"1400\" data-end=\"1702\">Detektoren er ogs\u00e5 nem at installere p\u00e5 en v\u00e6g eller et hj\u00f8rne og tilbyder lang batterilevetid (op til 3 \u00e5r med medf\u00f8lgende CR123A lithium-batterier).<\/p>\n<p data-start=\"1704\" data-end=\"1872\">Den er designet til at fungere under barske udend\u00f8rsforhold med en driftstemperatur p\u00e5 -25\u00b0C til 65\u00b0C og et IP65-klassificeret beskyttelsesniveau for at modst\u00e5 vejrforhold.<\/p>\n<p>&nbsp;<\/p>\n<p><iframe title=\"Wicomm Smart Hub US\" width=\"1170\" height=\"658\" src=\"https:\/\/www.youtube.com\/embed\/5PHoH2dRjEs?feature=oembed\" frameborder=\"0\" allow=\"accelerometer; autoplay; clipboard-write; encrypted-media; gyroscope; picture-in-picture; web-share\" referrerpolicy=\"strict-origin-when-cross-origin\" allowfullscreen><\/iframe><\/p>","protected":false},"excerpt":{"rendered":"<p>Risco Beyond Agility WiComm Pro er en avanceret bev\u00e6gelsesdetektor med integreret kamera til udend\u00f8rs brug.<\/p>\n<p>Med to separate radiokanaler og detektionsteknologi, der minimerer falske alarmer, giver den krystalklar visuel verifikation via smartphone-appen eller overv\u00e5gningsstationen.<\/p>","protected":false},"featured_media":158860,"template":"","meta":{"_acf_changed":false},"product_brand":[],"product_cat":[2731,3191],"product_tag":[3152,2426],"class_list":{"0":"post-57484","1":"product","2":"type-product","3":"status-publish","4":"has-post-thumbnail","6":"product_cat-risco-larm","7":"product_cat-utomhusdetektorer","8":"product_tag-cr123-tillbehor","9":"product_tag-rel-risco","10":"product_shipping_class-postnord-varubrev","11":"pa_risco-produkter-agility-4","12":"pa_wicomm-pro-kategorier-rorelsedetektor","13":"tm-no-options","15":"first","16":"instock","17":"sale","18":"featured","19":"taxable","20":"shipping-taxable","21":"purchasable","22":"product-type-simple"},"acf":[],"_links":{"self":[{"href":"https:\/\/secureus.se\/dk\/wp-json\/wp\/v2\/product\/57484","targetHints":{"allow":["GET"]}}],"collection":[{"href":"https:\/\/secureus.se\/dk\/wp-json\/wp\/v2\/product"}],"about":[{"href":"https:\/\/secureus.se\/dk\/wp-json\/wp\/v2\/types\/product"}],"wp:featuredmedia":[{"embeddable":true,"href":"https:\/\/secureus.se\/dk\/wp-json\/wp\/v2\/media\/158860"}],"wp:attachment":[{"href":"https:\/\/secureus.se\/dk\/wp-json\/wp\/v2\/media?parent=57484"}],"wp:term":[{"taxonomy":"product_brand","embeddable":true,"href":"https:\/\/secureus.se\/dk\/wp-json\/wp\/v2\/product_brand?post=57484"},{"taxonomy":"product_cat","embeddable":true,"href":"https:\/\/secureus.se\/dk\/wp-json\/wp\/v2\/product_cat?post=57484"},{"taxonomy":"product_tag","embeddable":true,"href":"https:\/\/secureus.se\/dk\/wp-json\/wp\/v2\/product_tag?post=57484"}],"curies":[{"name":"wp","href":"https:\/\/api.w.org\/{rel}","templated":true}]}}