{"id":57485,"date":"2022-03-10T14:57:00","date_gmt":"2022-03-10T13:57:00","guid":{"rendered":"https:\/\/secureus.se\/produkt\/siren-utomhus-rws20a\/"},"modified":"2025-12-31T19:36:44","modified_gmt":"2025-12-31T18:36:44","slug":"risco-siren-2-vags-rws20a-utomhus-105db","status":"publish","type":"product","link":"https:\/\/secureus.se\/dk\/risco-siren-2-vags-rws20a-utomhus-105db\/","title":{"rendered":"Risco Sirene 2-vejs RWS20A \u2013 Udend\u00f8rs 105dB"},"content":{"rendered":"<h1>Risco Sirene 2-vejs RWS20A \u2013 Udend\u00f8rs 105dB<\/h1>\n<p data-start=\"416\" data-end=\"761\">Risco 2-vejs sirenen RWS20A (mod. RWS20A86800) er en elegant og funktionel tr\u00e5dl\u00f8s udend\u00f8rs sirene designet til at forbedre sikkerhedssystemets signalfunktioner uden for det beskyttede omr\u00e5de.<\/p>\n<p data-start=\"416\" data-end=\"761\">Denne sirene er en ideel l\u00f8sning til at \u00f8ge sikkerheden i alle typer udend\u00f8rsmilj\u00f8er takket v\u00e6re dens robuste design og fleksible installation.<\/p>\n<p data-start=\"763\" data-end=\"1041\">Med et lydniveau p\u00e5 105 dB tilbyder RWS20A et kraftigt lydsignal, der tydeligt advarer om indbrud eller andre sikkerhedsh\u00e6ndelser.<\/p>\n<p data-start=\"763\" data-end=\"1041\">Fordi sirenen er fuldt batteridrevet og tr\u00e5dl\u00f8s, er den nem at installere uden behov for ledninger, hvilket g\u00f8r installationen hurtig og fleksibel.<\/p>\n<p data-start=\"1043\" data-end=\"1363\">En af de mest nyttige funktioner ved RWS20A er den indbyggede foralarmfunktion.<\/p>\n<p data-start=\"1043\" data-end=\"1363\">Under nedt\u00e6llingen til indgangsforsinkelsen aktiveres sirenen og udl\u00f8ser en foralarm, hvis systemet uds\u00e6ttes for h\u00e6rv\u00e6rk, f\u00f8r alarmen aktiveres. Dette g\u00f8r sirenen til et fremragende supplement til at forhindre indbrud, selv f\u00f8r systemet er fuldt aktiveret.<\/p>\n<p data-start=\"1365\" data-end=\"1588\">RWS20A har ogs\u00e5 en squawk-funktion, der giver h\u00f8rbare notifikationer, n\u00e5r systemet er aktiveret eller deaktiveret.<\/p>\n<p data-start=\"1365\" data-end=\"1588\">I tilf\u00e6lde af alarm afgiver sirenen en s\u00e6rlig notifikation med 4 lyde, der signalerer, at alarmen er blevet udl\u00f8st, hvilket kan indikere et indbrud.<\/p>\n<p data-start=\"1590\" data-end=\"1828\">Flere tr\u00e5dl\u00f8se sirener kan nemt tilsluttes det samme system, hvilket g\u00f8r det muligt at tilpasse sikkerhedsl\u00f8sningen afh\u00e6ngigt af st\u00f8rrelsen og behovene i det beskyttede omr\u00e5de.<\/p>\n<p data-start=\"1590\" data-end=\"1828\">Sirenen f\u00e5s i forskellige farver, der passer til \u00e6stetiske pr\u00e6ferencer.<\/p>\n<p data-start=\"1830\" data-end=\"1860\"><strong data-start=\"1830\" data-end=\"1858\">Hovedfunktioner:<\/strong><\/p>\n<ul data-start=\"1861\" data-end=\"2460\">\n<li data-start=\"1861\" data-end=\"1908\">\n<p data-start=\"1863\" data-end=\"1908\"><strong data-start=\"1863\" data-end=\"1878\">Bind:<\/strong> 105 dB for effektiv advarsel<\/p>\n<\/li>\n<li data-start=\"1909\" data-end=\"1998\">\n<p data-start=\"1911\" data-end=\"1998\"><strong data-start=\"1911\" data-end=\"1931\">Foralarmfunktion:<\/strong> Aktiveres under nedt\u00e6lling af indgangsforsinkelse og i tilf\u00e6lde af h\u00e6rv\u00e6rk<\/p>\n<\/li>\n<li data-start=\"1999\" data-end=\"2120\">\n<p data-start=\"2001\" data-end=\"2120\"><strong data-start=\"2001\" data-end=\"2022\">Squawk-notifikation:<\/strong> Lydmeddelelser ved tilkobling og frakobling, inklusive en 4-squawk-meddelelse ved alarmudl\u00f8sning<\/p>\n<\/li>\n<li data-start=\"2121\" data-end=\"2179\">\n<p data-start=\"2123\" data-end=\"2179\"><strong data-start=\"2123\" data-end=\"2141\">Batteridrevet:<\/strong> Fuldt tr\u00e5dl\u00f8s for nem installation<\/p>\n<\/li>\n<li data-start=\"2180\" data-end=\"2249\">\n<p data-start=\"2182\" data-end=\"2249\"><strong data-start=\"2182\" data-end=\"2208\">Fleksibel installation:<\/strong> Nem at placere uden behov for kabler<\/p>\n<\/li>\n<li data-start=\"2250\" data-end=\"2326\">\n<p data-start=\"2252\" data-end=\"2326\"><strong data-start=\"2252\" data-end=\"2269\">Flere farver:<\/strong> F\u00e5s i forskellige farver, der passer til installationsmilj\u00f8et<\/p>\n<\/li>\n<li data-start=\"2327\" data-end=\"2391\">\n<p data-start=\"2329\" data-end=\"2391\"><strong data-start=\"2329\" data-end=\"2348\">Kompatibilitet:<\/strong> Flere sirener kan tildeles det samme system<\/p>\n<\/li>\n<li data-start=\"2392\" data-end=\"2460\">\n<p data-start=\"2394\" data-end=\"2460\"><strong data-start=\"2394\" data-end=\"2422\">Velegnet til udend\u00f8rs brug:<\/strong> Designet til at modst\u00e5 eksterne milj\u00f8er<\/p>\n<\/li>\n<\/ul>\n<p data-start=\"2462\" data-end=\"2493\"><strong data-start=\"2462\" data-end=\"2491\">Tekniske specifikationer:<\/strong><\/p>\n<ul data-start=\"2494\" data-end=\"2761\">\n<li data-start=\"2494\" data-end=\"2520\">\n<p data-start=\"2496\" data-end=\"2520\"><strong data-start=\"2496\" data-end=\"2511\">Bind:<\/strong> 105 dB<\/p>\n<\/li>\n<li data-start=\"2521\" data-end=\"2546\">\n<p data-start=\"2523\" data-end=\"2546\"><strong data-start=\"2523\" data-end=\"2536\">Frekvens:<\/strong> 868 MHz<\/p>\n<\/li>\n<li data-start=\"2547\" data-end=\"2586\">\n<p data-start=\"2549\" data-end=\"2586\"><strong data-start=\"2549\" data-end=\"2570\">Str\u00f8mforsyning:<\/strong> Batteridrevet<\/p>\n<\/li>\n<li data-start=\"2587\" data-end=\"2640\">\n<p data-start=\"2589\" data-end=\"2640\"><strong data-start=\"2589\" data-end=\"2612\">Installationsmetode:<\/strong> Tr\u00e5dl\u00f8s og batteridrevet<\/p>\n<\/li>\n<li data-start=\"2641\" data-end=\"2668\">\n<p data-start=\"2643\" data-end=\"2668\"><strong data-start=\"2643\" data-end=\"2663\">Squawk-funktion:<\/strong> Ja<\/p>\n<\/li>\n<li data-start=\"2669\" data-end=\"2703\">\n<p data-start=\"2671\" data-end=\"2703\"><strong data-start=\"2671\" data-end=\"2680\">Farve:<\/strong> F\u00e5s i forskellige farver<\/p>\n<\/li>\n<li data-start=\"2704\" data-end=\"2761\">\n<p data-start=\"2706\" data-end=\"2761\"><strong data-start=\"2706\" data-end=\"2738\">Leverand\u00f8rens artikelnummer:<\/strong> RWS20A \/ RWS20A86800<\/p>\n<\/li>\n<\/ul>\n<p data-start=\"2763\" data-end=\"3016\">Risco 2-vejs sirenen RWS20A er den perfekte l\u00f8sning til at forbedre sikkerheden p\u00e5 din ejendom.<\/p>\n<p data-start=\"2763\" data-end=\"3016\">Det kraftige lydsignal og den tr\u00e5dl\u00f8se installation g\u00f8r den b\u00e5de effektiv og fleksibel, hvilket giver ekstra beskyttelse mod indbrud og andre sikkerhedstrusler.<\/p>","protected":false},"excerpt":{"rendered":"<p>Risco 2-vejs sirenen RWS20A er en batteridrevet tr\u00e5dl\u00f8s udend\u00f8rs sirene, der tilbyder 105 dB lydeffekt og 2-vejs radiokommunikation.<\/p>\n<p>Den er designet til at udvide udend\u00f8rs signalfunktioner og har en foralarmfunktion, der kan aktiveres i tilf\u00e6lde af h\u00e6rv\u00e6rk p\u00e5 systemet.<\/p>","protected":false},"featured_media":145682,"template":"","meta":{"_acf_changed":false},"product_brand":[],"product_cat":[2731,3190],"product_tag":[2266,2262,2420,3070],"class_list":{"0":"post-57485","1":"product","2":"type-product","3":"status-publish","4":"has-post-thumbnail","6":"product_cat-risco-larm","7":"product_cat-sirener-risco-larm","8":"product_tag-larmdon-blixtljus-blixtljus-i-samma-enhet","9":"product_tag-larmdon-siren-utomhus","10":"product_tag-rel-larmdonblixt","11":"product_tag-wicomm-pro-siren","12":"product_shipping_class-tunga-paket","13":"pa_brands-4risco","14":"pa_risco-produkter-agility-4","15":"pa_wicomm-pro-kategorier-sinerer","16":"tm-no-options","18":"first","19":"instock","20":"sale","21":"featured","22":"taxable","23":"shipping-taxable","24":"purchasable","25":"product-type-simple"},"acf":[],"_links":{"self":[{"href":"https:\/\/secureus.se\/dk\/wp-json\/wp\/v2\/product\/57485","targetHints":{"allow":["GET"]}}],"collection":[{"href":"https:\/\/secureus.se\/dk\/wp-json\/wp\/v2\/product"}],"about":[{"href":"https:\/\/secureus.se\/dk\/wp-json\/wp\/v2\/types\/product"}],"wp:featuredmedia":[{"embeddable":true,"href":"https:\/\/secureus.se\/dk\/wp-json\/wp\/v2\/media\/145682"}],"wp:attachment":[{"href":"https:\/\/secureus.se\/dk\/wp-json\/wp\/v2\/media?parent=57485"}],"wp:term":[{"taxonomy":"product_brand","embeddable":true,"href":"https:\/\/secureus.se\/dk\/wp-json\/wp\/v2\/product_brand?post=57485"},{"taxonomy":"product_cat","embeddable":true,"href":"https:\/\/secureus.se\/dk\/wp-json\/wp\/v2\/product_cat?post=57485"},{"taxonomy":"product_tag","embeddable":true,"href":"https:\/\/secureus.se\/dk\/wp-json\/wp\/v2\/product_tag?post=57485"}],"curies":[{"name":"wp","href":"https:\/\/api.w.org\/{rel}","templated":true}]}}