{"id":57487,"date":"2022-03-10T14:57:00","date_gmt":"2022-03-10T13:57:00","guid":{"rendered":"https:\/\/secureus.se\/produkt\/siren-utomhus-rws50-tradlos-med-prg-blixtljus-och-2-vags-smart-kommunikation\/"},"modified":"2025-12-31T19:36:55","modified_gmt":"2025-12-31T18:36:55","slug":"risco-2-vags-siren-rws50-utomhus-105db","status":"publish","type":"product","link":"https:\/\/secureus.se\/dk\/risco-2-vags-siren-rws50-utomhus-105db\/","title":{"rendered":"Risco 2-vejs Sirene RWS50 - Udend\u00f8rs 105dB"},"content":{"rendered":"<h1>Risco 2-vejs Sirene RWS50 - Udend\u00f8rs 105dB<\/h1>\n<p data-start=\"437\" data-end=\"766\">Risco 2-vejs sirenen RWS50 (mod. RWS50R86800) er en avanceret tr\u00e5dl\u00f8s udend\u00f8rs sirene designet til at forbedre sikkerheden i dit Agility\u2122-, WiComm Pro- eller Wisdom-system.<\/p>\n<p data-start=\"437\" data-end=\"766\">Med en imponerende lydstyrke p\u00e5 105 dB og en indbygget foralarmfunktion giver denne sirene p\u00e5lidelig advarsel om fors\u00f8g p\u00e5 indbrud og sabotage af systemet.<\/p>\n<p data-start=\"768\" data-end=\"1049\">Den tr\u00e5dl\u00f8se sirene er batteridrevet og kr\u00e6ver ikke en ekstern transformer, hvilket g\u00f8r installationen nem og fleksibel. Sirenen er ogs\u00e5 udstyret med en programmerbar blinkfunktion, der synligt markerer alarmtilstanden og kan tilpasses forskellige behov og milj\u00f8er.<\/p>\n<p data-start=\"1051\" data-end=\"1330\">En af de mest nyttige funktioner ved RWS50 er den indbyggede foralarmfunktion, som aktiverer sirenen, hvis systemet bliver manipuleret under indgangsforsinkelsen.<\/p>\n<p data-start=\"1051\" data-end=\"1330\">Dette giver yderligere beskyttelse mod sabotage og g\u00f8r det muligt at modtage \u00f8jeblikkelige advarsler, hvis systemet manipuleres.<\/p>\n<p data-start=\"1332\" data-end=\"1706\">Sirenen har 2-vejs radiokommunikation, der kontinuerligt overv\u00e5ger sabotage, batterisp\u00e6nding og indgangsforsinkelse, hvilket sikrer, at brugeren modtager information om systemets status i realtid.<\/p>\n<p data-start=\"1332\" data-end=\"1706\">Med en batterilevetid p\u00e5 op til 3 \u00e5r og en IP44-klassificering til udend\u00f8rs brug er RWS50 en p\u00e5lidelig og holdbar l\u00f8sning til sikkerhedsbehov under alle vejrforhold.<\/p>\n<p data-start=\"1708\" data-end=\"1738\"><strong data-start=\"1708\" data-end=\"1736\">Hovedfunktioner:<\/strong><\/p>\n<ul data-start=\"1739\" data-end=\"2361\">\n<li data-start=\"1739\" data-end=\"1798\">\n<p data-start=\"1741\" data-end=\"1798\"><strong data-start=\"1741\" data-end=\"1756\">Bind:<\/strong> 105 dB (justerbar) for effektiv advarsel<\/p>\n<\/li>\n<li data-start=\"1799\" data-end=\"1895\">\n<p data-start=\"1801\" data-end=\"1895\"><strong data-start=\"1801\" data-end=\"1821\">Foralarmfunktion:<\/strong> Aktiveres i tilf\u00e6lde af manipulation eller sabotage under indgangsforsinkelse<\/p>\n<\/li>\n<li data-start=\"1896\" data-end=\"1965\">\n<p data-start=\"1898\" data-end=\"1965\"><strong data-start=\"1898\" data-end=\"1912\">Lommelygte:<\/strong> Programmerbart stroboskoplys til synlig alarmindikation<\/p>\n<\/li>\n<li data-start=\"1966\" data-end=\"2097\">\n<p data-start=\"1968\" data-end=\"2097\"><strong data-start=\"1968\" data-end=\"1986\">Batteridrevet:<\/strong> Kr\u00e6ver ingen eksterne transformere, leveres med 3 CR123 3V lithium-batterier (typisk batterilevetid 3 \u00e5r)<\/p>\n<\/li>\n<li data-start=\"2098\" data-end=\"2187\">\n<p data-start=\"2100\" data-end=\"2187\"><strong data-start=\"2100\" data-end=\"2130\">2-vejs radiokommunikation:<\/strong> L\u00f8bende overv\u00e5gning af manipulation og batteristatus<\/p>\n<\/li>\n<li data-start=\"2188\" data-end=\"2230\">\n<p data-start=\"2190\" data-end=\"2230\"><strong data-start=\"2190\" data-end=\"2209\">IP44-klassificering:<\/strong> T\u00e5ler udend\u00f8rs milj\u00f8er<\/p>\n<\/li>\n<li data-start=\"2231\" data-end=\"2273\">\n<p data-start=\"2233\" data-end=\"2273\"><strong data-start=\"2233\" data-end=\"2254\">Temperaturomr\u00e5de:<\/strong> -25\u00b0C til +60\u00b0C<\/p>\n<\/li>\n<li data-start=\"2274\" data-end=\"2361\">\n<p data-start=\"2276\" data-end=\"2361\"><strong data-start=\"2276\" data-end=\"2299\">Nem installation:<\/strong> Batteridrevet og tr\u00e5dl\u00f8s for hurtig og fleksibel installation<\/p>\n<\/li>\n<\/ul>\n<p data-start=\"2363\" data-end=\"2394\"><strong data-start=\"2363\" data-end=\"2392\">Tekniske specifikationer:<\/strong><\/p>\n<ul data-start=\"2395\" data-end=\"2915\">\n<li data-start=\"2395\" data-end=\"2496\">\n<p data-start=\"2397\" data-end=\"2496\"><strong data-start=\"2397\" data-end=\"2418\">Str\u00f8mforsyning:<\/strong> 5 x CR123, 3V litiumbatterier (3 batterier til systemet, 2 til signalering)<\/p>\n<\/li>\n<li data-start=\"2497\" data-end=\"2545\">\n<p data-start=\"2499\" data-end=\"2545\"><strong data-start=\"2499\" data-end=\"2514\">Bind:<\/strong> 105 dB @ 1 meter (justerbar)<\/p>\n<\/li>\n<li data-start=\"2546\" data-end=\"2594\">\n<p data-start=\"2548\" data-end=\"2594\"><strong data-start=\"2548\" data-end=\"2566\">Flash frekvens:<\/strong> 60 gange i minuttet (maksimum)<\/p>\n<\/li>\n<li data-start=\"2595\" data-end=\"2630\">\n<p data-start=\"2597\" data-end=\"2630\"><strong data-start=\"2597\" data-end=\"2610\">Frekvens:<\/strong> 868 MHz \/ 433 MHz<\/p>\n<\/li>\n<li data-start=\"2631\" data-end=\"2679\">\n<p data-start=\"2633\" data-end=\"2679\"><strong data-start=\"2633\" data-end=\"2646\">Omfang:<\/strong> 150 meter (492 fod) synslinje<\/p>\n<\/li>\n<li data-start=\"2680\" data-end=\"2740\">\n<p data-start=\"2682\" data-end=\"2740\"><strong data-start=\"2682\" data-end=\"2703\">Temperaturomr\u00e5de:<\/strong> -25\u00b0C til +60\u00b0C (-4\u00b0F til 140\u00b0F)<\/p>\n<\/li>\n<li data-start=\"2741\" data-end=\"2764\">\n<p data-start=\"2743\" data-end=\"2764\"><strong data-start=\"2743\" data-end=\"2756\">IP klasse:<\/strong> IP44<\/p>\n<\/li>\n<li data-start=\"2765\" data-end=\"2827\">\n<p data-start=\"2767\" data-end=\"2827\"><strong data-start=\"2767\" data-end=\"2783\">Dimensioner:<\/strong> 300 x 325 x 70 mm (11,8 x 12,8 x 2,8 tommer)<\/p>\n<\/li>\n<li data-start=\"2828\" data-end=\"2868\">\n<p data-start=\"2830\" data-end=\"2868\"><strong data-start=\"2830\" data-end=\"2861\">V\u00e6gt (inkl. batterier):<\/strong> 1 kg<\/p>\n<\/li>\n<li data-start=\"2869\" data-end=\"2915\">\n<p data-start=\"2871\" data-end=\"2915\"><strong data-start=\"2871\" data-end=\"2903\">Leverand\u00f8rens artikelnummer:<\/strong> RWS50R86800<\/p>\n<\/li>\n<\/ul>\n<p data-start=\"2917\" data-end=\"3134\">Risco 2-vejs sirenen RWS50 er den perfekte l\u00f8sning til at forbedre udend\u00f8rs sikkerhed med et kraftigt lydsignal, foralarmfunktion og tr\u00e5dl\u00f8s kommunikation, hvilket g\u00f8r den til en p\u00e5lidelig del af dit sikkerhedssystem.<\/p>","protected":false},"excerpt":{"rendered":"<p>Risco 2-vejs sirenen RWS50 er en batteridrevet tr\u00e5dl\u00f8s udend\u00f8rs sirene med et lydniveau p\u00e5 105 dB og 2-vejs radiokommunikation.<\/p>\n<p>Den har en foralarmfunktion for \u00f8get sikkerhed i tilf\u00e6lde af manipulation og sabotage af systemet, og er nem at installere uden behov for en transformer.<\/p>","protected":false},"featured_media":145460,"template":"","meta":{"_acf_changed":false},"product_brand":[],"product_cat":[2731,3190],"product_tag":[3152,2266,2262,2420,3070],"class_list":{"0":"post-57487","1":"product","2":"type-product","3":"status-publish","4":"has-post-thumbnail","6":"product_cat-risco-larm","7":"product_cat-sirener-risco-larm","8":"product_tag-cr123-tillbehor","9":"product_tag-larmdon-blixtljus-blixtljus-i-samma-enhet","10":"product_tag-larmdon-siren-utomhus","11":"product_tag-rel-larmdonblixt","12":"product_tag-wicomm-pro-siren","13":"product_shipping_class-postnord-varubrev","14":"pa_brands-4risco","15":"pa_risco-produkter-agility-2","16":"pa_risco-produkter-agility-3","17":"pa_risco-produkter-agility-4","18":"pa_wicomm-pro-kategorier-sinerer","19":"tm-no-options","21":"first","22":"instock","23":"sale","24":"featured","25":"taxable","26":"shipping-taxable","27":"purchasable","28":"product-type-simple"},"acf":[],"_links":{"self":[{"href":"https:\/\/secureus.se\/dk\/wp-json\/wp\/v2\/product\/57487","targetHints":{"allow":["GET"]}}],"collection":[{"href":"https:\/\/secureus.se\/dk\/wp-json\/wp\/v2\/product"}],"about":[{"href":"https:\/\/secureus.se\/dk\/wp-json\/wp\/v2\/types\/product"}],"wp:featuredmedia":[{"embeddable":true,"href":"https:\/\/secureus.se\/dk\/wp-json\/wp\/v2\/media\/145460"}],"wp:attachment":[{"href":"https:\/\/secureus.se\/dk\/wp-json\/wp\/v2\/media?parent=57487"}],"wp:term":[{"taxonomy":"product_brand","embeddable":true,"href":"https:\/\/secureus.se\/dk\/wp-json\/wp\/v2\/product_brand?post=57487"},{"taxonomy":"product_cat","embeddable":true,"href":"https:\/\/secureus.se\/dk\/wp-json\/wp\/v2\/product_cat?post=57487"},{"taxonomy":"product_tag","embeddable":true,"href":"https:\/\/secureus.se\/dk\/wp-json\/wp\/v2\/product_tag?post=57487"}],"curies":[{"name":"wp","href":"https:\/\/api.w.org\/{rel}","templated":true}]}}