{"id":57488,"date":"2022-03-10T14:57:00","date_gmt":"2022-03-10T13:57:00","guid":{"rendered":"https:\/\/secureus.se\/produkt\/magnetkontakt-rwx73f-med-multifunktion-agililty3-4-och-wicomm\/"},"modified":"2025-12-31T19:42:37","modified_gmt":"2025-12-31T18:42:37","slug":"risco-2-vags-magnetkontakt-med-no-nc-plint","status":"publish","type":"product","link":"https:\/\/secureus.se\/dk\/risco-2-vags-magnetkontakt-med-no-nc-plint\/","title":{"rendered":"Risco 2-vejs magnetkontakt med NO\/NC terminal"},"content":{"rendered":"<h1>Risco 2-vejs magnetkontakt med NO\/NC terminal<\/h1>\n<p>Magnetisk kontakt RWX73F Agililty Wicomm Pro er en 2-vejs multifunktionssender ideel til tr\u00e5dl\u00f8s beskyttelse, til d\u00f8r\/vindue i hjem og sm\u00e5 virksomheder.<\/p>\n<p>RWX73F er en omkostningseffektiv sender, der kombinerer en magnetisk\/d\u00f8rkontakt med 2 separate kanaler til to separate indgange.<\/p>\n<p>Ved at bruge to separate kanaler kan RWX73F betjene to separate applikationer; perimeterbeskyttelse til d\u00f8re og vinduer ved tilslutning til en enkelt kanal og en anden sensor til den anden kanal.<\/p>\n<p>Hver kanal kan forbindes til kablede magnetiske kontakter eller til andre detektorer, der kan bruges til forskellige kontrol- eller sikkerhedsapplikationer.<\/p>\n<p>Magnetisk kontakt RWX73F Agililty Wicomm Pro arbejder for beskyttelse af f.eks. d\u00f8re og vinduer, og modst\u00e5r alle fors\u00f8g p\u00e5 at manipulere detektoren med eksterne magneter.<\/p>\n<p>RWX73F fungerer med RISCO Groups 2-vejs tr\u00e5dl\u00f8se og hybride systemer.<\/p>\n<p>Magnetisk kontakt RWX73F Agililty Wicomm Pro er nem at installere med en enkel montering af beslag til v\u00e6g og nem at programmere med RISCOs fjernkonfigurationssoftware.<\/p>\n<p id=\"tw-target-text\" class=\"tw-data-text tw-text-large tw-ta\" dir=\"ltr\" data-placeholder=\"Translation\" data-ved=\"2ahUKEwi6ot3F2L6DAxWBaqQEHbtQCksQ3ewLegQIARAQ\"><span style=\"text-decoration: underline\"><strong>Funktioner:<\/strong><\/span><br \/>\nKommunikation: Tovejs<br \/>\nFuldt overv\u00e5get<br \/>\nIndbygget magnetisk kontakt<br \/>\nSelektiv inputresponstid tilpasset kablede sensorer (hurtig for st\u00f8dsensorer, langsom for magnetiske kontakter)<br \/>\nR\u00e6kkevidde: op til 1.000 fod (300 m) r\u00e6kkevidde (udend\u00f8rs)<br \/>\nSelektiv indgangsterminering (NO, NC, DEOL) til universel kontrolfunktion<br \/>\nSikkerhedsbeskyttelse til ryg og l\u00e5g<br \/>\nSikkerhedsbeskyttelse mod sabotage<br \/>\nTo kanaler genkendt som separate zoner i systemet med selektiv funktionalitet (universal eller lukkerbeskyttelse)<br \/>\nFor at forl\u00e6nge batterilevetiden mulighed for at sende begivenheder en gang hvert 2,5 minut<br \/>\nKompatibel med RISCO tr\u00e5dl\u00f8se og hybride systemer<\/p>\n<p><strong>Magnetisk kontakt RWX73F Agililty Wicomm Pro Multifunktion leverand\u00f8r varenummer<\/strong>: <span class=\"sku_wrapper\"><span class=\"sku\">RWX73M86800D<\/span><\/span><\/p>\n<h4>L\u00e6r mere om WiComm Pro og disse muligheder!<\/h4>\n<p><a href=\"https:\/\/www.riscogroup.com\/products\/product\/52708\" target=\"_blank\" rel=\"noopener\">Her kan du l\u00e6se mere om WiCom Pro p\u00e5 Risco Groups hjemmeside\u00a0<\/a><\/p>\n<p><iframe title=\"Wicomm Smart Hub US\" width=\"1170\" height=\"658\" src=\"https:\/\/www.youtube.com\/embed\/5PHoH2dRjEs?feature=oembed\" frameborder=\"0\" allow=\"accelerometer; autoplay; clipboard-write; encrypted-media; gyroscope; picture-in-picture; web-share\" referrerpolicy=\"strict-origin-when-cross-origin\" allowfullscreen><\/iframe><\/p>","protected":false},"excerpt":{"rendered":"<p>Risco 2-vejs magnetkontakt RWX73F til Agility og WiComm Pro er en multifunktionssender, der tilbyder tr\u00e5dl\u00f8s beskyttelse af d\u00f8re og vinduer.<\/p>\n<p>Med to separate kanaler til forskellige anvendelser tilbyder denne magnetiske kontakt fleksibilitet og sikkerhed til b\u00e5de hjem og sm\u00e5 virksomheder. Nem installation og kompatibilitet med Risco tr\u00e5dl\u00f8se og hybride systemer.<\/p>","protected":false},"featured_media":145404,"template":"","meta":{"_acf_changed":false},"product_brand":[],"product_cat":[2731,3188,1324],"product_tag":[2426],"class_list":{"0":"post-57488","1":"product","2":"type-product","3":"status-publish","4":"has-post-thumbnail","6":"product_cat-risco-larm","7":"product_cat-larmenheter-risco-larm","8":"product_cat-outlet","9":"product_tag-rel-risco","10":"product_shipping_class-postnord-varubrev","11":"pa_brands-4risco","12":"pa_risco-produkter-agility-3","13":"pa_risco-produkter-agility-4","14":"pa_wicomm-pro-kategorier-magnetkontakter","15":"tm-no-options","17":"first","18":"instock","19":"sale","20":"featured","21":"taxable","22":"shipping-taxable","23":"purchasable","24":"product-type-simple"},"acf":[],"_links":{"self":[{"href":"https:\/\/secureus.se\/dk\/wp-json\/wp\/v2\/product\/57488","targetHints":{"allow":["GET"]}}],"collection":[{"href":"https:\/\/secureus.se\/dk\/wp-json\/wp\/v2\/product"}],"about":[{"href":"https:\/\/secureus.se\/dk\/wp-json\/wp\/v2\/types\/product"}],"wp:featuredmedia":[{"embeddable":true,"href":"https:\/\/secureus.se\/dk\/wp-json\/wp\/v2\/media\/145404"}],"wp:attachment":[{"href":"https:\/\/secureus.se\/dk\/wp-json\/wp\/v2\/media?parent=57488"}],"wp:term":[{"taxonomy":"product_brand","embeddable":true,"href":"https:\/\/secureus.se\/dk\/wp-json\/wp\/v2\/product_brand?post=57488"},{"taxonomy":"product_cat","embeddable":true,"href":"https:\/\/secureus.se\/dk\/wp-json\/wp\/v2\/product_cat?post=57488"},{"taxonomy":"product_tag","embeddable":true,"href":"https:\/\/secureus.se\/dk\/wp-json\/wp\/v2\/product_tag?post=57488"}],"curies":[{"name":"wp","href":"https:\/\/api.w.org\/{rel}","templated":true}]}}