{"id":57491,"date":"2022-03-10T14:57:00","date_gmt":"2022-03-10T13:57:00","guid":{"rendered":"https:\/\/secureus.se\/produkt\/ridadetektor-x106-inomhus-och-3-6-meters-rackvidd\/"},"modified":"2025-12-31T19:41:21","modified_gmt":"2025-12-31T18:41:21","slug":"risco-ridadetektor-inomhus-2-vags","status":"publish","type":"product","link":"https:\/\/secureus.se\/dk\/risco-ridadetektor-inomhus-2-vags\/","title":{"rendered":"Risco Gardindetektor Indend\u00f8rs 2-vejs"},"content":{"rendered":"<h1>Risco Gardindetektor Indend\u00f8rs 2-vejs<\/h1>\n<p data-start=\"346\" data-end=\"673\">Risco Gardindetektor X106 (mod. RWX10680000) er en h\u00f8jtydende passiv infrar\u00f8d (PIR) gardindetektor designet til brug i b\u00e5de private og erhvervsm\u00e6ssige milj\u00f8er.<\/p>\n<p data-start=\"346\" data-end=\"673\">Den er specielt designet til at beskytte vinduer og store glasd\u00f8re ved at skabe en usynlig barriere, der registrerer bev\u00e6gelse inden for en afstand p\u00e5 3 til 6 meter.<\/p>\n<p data-start=\"675\" data-end=\"1087\">En af de mest imponerende funktioner ved X106 er den unikke solbeskyttelsesteknologi, som g\u00f8r detektoren immun over for solens str\u00e5ler og spotlights, som ellers ofte for\u00e5rsager falske alarmer i andre typer detektorer.<\/p>\n<p data-start=\"675\" data-end=\"1087\">Den \u00e6gte temperaturkompensation sikrer, at detektoren fungerer effektivt, selv under varierende temperaturforhold, hvilket g\u00f8r den til et p\u00e5lideligt valg til alle typer milj\u00f8er.<\/p>\n<p data-start=\"1089\" data-end=\"1326\">X106 er nem at installere, enten direkte p\u00e5 v\u00e6ggen eller med det medf\u00f8lgende 90\u00b0 beslag, som giver dig mulighed for at justere installationsvinklen.<\/p>\n<p data-start=\"1089\" data-end=\"1326\">Monteringsh\u00f8jden kan v\u00e6re op til 3 meter, hvilket giver fleksibilitet under installationen.<\/p>\n<p data-start=\"1328\" data-end=\"1667\">Med en frekvens p\u00e5 868 MHz og kompatibilitet med b\u00e5de ensrettede og tosrettede RISCO tr\u00e5dl\u00f8se systemer er X106 en ideel l\u00f8sning til at skabe et ekstra lag af sikkerhed i dit hjem eller din virksomhed.<\/p>\n<p data-start=\"1328\" data-end=\"1667\">Detektoren drives af et CR123 3V lithiumbatteri (medf\u00f8lger) og har en batterilevetid, der g\u00f8r den b\u00e5de praktisk og omkostningseffektiv.<\/p>\n<p data-start=\"1669\" data-end=\"1699\"><strong data-start=\"1669\" data-end=\"1697\">Hovedfunktioner:<\/strong><\/p>\n<ul data-start=\"1700\" data-end=\"2407\">\n<li data-start=\"1700\" data-end=\"1770\">\n<p data-start=\"1702\" data-end=\"1770\"><strong data-start=\"1702\" data-end=\"1715\">Omfang:<\/strong> 3-6 meter, ideel til vinduer og store glasd\u00f8re<\/p>\n<\/li>\n<li data-start=\"1771\" data-end=\"1867\">\n<p data-start=\"1773\" data-end=\"1867\"><strong data-start=\"1773\" data-end=\"1793\">Solbeskyttelsesteknologi:<\/strong> Immun over for sollys og spotlights for at reducere falske alarmer<\/p>\n<\/li>\n<li data-start=\"1868\" data-end=\"1965\">\n<p data-start=\"1870\" data-end=\"1965\"><strong data-start=\"1870\" data-end=\"1905\">Kompensation for reel temperatur:<\/strong> For p\u00e5lidelig ydeevne under forskellige temperaturforhold<\/p>\n<\/li>\n<li data-start=\"1966\" data-end=\"2065\">\n<p data-start=\"1968\" data-end=\"2065\"><strong data-start=\"1968\" data-end=\"1991\">Nem installation:<\/strong> V\u00e6gmonteret med medf\u00f8lgende 90\u00b0 beslag, monteringsh\u00f8jde op til 3 meter<\/p>\n<\/li>\n<li data-start=\"2066\" data-end=\"2167\">\n<p data-start=\"2068\" data-end=\"2167\"><strong data-start=\"2068\" data-end=\"2080\">Tr\u00e5dl\u00f8s:<\/strong> Bruger 868 MHz-frekvens, kompatibel med RISCO\u2122 ensrettede og tosrettede systemer<\/p>\n<\/li>\n<li data-start=\"2168\" data-end=\"2253\">\n<p data-start=\"2170\" data-end=\"2253\"><strong data-start=\"2170\" data-end=\"2196\">Lang batterilevetid:<\/strong> CR123 3V lithiumbatteri (inkluderet) med lang driftstid<\/p>\n<\/li>\n<li data-start=\"2254\" data-end=\"2314\">\n<p data-start=\"2256\" data-end=\"2314\"><strong data-start=\"2256\" data-end=\"2275\">Kompatibilitet:<\/strong> Fungerer med alle RISCO\u2122 radiosystemer<\/p>\n<\/li>\n<li data-start=\"2315\" data-end=\"2407\">\n<p data-start=\"2317\" data-end=\"2407\"><strong data-start=\"2317\" data-end=\"2336\">Kompakt design:<\/strong> Sm\u00e5 dimensioner (31,5 x 35 x 98,5 mm) for nem integration i forskellige milj\u00f8er<\/p>\n<\/li>\n<\/ul>\n<p data-start=\"2409\" data-end=\"2440\"><strong data-start=\"2409\" data-end=\"2438\">Tekniske specifikationer:<\/strong><\/p>\n<ul data-start=\"2441\" data-end=\"2747\">\n<li data-start=\"2441\" data-end=\"2466\">\n<p data-start=\"2443\" data-end=\"2466\"><strong data-start=\"2443\" data-end=\"2456\">Frekvens:<\/strong> 868 MHz<\/p>\n<\/li>\n<li data-start=\"2467\" data-end=\"2494\">\n<p data-start=\"2469\" data-end=\"2494\"><strong data-start=\"2469\" data-end=\"2482\">Omfang:<\/strong> 3\u20136 meter<\/p>\n<\/li>\n<li data-start=\"2495\" data-end=\"2547\">\n<p data-start=\"2497\" data-end=\"2547\"><strong data-start=\"2497\" data-end=\"2509\">Batteri:<\/strong> CR123 3V lithiumbatteri (inkluderet)<\/p>\n<\/li>\n<li data-start=\"2548\" data-end=\"2581\">\n<p data-start=\"2550\" data-end=\"2581\"><strong data-start=\"2550\" data-end=\"2559\">M\u00e5le:<\/strong> 31,5 x 35 x 98,5 mm<\/p>\n<\/li>\n<li data-start=\"2582\" data-end=\"2622\">\n<p data-start=\"2584\" data-end=\"2622\"><strong data-start=\"2584\" data-end=\"2603\">Monteringsh\u00f8jde:<\/strong> Op til 3 meter<\/p>\n<\/li>\n<li data-start=\"2623\" data-end=\"2698\">\n<p data-start=\"2625\" data-end=\"2698\"><strong data-start=\"2625\" data-end=\"2644\">Kompatibilitet:<\/strong> Risco\u2122 envejs- og tovejs tr\u00e5dl\u00f8se systemer<\/p>\n<\/li>\n<li data-start=\"2699\" data-end=\"2747\">\n<p data-start=\"2701\" data-end=\"2747\"><strong data-start=\"2701\" data-end=\"2733\">Leverand\u00f8rens artikelnummer:<\/strong> RWX10680000<\/p>\n<\/li>\n<\/ul>\n<p data-start=\"2749\" data-end=\"3060\">Risco Gardindetektor X106 er en p\u00e5lidelig og effektiv beskyttelse af vinduer og glasd\u00f8re, hvilket g\u00f8r den til et fremragende valg til b\u00e5de hjem og virksomheder.<\/p>\n<p data-start=\"2749\" data-end=\"3060\">Med solbeskyttelsesteknologi, \u00e6gte temperaturkompensation og nem installation sikrer denne detektor, at dit sikkerhedssystem fungerer optimalt.<\/p>","protected":false},"excerpt":{"rendered":"<p>Risco Curtain Detector X106 er en tr\u00e5dl\u00f8s PIR-detektor til beskyttelse af vinduer og store glasd\u00f8re.<\/p>\n<p>Den har en r\u00e6kkevidde p\u00e5 3-6 meter og bruger solbeskyttelsesteknologi til at reducere falske alarmer.<\/p>","protected":false},"featured_media":145365,"template":"","meta":{"_acf_changed":false},"product_brand":[],"product_cat":[3188,2731],"product_tag":[3152],"class_list":{"0":"post-57491","1":"product","2":"type-product","3":"status-publish","4":"has-post-thumbnail","6":"product_cat-larmenheter-risco-larm","7":"product_cat-risco-larm","8":"product_tag-cr123-tillbehor","9":"product_shipping_class-postnord-varubrev","10":"pa_brands-4risco","11":"pa_risco-produkter-agility-4","12":"tm-no-options","14":"first","15":"onbackorder","16":"sale","17":"featured","18":"taxable","19":"shipping-taxable","20":"purchasable","21":"product-type-simple"},"acf":[],"_links":{"self":[{"href":"https:\/\/secureus.se\/dk\/wp-json\/wp\/v2\/product\/57491","targetHints":{"allow":["GET"]}}],"collection":[{"href":"https:\/\/secureus.se\/dk\/wp-json\/wp\/v2\/product"}],"about":[{"href":"https:\/\/secureus.se\/dk\/wp-json\/wp\/v2\/types\/product"}],"wp:featuredmedia":[{"embeddable":true,"href":"https:\/\/secureus.se\/dk\/wp-json\/wp\/v2\/media\/145365"}],"wp:attachment":[{"href":"https:\/\/secureus.se\/dk\/wp-json\/wp\/v2\/media?parent=57491"}],"wp:term":[{"taxonomy":"product_brand","embeddable":true,"href":"https:\/\/secureus.se\/dk\/wp-json\/wp\/v2\/product_brand?post=57491"},{"taxonomy":"product_cat","embeddable":true,"href":"https:\/\/secureus.se\/dk\/wp-json\/wp\/v2\/product_cat?post=57491"},{"taxonomy":"product_tag","embeddable":true,"href":"https:\/\/secureus.se\/dk\/wp-json\/wp\/v2\/product_tag?post=57491"}],"curies":[{"name":"wp","href":"https:\/\/api.w.org\/{rel}","templated":true}]}}