{"id":57494,"date":"2022-03-10T14:57:00","date_gmt":"2022-03-10T13:57:00","guid":{"rendered":"https:\/\/secureus.se\/produkt\/2-vags-wl-eyewave-pir-husdjurs-kamera-agililty4-och-wicomm-pro-2\/"},"modified":"2025-12-31T19:37:53","modified_gmt":"2025-12-31T18:37:53","slug":"risco-rorelsevakt-med-kamera-2-vags-husdjur-kameradetektor","status":"publish","type":"product","link":"https:\/\/secureus.se\/dk\/risco-rorelsevakt-med-kamera-2-vags-husdjur-kameradetektor\/","title":{"rendered":"Risco bev\u00e6gelsessensor med kamera 2-vejs + k\u00e6ledyrskameradetektor"},"content":{"rendered":"<h1 data-start=\"541\" data-end=\"896\">Risco bev\u00e6gelsessensor med kamera 2-vejs + k\u00e6ledyrskameradetektor<\/h1>\n<p data-start=\"541\" data-end=\"896\">Risco 2-vejs bev\u00e6gelsesdetektor med kamera (Kameradetektor RWX95CMP800C) er en avanceret PIR-detektor med indbygget kamera, designet til at give visuel verifikation af indbrud.<\/p>\n<p data-start=\"541\" data-end=\"896\">Den batteridrevne detektor er kompatibel med Risco Agility\u2122 3 sikkerhedssystemet og tilbyder en r\u00e6kke funktioner, der g\u00f8r den ideel til brug i b\u00e5de private og erhvervsm\u00e6ssige milj\u00f8er.<\/p>\n<p data-start=\"898\" data-end=\"1358\">I tilf\u00e6lde af indbrud eller efter anmodning fra husejeren, optager kameraet en sekvens af billeder og sender dem til Agility 3\u2122-kontrolpanelet.<\/p>\n<p data-start=\"898\" data-end=\"1358\">Disse billeder videresendes via GPRS- eller IP-kommunikation til en fjernserver eller til den centrale overv\u00e5gningsstations software.<\/p>\n<p data-start=\"1360\" data-end=\"1761\">En af de st\u00f8rste fordele ved denne kameradetektor er muligheden for visuelt at verificere alarmh\u00e6ndelser, hvilket hj\u00e6lper med at reducere falske alarmer og \u00f8ger sikkerheden.<\/p>\n<p data-start=\"1360\" data-end=\"1761\">Ved at modtage billeder af h\u00e6ndelsen kan husejeren selv kontrollere, om det virkelig er et indbrud, og hurtigt handle.<\/p>\n<p data-start=\"1360\" data-end=\"1761\">Dette sparer b\u00e5de tid og ressourcer for b\u00e5de brugeren og den centrale overv\u00e5gningsstation.<\/p>\n<p data-start=\"1763\" data-end=\"2076\">Kameradetektoren er udstyret med et VGA- eller QVGA-kamera med et bredt synsfelt p\u00e5 cirka 85\u00b0.<\/p>\n<p data-start=\"1763\" data-end=\"2076\">For at muligg\u00f8re billedoptagelse selv i m\u00f8rke er den udstyret med en diskret IR-blitz, der virker op til 10 meter.<\/p>\n<p data-start=\"1763\" data-end=\"2076\">Det er ogs\u00e5 muligt at konfigurere antallet af billeder og billedhastigheden (fps) i tilf\u00e6lde af en alarmh\u00e6ndelse.<\/p>\n<p data-start=\"2078\" data-end=\"2379\">For at spare batteri og beskytte brugerens privatliv tages der ingen billeder ved frakobling.<\/p>\n<p data-start=\"2078\" data-end=\"2379\">For at lette brugervenlighed kan billeder ogs\u00e5 anmodes om p\u00e5 foresp\u00f8rgsel via smartphone eller webbrowser. Billederne gemmes p\u00e5 detektoren, indtil de overf\u00f8res til panelet, hvilket sikrer, at vigtige beviser ikke g\u00e5r tabt.<\/p>\n<p data-start=\"2381\" data-end=\"2411\"><strong data-start=\"2381\" data-end=\"2409\">Hovedfunktioner:<\/strong><\/p>\n<ul data-start=\"2412\" data-end=\"3108\">\n<li data-start=\"2412\" data-end=\"2482\">\n<p data-start=\"2414\" data-end=\"2482\"><strong data-start=\"2414\" data-end=\"2425\">Kamera:<\/strong> VGA- eller QVGA-opl\u00f8sning med et synsfelt p\u00e5 cirka 85\u00b0<\/p>\n<\/li>\n<li data-start=\"2483\" data-end=\"2568\">\n<p data-start=\"2485\" data-end=\"2568\"><strong data-start=\"2485\" data-end=\"2498\">IR-blitz:<\/strong> Diskret IR-blitz til optagelse i totalt m\u00f8rke, op til 10 meter<\/p>\n<\/li>\n<li data-start=\"2569\" data-end=\"2612\">\n<p data-start=\"2571\" data-end=\"2612\"><strong data-start=\"2571\" data-end=\"2584\">Omfang:<\/strong> 12 meters detektionsomr\u00e5de<\/p>\n<\/li>\n<li data-start=\"2613\" data-end=\"2670\">\n<p data-start=\"2615\" data-end=\"2670\"><strong data-start=\"2615\" data-end=\"2627\">Batteri:<\/strong> Drevet af 2 langtidsholdbare 3V lithium-batterier<\/p>\n<\/li>\n<li data-start=\"2671\" data-end=\"2764\">\n<p data-start=\"2673\" data-end=\"2764\"><strong data-start=\"2673\" data-end=\"2697\">Visuel verifikation:<\/strong> Sender billeder i tilf\u00e6lde af indbrud og p\u00e5 brugerens anmodning<\/p>\n<\/li>\n<li data-start=\"2765\" data-end=\"2830\">\n<p data-start=\"2767\" data-end=\"2830\"><strong data-start=\"2767\" data-end=\"2786\">Kompatibilitet:<\/strong> Kompatibel med Agility\u2122 3 sikkerhedssystem<\/p>\n<\/li>\n<li data-start=\"2831\" data-end=\"2905\">\n<p data-start=\"2833\" data-end=\"2905\"><strong data-start=\"2833\" data-end=\"2855\">Billedsekvens:<\/strong> Konfigurerbart antal billeder og fps ved begivenhed<\/p>\n<\/li>\n<li data-start=\"2906\" data-end=\"2961\">\n<p data-start=\"2908\" data-end=\"2961\"><strong data-start=\"2908\" data-end=\"2929\">Beskyttelse af privatlivets fred:<\/strong> Der tages ingen billeder ved frakobling<\/p>\n<\/li>\n<li data-start=\"2962\" data-end=\"3034\">\n<p data-start=\"2964\" data-end=\"3034\"><strong data-start=\"2964\" data-end=\"2981\">Fjernadgang:<\/strong> Billeder kan anmodes om via smartphone eller browser<\/p>\n<\/li>\n<li data-start=\"3035\" data-end=\"3108\">\n<p data-start=\"3037\" data-end=\"3108\"><strong data-start=\"3037\" data-end=\"3049\">Opbevaring:<\/strong> Billeder gemmes p\u00e5 detektoren, indtil de sendes til panelet<\/p>\n<\/li>\n<\/ul>\n<p data-start=\"3110\" data-end=\"3141\"><strong data-start=\"3110\" data-end=\"3139\">Tekniske specifikationer:<\/strong><\/p>\n<ul data-start=\"3142\" data-end=\"3481\">\n<li data-start=\"3142\" data-end=\"3176\">\n<p data-start=\"3144\" data-end=\"3176\"><strong data-start=\"3144\" data-end=\"3159\">L\u00f8sning:<\/strong> VGA eller QVGA<\/p>\n<\/li>\n<li data-start=\"3177\" data-end=\"3197\">\n<p data-start=\"3179\" data-end=\"3197\"><strong data-start=\"3179\" data-end=\"3191\">Synsfelt:<\/strong> 85\u00b0<\/p>\n<\/li>\n<li data-start=\"3198\" data-end=\"3224\">\n<p data-start=\"3200\" data-end=\"3224\"><strong data-start=\"3200\" data-end=\"3213\">Omfang:<\/strong> 12 meter<\/p>\n<\/li>\n<li data-start=\"3225\" data-end=\"3260\">\n<p data-start=\"3227\" data-end=\"3260\"><strong data-start=\"3227\" data-end=\"3240\">IR-blitz:<\/strong> Op til 10 meter<\/p>\n<\/li>\n<li data-start=\"3261\" data-end=\"3300\">\n<p data-start=\"3263\" data-end=\"3300\"><strong data-start=\"3263\" data-end=\"3275\">Batteri:<\/strong> 2 x 3V lithium-batterier<\/p>\n<\/li>\n<li data-start=\"3301\" data-end=\"3340\">\n<p data-start=\"3303\" data-end=\"3340\"><strong data-start=\"3303\" data-end=\"3319\">Dimensioner:<\/strong> 132 x 67,5 x 56 mm<\/p>\n<\/li>\n<li data-start=\"3341\" data-end=\"3433\">\n<p data-start=\"3343\" data-end=\"3433\"><strong data-start=\"3343\" data-end=\"3358\">Funktioner:<\/strong> PIR-sensor, kamera, IR-blitz, tr\u00e5dl\u00f8s kommunikation, visuel verifikation<\/p>\n<\/li>\n<li data-start=\"3434\" data-end=\"3481\">\n<p data-start=\"3436\" data-end=\"3481\"><strong data-start=\"3436\" data-end=\"3468\">Leverand\u00f8rens artikelnummer:<\/strong> RWX95CMP800C<\/p>\n<\/li>\n<\/ul>\n<p data-start=\"3483\" data-end=\"3776\">Risco 2-vejs bev\u00e6gelsessensor med kamera er et perfekt valg for brugere, der \u00f8nsker b\u00e5de bev\u00e6gelsesdetektion og visuel verifikation af sikkerhedsh\u00e6ndelser.<\/p>\n<p data-start=\"3483\" data-end=\"3776\">Med sin avancerede teknologi, brugervenlige funktioner og batteridrevne design er denne detektor en p\u00e5lidelig del af ethvert sikkerhedssystem.<\/p>\n<div class=\"field field-name-field-product-description field-type-text-long field-label-hidden\">\n<div class=\"field-items\">\n<div class=\"field-item even\">\n<div>\n<div class=\"row\">\n<div>\n<h4>L\u00e6r mere om WiComm Pro og disse muligheder!<\/h4>\n<p><a href=\"https:\/\/www.riscogroup.com\/products\/product\/52708\" target=\"_blank\" rel=\"noopener\">Her kan du l\u00e6se mere om WiCom Pro p\u00e5 Risco Groups hjemmeside\u00a0<\/a><\/p>\n<p><iframe title=\"Wicomm Smart Hub US\" width=\"1170\" height=\"658\" src=\"https:\/\/www.youtube.com\/embed\/5PHoH2dRjEs?feature=oembed\" frameborder=\"0\" allow=\"accelerometer; autoplay; clipboard-write; encrypted-media; gyroscope; picture-in-picture; web-share\" referrerpolicy=\"strict-origin-when-cross-origin\" allowfullscreen><\/iframe><\/p>\n<\/div>\n<\/div>\n<\/div>\n<\/div>\n<\/div>\n<\/div>","protected":false},"excerpt":{"rendered":"<p>Risco 2-vejs bev\u00e6gelsessensor med kamera og k\u00e6ledyrsfunktion (RWX95CMP800C) er en batteridrevet PIR-detektor med et integreret kamera til visuel verifikation.<\/p>\n<p>Den er perfekt til brug med Agility\u2122 3 sikkerhedssystemet og tilbyder en r\u00e6kkevidde p\u00e5 12 meter, vidvinkelobjektiv og diskret IR-blitz til at tage billeder i m\u00f8rke. K\u00e6ledyrsfunktion op til 36 kg.<\/p>","protected":false},"featured_media":145489,"template":"","meta":{"_acf_changed":false},"product_brand":[],"product_cat":[3188,2731],"product_tag":[],"class_list":{"0":"post-57494","1":"product","2":"type-product","3":"status-publish","4":"has-post-thumbnail","6":"product_cat-larmenheter-risco-larm","7":"product_cat-risco-larm","8":"product_shipping_class-postnord-varubrev","9":"pa_brands-4risco","10":"pa_risco-produkter-agility-3","11":"pa_risco-produkter-agility-4","12":"pa_wicomm-pro-kategorier-kameradetektorer","13":"tm-no-options","15":"first","16":"instock","17":"sale","18":"featured","19":"taxable","20":"shipping-taxable","21":"purchasable","22":"product-type-simple"},"acf":[],"_links":{"self":[{"href":"https:\/\/secureus.se\/dk\/wp-json\/wp\/v2\/product\/57494","targetHints":{"allow":["GET"]}}],"collection":[{"href":"https:\/\/secureus.se\/dk\/wp-json\/wp\/v2\/product"}],"about":[{"href":"https:\/\/secureus.se\/dk\/wp-json\/wp\/v2\/types\/product"}],"wp:featuredmedia":[{"embeddable":true,"href":"https:\/\/secureus.se\/dk\/wp-json\/wp\/v2\/media\/145489"}],"wp:attachment":[{"href":"https:\/\/secureus.se\/dk\/wp-json\/wp\/v2\/media?parent=57494"}],"wp:term":[{"taxonomy":"product_brand","embeddable":true,"href":"https:\/\/secureus.se\/dk\/wp-json\/wp\/v2\/product_brand?post=57494"},{"taxonomy":"product_cat","embeddable":true,"href":"https:\/\/secureus.se\/dk\/wp-json\/wp\/v2\/product_cat?post=57494"},{"taxonomy":"product_tag","embeddable":true,"href":"https:\/\/secureus.se\/dk\/wp-json\/wp\/v2\/product_tag?post=57494"}],"curies":[{"name":"wp","href":"https:\/\/api.w.org\/{rel}","templated":true}]}}