{"id":57495,"date":"2022-03-10T14:57:00","date_gmt":"2022-03-10T13:57:00","guid":{"rendered":"https:\/\/secureus.se\/produkt\/rorelsesensor-t95-digital-ir-15-x-15-meter\/"},"modified":"2025-12-31T19:41:31","modified_gmt":"2025-12-31T18:41:31","slug":"risco-2-vags-rorelsevakt-pir-rorelsedetektor-t95","status":"publish","type":"product","link":"https:\/\/secureus.se\/dk\/risco-2-vags-rorelsevakt-pir-rorelsedetektor-t95\/","title":{"rendered":"Risco 2-vejs Bev\u00e6gelsesmonitor - PIR Bev\u00e6gelsesdetektor T95"},"content":{"rendered":"<h1>Risco 2-vejs Bev\u00e6gelsesmonitor - PIR Bev\u00e6gelsesdetektor T95<\/h1>\n<p data-start=\"486\" data-end=\"883\">Risco 2-vejs bev\u00e6gelsessensor PIR-bev\u00e6gelsesdetektor Tp95 (mod. RWX95086800) er en tr\u00e5dl\u00f8s passiv infrar\u00f8d bev\u00e6gelsesdetektor, der tilbyder en p\u00e5lidelig l\u00f8sning til sikkerhedssystemer, hvor h\u00f8j ydeevne og nem installation er vigtig.<\/p>\n<p data-start=\"486\" data-end=\"883\">Med en r\u00e6kkevidde p\u00e5 op til 15\u00d715 meter og en monteringsh\u00f8jde p\u00e5 mellem 2,2 og 2,5 meter er denne detektor velegnet til b\u00e5de private og kommercielle sikkerhedsinstallationer.<\/p>\n<p data-start=\"885\" data-end=\"1131\">Detektoren er designet til nemt at kunne monteres i et hj\u00f8rne eller fladt p\u00e5 en v\u00e6g uden behov for yderligere tilbeh\u00f8r, hvilket g\u00f8r installationen hurtig og nem.<\/p>\n<p data-start=\"885\" data-end=\"1131\">Den bruger et langtidsholdbart 3V lithiumbatteri (medf\u00f8lger) for at sikre langvarig drift.<\/p>\n<p data-start=\"1133\" data-end=\"1483\">En af de mest fremtr\u00e6dende funktioner ved Tp95 er dens sensorbeskyttelse, som forhindrer falske alarmer for\u00e5rsaget af insekter.<\/p>\n<p data-start=\"1133\" data-end=\"1483\">Dens pigmenterede vidvinkelobjektiv beskytter mod hvidt lys og minimerer risikoen for falske alarmer for\u00e5rsaget af st\u00e6rkt omgivende lys.<\/p>\n<p data-start=\"1133\" data-end=\"1483\">Dette g\u00f8r den til en ideel l\u00f8sning til installationer i milj\u00f8er, hvor s\u00e5dan interferens kan forekomme.<\/p>\n<p data-start=\"1485\" data-end=\"1728\">For ekstra sikkerhed er Tp95 udstyret med manipulationsbeskyttelse, hvilket betyder, at hvis detektoren fors\u00f8ges fjernet fra v\u00e6ggen, vil den straks udl\u00f8se en alarm.<\/p>\n<p data-start=\"1485\" data-end=\"1728\">Dette g\u00f8r systemet yderst modstandsdygtigt over for manipulation og indtr\u00e6ngen.<\/p>\n<p data-start=\"1730\" data-end=\"1988\">Risco 2-vejs bev\u00e6gelsessensor PIR-bev\u00e6gelsesdetektor Tp95 bruger tovejsradio, som muligg\u00f8r tr\u00e5dl\u00f8s kommunikation med sikkerhedssystemet.<\/p>\n<p data-start=\"1730\" data-end=\"1988\">Den har ogs\u00e5 digital signalbehandling og \u00e6gte temperaturkompensation, hvilket forbedrer dens ydeevne og n\u00f8jagtighed.<\/p>\n<p data-start=\"1990\" data-end=\"2020\"><strong data-start=\"1990\" data-end=\"2018\">Hovedfunktioner:<\/strong><\/p>\n<ul data-start=\"2021\" data-end=\"2601\">\n<li data-start=\"2021\" data-end=\"2050\">\n<p data-start=\"2023\" data-end=\"2050\"><strong data-start=\"2023\" data-end=\"2036\">Omfang:<\/strong> 15\u00d715 meter<\/p>\n<\/li>\n<li data-start=\"2051\" data-end=\"2093\">\n<p data-start=\"2053\" data-end=\"2093\"><strong data-start=\"2053\" data-end=\"2072\">Monteringsh\u00f8jde:<\/strong> 2,2 til 2,5 meter<\/p>\n<\/li>\n<li data-start=\"2094\" data-end=\"2170\">\n<p data-start=\"2096\" data-end=\"2170\"><strong data-start=\"2096\" data-end=\"2116\">Lang batterilevetid:<\/strong> Drevet af et langtidsholdbart 3V lithiumbatteri (inkluderet)<\/p>\n<\/li>\n<li data-start=\"2171\" data-end=\"2233\">\n<p data-start=\"2173\" data-end=\"2233\"><strong data-start=\"2173\" data-end=\"2189\">Sensorbeskyttelse:<\/strong> Forhindrer falske alarmer for\u00e5rsaget af insekter<\/p>\n<\/li>\n<li data-start=\"2234\" data-end=\"2318\">\n<p data-start=\"2236\" data-end=\"2318\"><strong data-start=\"2236\" data-end=\"2266\">Pigmenteret vidvinkelobjektiv:<\/strong> Beskytter mod hvidt lys for at forhindre falske alarmer<\/p>\n<\/li>\n<li data-start=\"2319\" data-end=\"2375\">\n<p data-start=\"2321\" data-end=\"2375\"><strong data-start=\"2321\" data-end=\"2339\">Sabotagebeskyttelse:<\/strong> Beskyttelse mod fjernelse fra v\u00e6ggen<\/p>\n<\/li>\n<li data-start=\"2376\" data-end=\"2458\">\n<p data-start=\"2378\" data-end=\"2458\"><strong data-start=\"2378\" data-end=\"2399\">Digital detektor:<\/strong> Med \u00e6gte temperaturkompensation for h\u00f8jere n\u00f8jagtighed<\/p>\n<\/li>\n<li data-start=\"2459\" data-end=\"2532\">\n<p data-start=\"2461\" data-end=\"2532\"><strong data-start=\"2461\" data-end=\"2487\">Tr\u00e5dl\u00f8s kommunikation:<\/strong> Tovejsradio for p\u00e5lidelig signaltransmission<\/p>\n<\/li>\n<li data-start=\"2533\" data-end=\"2601\">\n<p data-start=\"2535\" data-end=\"2601\"><strong data-start=\"2535\" data-end=\"2561\">Fleksibel installation:<\/strong> Kan monteres i et hj\u00f8rne eller fladt p\u00e5 v\u00e6ggen<\/p>\n<\/li>\n<\/ul>\n<p data-start=\"2603\" data-end=\"2634\"><strong data-start=\"2603\" data-end=\"2632\">Tekniske specifikationer:<\/strong><\/p>\n<ul data-start=\"2635\" data-end=\"3108\">\n<li data-start=\"2635\" data-end=\"2660\">\n<p data-start=\"2637\" data-end=\"2660\"><strong data-start=\"2637\" data-end=\"2650\">Frekvens:<\/strong> 868 MHz<\/p>\n<\/li>\n<li data-start=\"2661\" data-end=\"2705\">\n<p data-start=\"2663\" data-end=\"2705\"><strong data-start=\"2663\" data-end=\"2676\">Omfang:<\/strong> 15\u00d715 meter (PIR-detektor)<\/p>\n<\/li>\n<li data-start=\"2706\" data-end=\"2748\">\n<p data-start=\"2708\" data-end=\"2748\"><strong data-start=\"2708\" data-end=\"2727\">Monteringsh\u00f8jde:<\/strong> 2,2 til 2,5 meter<\/p>\n<\/li>\n<li data-start=\"2749\" data-end=\"2803\">\n<p data-start=\"2751\" data-end=\"2803\"><strong data-start=\"2751\" data-end=\"2772\">Str\u00f8mforsyning:<\/strong> 3V litiumbatteri (inkluderet)<\/p>\n<\/li>\n<li data-start=\"2804\" data-end=\"2885\">\n<p data-start=\"2806\" data-end=\"2885\"><strong data-start=\"2806\" data-end=\"2816\">Beskyttelse:<\/strong> Sensorbeskyttelse mod insekter, pigmenteret linse til beskyttelse mod hvidt lys<\/p>\n<\/li>\n<li data-start=\"2886\" data-end=\"2932\">\n<p data-start=\"2888\" data-end=\"2932\"><strong data-start=\"2888\" data-end=\"2906\">Sabotagebeskyttelse:<\/strong> Forhindrer manipulation<\/p>\n<\/li>\n<li data-start=\"2933\" data-end=\"2993\">\n<p data-start=\"2935\" data-end=\"2993\"><strong data-start=\"2935\" data-end=\"2962\">Temperaturkompensation:<\/strong> Ja, digital signalbehandling<\/p>\n<\/li>\n<li data-start=\"2994\" data-end=\"3061\">\n<p data-start=\"2996\" data-end=\"3061\"><strong data-start=\"2996\" data-end=\"3018\">Installationskrav:<\/strong> Nem at installere uden yderligere tilbeh\u00f8r<\/p>\n<\/li>\n<li data-start=\"3062\" data-end=\"3108\">\n<p data-start=\"3064\" data-end=\"3108\"><strong data-start=\"3064\" data-end=\"3096\">Leverand\u00f8rens artikelnummer:<\/strong> RWX95086800<\/p>\n<\/li>\n<\/ul>\n<p data-start=\"3110\" data-end=\"3375\">Risco 2-vejs bev\u00e6gelsessensor PIR-bev\u00e6gelsesdetektor Tp95 tilbyder en h\u00f8jtydende sikkerhedsl\u00f8sning med lang batterilevetid og robust beskyttelse mod falske alarmer og sabotage.<\/p>\n<p data-start=\"3110\" data-end=\"3375\">Det er perfekt til b\u00e5de hjem og virksomheder, der har brug for et p\u00e5lideligt og fleksibelt sikkerhedssystem.<\/p>","protected":false},"excerpt":{"rendered":"<p>Risco 2-vejs bev\u00e6gelsessensor PIR-bev\u00e6gelsesdetektor Tp95 er en digital tr\u00e5dl\u00f8s passiv IR-detektor med en r\u00e6kkevidde p\u00e5 op til 15\u00d715 meter.<\/p>\n<p>Den er nem at installere i hj\u00f8rner eller p\u00e5 v\u00e6gge uden yderligere tilbeh\u00f8r og har lang batterilevetid, pigmenteret vidvinkelobjektiv til beskyttelse mod hvidt lys og manipulationsbeskyttelse.<\/p>","protected":false},"featured_media":145476,"template":"","meta":{"_acf_changed":false},"product_brand":[],"product_cat":[3188,2731],"product_tag":[],"class_list":{"0":"post-57495","1":"product","2":"type-product","3":"status-publish","4":"has-post-thumbnail","6":"product_cat-larmenheter-risco-larm","7":"product_cat-risco-larm","8":"product_shipping_class-postnord-varubrev","9":"pa_brands-4risco","10":"pa_risco-produkter-agility-2","11":"pa_risco-produkter-agility-3","12":"pa_risco-produkter-agility-4","13":"tm-no-options","15":"first","16":"instock","17":"sale","18":"featured","19":"taxable","20":"shipping-taxable","21":"purchasable","22":"product-type-simple"},"acf":[],"_links":{"self":[{"href":"https:\/\/secureus.se\/dk\/wp-json\/wp\/v2\/product\/57495","targetHints":{"allow":["GET"]}}],"collection":[{"href":"https:\/\/secureus.se\/dk\/wp-json\/wp\/v2\/product"}],"about":[{"href":"https:\/\/secureus.se\/dk\/wp-json\/wp\/v2\/types\/product"}],"wp:featuredmedia":[{"embeddable":true,"href":"https:\/\/secureus.se\/dk\/wp-json\/wp\/v2\/media\/145476"}],"wp:attachment":[{"href":"https:\/\/secureus.se\/dk\/wp-json\/wp\/v2\/media?parent=57495"}],"wp:term":[{"taxonomy":"product_brand","embeddable":true,"href":"https:\/\/secureus.se\/dk\/wp-json\/wp\/v2\/product_brand?post=57495"},{"taxonomy":"product_cat","embeddable":true,"href":"https:\/\/secureus.se\/dk\/wp-json\/wp\/v2\/product_cat?post=57495"},{"taxonomy":"product_tag","embeddable":true,"href":"https:\/\/secureus.se\/dk\/wp-json\/wp\/v2\/product_tag?post=57495"}],"curies":[{"name":"wp","href":"https:\/\/api.w.org\/{rel}","templated":true}]}}