{"id":57496,"date":"2022-03-10T14:57:00","date_gmt":"2022-03-10T13:57:00","guid":{"rendered":"https:\/\/secureus.se\/produkt\/tagg-nyckelbricka-agility-risco-och-logo\/"},"modified":"2025-12-31T19:38:06","modified_gmt":"2025-12-31T18:38:06","slug":"tagg-till-risco-knappsats-2-pack","status":"publish","type":"product","link":"https:\/\/secureus.se\/dk\/tagg-till-risco-knappsats-2-pack\/","title":{"rendered":"Risco Prox-tag til Agility &amp; WiComm Pro-tastatur - 2-pak"},"content":{"rendered":"<h1>Tag til Risco Tastatur 2-pak<\/h1>\n<p>Kompatibel til pandapaneler<\/p>\n<h3 class=\"product-details-module__title ec-header-h6\">Produktdetaljer for Tagg Agility WiComm Pro<\/h3>\n<div class=\"product-details-module__content\">\n<div id=\"productDescription\" class=\"product-details__product-description\">\n<div>\n<p>Enkel frakobling og tilkobling med\u00a0<strong>alarmm\u00e6rker<\/strong>, ogs\u00e5 kaldet tags.<\/p>\n<p>Kan fastg\u00f8res til n\u00f8gleringen. Et alarmskilt er personligt og supplerer den firecifrede kode.<\/p>\n<p>Fleksibiliteten g\u00f8r alarmbakken til et meget popul\u00e6rt produkt blandt vores kunder.<\/p>\n<p>Et m\u00e6rke er en bekvem m\u00e5de at administrere og kontrollere alarmer p\u00e5 - hvis du mister en, programmerer du den bare v\u00e6k og tilf\u00f8jer en ny.<\/p>\n<p>Et og samme alarmskilt kan bruges til flere forskellige alarmsystemer, fx til at alarmere i hjemmet, p\u00e5 arbejdet og i sommerhuset.<\/p>\n<h4>L\u00e6r mere om WiComm Pro og disse muligheder!<\/h4>\n<p><a href=\"https:\/\/www.riscogroup.com\/products\/product\/52708\" target=\"_blank\" rel=\"noopener\">Her kan du l\u00e6se mere om WiCom Pro p\u00e5 Risco Groups hjemmeside\u00a0<\/a><\/p>\n<p><iframe title=\"Wicomm Smart Hub US\" width=\"1170\" height=\"658\" src=\"https:\/\/www.youtube.com\/embed\/5PHoH2dRjEs?feature=oembed\" frameborder=\"0\" allow=\"accelerometer; autoplay; clipboard-write; encrypted-media; gyroscope; picture-in-picture; web-share\" referrerpolicy=\"strict-origin-when-cross-origin\" allowfullscreen><\/iframe><\/p>\n<\/div>\n<\/div>\n<\/div>","protected":false},"excerpt":{"rendered":"<p>Til Panda panel Risco. Enkel frakobling og tilkobling med <strong>alarmm\u00e6rker<\/strong>, ogs\u00e5 kaldet tags.<\/p>\n<p>Kan fastg\u00f8res til n\u00f8gleringen. Et alarmskilt er personligt og supplerer den firecifrede kode.<\/p>\n<p><span data-teams=\"true\"><span class=\"ui-provider a b c d e f g h i j k l m n o p q r s t u v w x y z ab ac ae af ag ah ai aj ak\" dir=\"ltr\">Produktet leveres med 2 tags.<\/span><\/span><\/p>","protected":false},"featured_media":145696,"template":"","meta":{"_acf_changed":false},"product_brand":[],"product_cat":[4882,4881,4879],"product_tag":[2426,2958],"class_list":{"0":"post-57496","1":"product","2":"type-product","3":"status-publish","4":"has-post-thumbnail","6":"product_cat-agility-v4-3-2","7":"product_cat-overfallslarm-fjarrkontroll","8":"product_cat-wicomm-pro","9":"product_tag-rel-risco","10":"product_tag-stonehouse-produkt","11":"product_shipping_class-postnord-varubrev","12":"pa_brands-stonehouse-security","13":"pa_risco-produkter-agility-4","14":"tm-no-options","16":"first","17":"instock","18":"sale","19":"featured","20":"taxable","21":"shipping-taxable","22":"purchasable","23":"product-type-simple"},"acf":[],"_links":{"self":[{"href":"https:\/\/secureus.se\/dk\/wp-json\/wp\/v2\/product\/57496","targetHints":{"allow":["GET"]}}],"collection":[{"href":"https:\/\/secureus.se\/dk\/wp-json\/wp\/v2\/product"}],"about":[{"href":"https:\/\/secureus.se\/dk\/wp-json\/wp\/v2\/types\/product"}],"wp:featuredmedia":[{"embeddable":true,"href":"https:\/\/secureus.se\/dk\/wp-json\/wp\/v2\/media\/145696"}],"wp:attachment":[{"href":"https:\/\/secureus.se\/dk\/wp-json\/wp\/v2\/media?parent=57496"}],"wp:term":[{"taxonomy":"product_brand","embeddable":true,"href":"https:\/\/secureus.se\/dk\/wp-json\/wp\/v2\/product_brand?post=57496"},{"taxonomy":"product_cat","embeddable":true,"href":"https:\/\/secureus.se\/dk\/wp-json\/wp\/v2\/product_cat?post=57496"},{"taxonomy":"product_tag","embeddable":true,"href":"https:\/\/secureus.se\/dk\/wp-json\/wp\/v2\/product_tag?post=57496"}],"curies":[{"name":"wp","href":"https:\/\/api.w.org\/{rel}","templated":true}]}}