{"id":57497,"date":"2022-03-10T14:57:00","date_gmt":"2022-03-10T13:57:00","guid":{"rendered":"https:\/\/secureus.se\/produkt\/rorelsesensor-t95p-digital-ir-15-x-15-meter-med-husdjursimmunitet\/"},"modified":"2026-01-16T18:49:07","modified_gmt":"2026-01-16T17:49:07","slug":"risco-rorelsevakt-husdjur-rorelsedetektor-2-vags-t95-pet","status":"publish","type":"product","link":"https:\/\/secureus.se\/dk\/risco-rorelsevakt-husdjur-rorelsedetektor-2-vags-t95-pet\/","title":{"rendered":"Risco Bev\u00e6gelsessensor + K\u00e6ledyrsbev\u00e6gelsesdetektor 2-vejs T95 K\u00e6ledyr"},"content":{"rendered":"<h1>Risco Bev\u00e6gelsessensor + K\u00e6ledyrsbev\u00e6gelsesdetektor 2-vejs T95 K\u00e6ledyr<\/h1>\n<p data-start=\"410\" data-end=\"738\">Risco 2-vejs bev\u00e6gelsessensor T95 Pet (mod. RWX95P86800) er en digital tr\u00e5dl\u00f8s passiv infrar\u00f8d (PIR) detektor, der er perfekt til brug i hjem, kontorer og sm\u00e5 kommercielle installationer.<\/p>\n<p data-start=\"410\" data-end=\"738\">Denne detektor har en r\u00e6kkevidde p\u00e5 12\u00d712 meter (40&#039;x40\u2032) og tilbyder et bredt synsfelt for at sikre, at intet omr\u00e5de er ubeskyttet.<\/p>\n<p data-start=\"740\" data-end=\"1129\"><strong data-start=\"740\" data-end=\"761\">K\u00e6ledyrs immunitet<\/strong><br data-start=\"761\" data-end=\"764\" \/>En af de mest bem\u00e6rkelsesv\u00e6rdige funktioner ved T95 Pet er dens immunitet over for k\u00e6ledyr. Den har en variabel t\u00e6rskelv\u00e6rdi for k\u00e6ledyr (VPT\u2122), der g\u00f8r den ideel til milj\u00f8er med k\u00e6ledyr, da den kan ignorere bev\u00e6gelse fra k\u00e6ledyr p\u00e5 op til 36 kg.<\/p>\n<p data-start=\"740\" data-end=\"1129\">Dette g\u00f8r detektoren perfekt til husholdninger eller kontorer, hvor sm\u00e5 til mellemstore k\u00e6ledyr er til stede, uden at for\u00e5rsage falske alarmer.<\/p>\n<p data-start=\"1131\" data-end=\"1453\"><strong data-start=\"1131\" data-end=\"1163\">2-vejs tr\u00e5dl\u00f8s kommunikation<\/strong><br data-start=\"1163\" data-end=\"1166\" \/>T95 Pet bruger 2-vejs tr\u00e5dl\u00f8s kommunikation, hvilket giver h\u00f8jere sikkerhed gennem reduceret tr\u00e5dl\u00f8s overbelastning og effektiv fjernbetjening og diagnosticering.<\/p>\n<p data-start=\"1131\" data-end=\"1453\">Denne funktion g\u00f8r det nemmere at holde systemet optimalt, samtidig med at RF-kommunikationen holdes lav for at reducere interferens.<\/p>\n<p data-start=\"1455\" data-end=\"1735\"><strong data-start=\"1455\" data-end=\"1487\">Intelligent signalbehandling<\/strong><br data-start=\"1487\" data-end=\"1490\" \/>Den digitale signalbehandling sikrer, at detektoren kan registrere bev\u00e6gelse pr\u00e6cist og p\u00e5lideligt.<\/p>\n<p data-start=\"1455\" data-end=\"1735\">Den er ogs\u00e5 udstyret med en beskyttende sensorhylster, der forhindrer falske alarmer fra sm\u00e5 insekter, hvilket g\u00f8r systemet endnu mere p\u00e5lideligt.<\/p>\n<p data-start=\"1737\" data-end=\"2023\"><strong data-start=\"1737\" data-end=\"1755\">Valgfrie linser<\/strong><br data-start=\"1755\" data-end=\"1758\" \/>For yderligere at tilpasse systemet til specifikke behov tilbyder T95 Pet valgfrie linser, der kan bruges til at skr\u00e6ddersy d\u00e6kningen.<\/p>\n<p data-start=\"1737\" data-end=\"2023\">Brug standardlinsen til 12 meters d\u00e6kning, eller v\u00e6lg gardinlinsen til at beskytte l\u00e6ngere afstande (op til 23 m).<\/p>\n<p data-start=\"2025\" data-end=\"2055\"><strong data-start=\"2025\" data-end=\"2053\">Hovedfunktioner:<\/strong><\/p>\n<ul data-start=\"2056\" data-end=\"2581\">\n<li data-start=\"2056\" data-end=\"2105\">\n<p data-start=\"2058\" data-end=\"2105\"><strong data-start=\"2058\" data-end=\"2071\">D\u00e6kning:<\/strong> 12\u00d712 meter (40&#039;x40\u2032) vidvinkel<\/p>\n<\/li>\n<li data-start=\"2106\" data-end=\"2191\">\n<p data-start=\"2108\" data-end=\"2191\"><strong data-start=\"2108\" data-end=\"2130\">K\u00e6ledyrs immunitet:<\/strong> Op til 36 kg (80 lb) med variabel k\u00e6ledyrst\u00e6rskel (VPT\u2122)<\/p>\n<\/li>\n<li data-start=\"2192\" data-end=\"2273\">\n<p data-start=\"2194\" data-end=\"2273\"><strong data-start=\"2194\" data-end=\"2227\">2-vejs tr\u00e5dl\u00f8s kommunikation:<\/strong> H\u00f8jere sikkerhed og reduceret RF-kommunikation<\/p>\n<\/li>\n<li data-start=\"2274\" data-end=\"2344\">\n<p data-start=\"2276\" data-end=\"2344\"><strong data-start=\"2276\" data-end=\"2309\">Intelligent signalbehandling:<\/strong> Til pr\u00e6cis bev\u00e6gelsesregistrering<\/p>\n<\/li>\n<li data-start=\"2345\" data-end=\"2433\">\n<p data-start=\"2347\" data-end=\"2433\"><strong data-start=\"2347\" data-end=\"2371\">Beskyttelse mod falske alarmer:<\/strong> Beskyttende sensorhylster for at forhindre falske alarmer fra insekter<\/p>\n<\/li>\n<li data-start=\"2434\" data-end=\"2500\">\n<p data-start=\"2436\" data-end=\"2500\"><strong data-start=\"2436\" data-end=\"2455\">Valgfrie linser:<\/strong> 12m gardinlinse eller 23m langdistancelinser<\/p>\n<\/li>\n<li data-start=\"2501\" data-end=\"2581\">\n<p data-start=\"2503\" data-end=\"2581\"><strong data-start=\"2503\" data-end=\"2522\">Kompatibilitet:<\/strong> Agility\u21223, Agility\u21224, WiComm Pro og andre Risco-systemer<\/p>\n<\/li>\n<\/ul>\n<p data-start=\"2583\" data-end=\"2614\"><strong data-start=\"2583\" data-end=\"2612\">Tekniske specifikationer:<\/strong><\/p>\n<ul data-start=\"2615\" data-end=\"2917\">\n<li data-start=\"2615\" data-end=\"2650\">\n<p data-start=\"2617\" data-end=\"2650\"><strong data-start=\"2617\" data-end=\"2630\">Omfang:<\/strong> 12\u00d712 m (40&#039;x40&#039;)<\/p>\n<\/li>\n<li data-start=\"2651\" data-end=\"2736\">\n<p data-start=\"2653\" data-end=\"2736\"><strong data-start=\"2653\" data-end=\"2675\">K\u00e6ledyrs immunitet:<\/strong> Op til 36 kg (80 lb) med variabel k\u00e6ledyrst\u00e6rskel (VPT\u2122)<\/p>\n<\/li>\n<li data-start=\"2737\" data-end=\"2774\">\n<p data-start=\"2739\" data-end=\"2774\"><strong data-start=\"2739\" data-end=\"2757\">Meddelelse:<\/strong> 2-vejs tr\u00e5dl\u00f8s<\/p>\n<\/li>\n<li data-start=\"2775\" data-end=\"2816\">\n<p data-start=\"2777\" data-end=\"2816\"><strong data-start=\"2777\" data-end=\"2789\">Batteri:<\/strong> 3V litiumbatteri (inkluderet)<\/p>\n<\/li>\n<li data-start=\"2817\" data-end=\"2868\">\n<p data-start=\"2819\" data-end=\"2868\"><strong data-start=\"2819\" data-end=\"2828\">M\u00e5le:<\/strong> Kompakt design for nem installation<\/p>\n<\/li>\n<li data-start=\"2869\" data-end=\"2917\">\n<p data-start=\"2871\" data-end=\"2917\"><strong data-start=\"2871\" data-end=\"2903\">Leverand\u00f8rens artikelnummer:<\/strong> RWX95P86800<\/p>\n<\/li>\n<\/ul>\n<p data-start=\"2919\" data-end=\"3223\">Risco 2-vejs bev\u00e6gelsessensor T95 Pet er den perfekte l\u00f8sning til at sikre, at dit sikkerhedssystem fungerer effektivt uden at for\u00e5rsage falske alarmer, n\u00e5r der er k\u00e6ledyr til stede.<\/p>\n<p data-start=\"2919\" data-end=\"3223\">Med lang r\u00e6kkevidde, intelligent signalbehandling og immunitet over for k\u00e6ledyr tilbyder denne detektor h\u00f8j sikkerhed og p\u00e5lidelighed.<\/p>","protected":false},"excerpt":{"rendered":"<p>Risco 2-vejs bev\u00e6gelsessensor T95 Pet er en digital tr\u00e5dl\u00f8s PIR-detektor med immunitet over for k\u00e6ledyr p\u00e5 op til 36 kg.<\/p>\n<p>Den tilbyder en d\u00e6kning p\u00e5 12\u00d712 m og bruger intelligent signalbehandling til at forhindre falske alarmer.<\/p>","protected":false},"featured_media":145375,"template":"","meta":{"_acf_changed":false},"product_brand":[],"product_cat":[3188,2731],"product_tag":[],"class_list":{"0":"post-57497","1":"product","2":"type-product","3":"status-publish","4":"has-post-thumbnail","6":"product_cat-larmenheter-risco-larm","7":"product_cat-risco-larm","8":"product_shipping_class-postnord-varubrev","9":"pa_brands-4risco","10":"pa_risco-produkter-agility-3","11":"pa_risco-produkter-agility-4","12":"tm-no-options","14":"first","15":"instock","16":"sale","17":"featured","18":"taxable","19":"shipping-taxable","20":"purchasable","21":"product-type-simple"},"acf":[],"_links":{"self":[{"href":"https:\/\/secureus.se\/dk\/wp-json\/wp\/v2\/product\/57497","targetHints":{"allow":["GET"]}}],"collection":[{"href":"https:\/\/secureus.se\/dk\/wp-json\/wp\/v2\/product"}],"about":[{"href":"https:\/\/secureus.se\/dk\/wp-json\/wp\/v2\/types\/product"}],"wp:featuredmedia":[{"embeddable":true,"href":"https:\/\/secureus.se\/dk\/wp-json\/wp\/v2\/media\/145375"}],"wp:attachment":[{"href":"https:\/\/secureus.se\/dk\/wp-json\/wp\/v2\/media?parent=57497"}],"wp:term":[{"taxonomy":"product_brand","embeddable":true,"href":"https:\/\/secureus.se\/dk\/wp-json\/wp\/v2\/product_brand?post=57497"},{"taxonomy":"product_cat","embeddable":true,"href":"https:\/\/secureus.se\/dk\/wp-json\/wp\/v2\/product_cat?post=57497"},{"taxonomy":"product_tag","embeddable":true,"href":"https:\/\/secureus.se\/dk\/wp-json\/wp\/v2\/product_tag?post=57497"}],"curies":[{"name":"wp","href":"https:\/\/api.w.org\/{rel}","templated":true}]}}