{"id":57502,"date":"2022-03-10T14:57:00","date_gmt":"2022-03-10T13:57:00","guid":{"rendered":"https:\/\/secureus.se\/produkt\/manoverpanel-panda-prox-dubbelriktad-kommunikation-for-wicomm-pro-obs-aven-for-version-agility-4-5-10-eller-hogre\/"},"modified":"2025-12-31T19:37:24","modified_gmt":"2025-12-31T18:37:24","slug":"risco-knappsats-prox-2-vags","status":"publish","type":"product","link":"https:\/\/secureus.se\/dk\/risco-knappsats-prox-2-vags\/","title":{"rendered":"Risco tastatur Prox 2-vejs \u2013 WiComm Pro"},"content":{"rendered":"<h1>Risco tastatur Prox 2-vejs<\/h1>\n<p data-start=\"444\" data-end=\"979\">Tastatur-kontrolpanel WiComm Pro Panda er det nyeste og mest opdaterede kontrolpanel fra RISCO, der tilbyder et elegant og stilfuldt design med h\u00f8j funktionalitet.<\/p>\n<p data-start=\"444\" data-end=\"979\">Dette 2-vejs tr\u00e5dl\u00f8se tastatur giver mulighed for fjernprogrammering og -styring af RISCOs tr\u00e5dl\u00f8se sikkerhedssystem.<\/p>\n<p data-start=\"444\" data-end=\"979\">Fordi det er tovejs, modtager tastaturet en svarstatus fra panelet for hver sendt kommando, hvilket forbedrer brugeroplevelsen og sikkerheden.<\/p>\n<p data-start=\"444\" data-end=\"979\">Brug den nemt med en kode eller en n\u00e6rhedsm\u00e6rke (RFID).<\/p>\n<p data-start=\"981\" data-end=\"1416\">Med op til tre tr\u00e5dl\u00f8se tastaturer pr. system og en SOS-\/n\u00f8dtast til tovejskommunikation tilbyder WiComm Pro Panda en sikker og fleksibel l\u00f8sning til sikkerhedsbehov.<\/p>\n<p data-start=\"981\" data-end=\"1416\">Den har ogs\u00e5 dobbelt manipulationsbeskyttelse (boks og v\u00e6g) og en batterisparetilstand til langvarig brug.<\/p>\n<p data-start=\"981\" data-end=\"1416\">Takket v\u00e6re de holdbare tastaturer og opdaterede visuelle indikatorer er den b\u00e5de nem at bruge og p\u00e5lidelig til problemidentifikation og alarmstatus.<\/p>","protected":false},"excerpt":{"rendered":"<p>Det tr\u00e5dl\u00f8se 2-vejs tastatur WiComm Pro Panda er perfekt til RISCOs tr\u00e5dl\u00f8se sikkerhedssystem og tilbyder h\u00f8j p\u00e5lidelighed og et moderne design.<\/p>\n<p>Den har en RFID-l\u00e6ser og en SOS-\/n\u00f8dn\u00f8gle til tovejskommunikation.<\/p>","protected":false},"featured_media":145284,"template":"","meta":{"_acf_changed":false},"product_brand":[],"product_cat":[2731,4879],"product_tag":[],"class_list":{"0":"post-57502","1":"product","2":"type-product","3":"status-publish","4":"has-post-thumbnail","6":"product_cat-risco-larm","7":"product_cat-wicomm-pro","8":"product_shipping_class-postnord-varubrev","9":"pa_brands-4risco","10":"pa_risco-produkter-agility-4","11":"pa_wicomm-pro-kategorier-manoverpaneler-knappar","12":"tm-no-options","14":"first","15":"onbackorder","16":"sale","17":"featured","18":"taxable","19":"shipping-taxable","20":"purchasable","21":"product-type-simple"},"acf":[],"_links":{"self":[{"href":"https:\/\/secureus.se\/dk\/wp-json\/wp\/v2\/product\/57502","targetHints":{"allow":["GET"]}}],"collection":[{"href":"https:\/\/secureus.se\/dk\/wp-json\/wp\/v2\/product"}],"about":[{"href":"https:\/\/secureus.se\/dk\/wp-json\/wp\/v2\/types\/product"}],"wp:featuredmedia":[{"embeddable":true,"href":"https:\/\/secureus.se\/dk\/wp-json\/wp\/v2\/media\/145284"}],"wp:attachment":[{"href":"https:\/\/secureus.se\/dk\/wp-json\/wp\/v2\/media?parent=57502"}],"wp:term":[{"taxonomy":"product_brand","embeddable":true,"href":"https:\/\/secureus.se\/dk\/wp-json\/wp\/v2\/product_brand?post=57502"},{"taxonomy":"product_cat","embeddable":true,"href":"https:\/\/secureus.se\/dk\/wp-json\/wp\/v2\/product_cat?post=57502"},{"taxonomy":"product_tag","embeddable":true,"href":"https:\/\/secureus.se\/dk\/wp-json\/wp\/v2\/product_tag?post=57502"}],"curies":[{"name":"wp","href":"https:\/\/api.w.org\/{rel}","templated":true}]}}