{"id":57504,"date":"2022-03-10T14:57:00","date_gmt":"2022-03-10T13:57:00","guid":{"rendered":"https:\/\/secureus.se\/produkt\/2-vags-tradlos-inomhus-siren-agililty2-3-4-och-wicomm-pro\/"},"modified":"2025-12-31T19:42:04","modified_gmt":"2025-12-31T18:42:04","slug":"risco-siren-2-vags-inomhus-105db","status":"publish","type":"product","link":"https:\/\/secureus.se\/dk\/risco-siren-2-vags-inomhus-105db\/","title":{"rendered":"Risco Sirene 2-vejs \u2013 Indend\u00f8rs 105dB"},"content":{"rendered":"<h1>Risco Sirene 2-vejs \u2013 Indend\u00f8rs 105dB<\/h1>\n<p data-start=\"413\" data-end=\"910\">Risco Siren 2-vejs Indend\u00f8rs 105dB WiComm Pro Agility er en tr\u00e5dl\u00f8s og batteridrevet sirene, der giver h\u00f8j sikkerhed og p\u00e5lidelighed.<\/p>\n<p data-start=\"413\" data-end=\"910\">Med 2-vejs radiokommunikation tilbyder sirenen kontinuerlig overv\u00e5gning af sabotage, batterisp\u00e6nding og indgangsforsinkelse.<\/p>\n<p data-start=\"413\" data-end=\"910\">Den har en indbygget foralarmfunktion, der aktiveres, hvis kontrolpanelet manipuleres eller saboteres under indgangsforsinkelsen uden at en gyldig kode indtastes.<\/p>\n<p data-start=\"413\" data-end=\"910\">Dette giver et ekstra lag af beskyttelse mod indtr\u00e6ngen.<\/p>\n<p data-start=\"912\" data-end=\"1393\">Med en lydstyrke p\u00e5 105 dB er sirenen h\u00f8j nok til at advare i tilf\u00e6lde af alarm.<\/p>\n<p data-start=\"912\" data-end=\"1393\">Sirenen er fuldt batteridrevet og kr\u00e6ver ingen ekstern str\u00f8mforsyning, hvilket g\u00f8r den meget fleksibel at installere.<\/p>\n<p data-start=\"912\" data-end=\"1393\">Batterilevetiden er cirka tre \u00e5r, og batterier er inkluderet i leveringen.<\/p>\n<p data-start=\"912\" data-end=\"1393\">Med robust manipulationsbeskyttelse (boks og bagp\u00e5) er denne sirene b\u00e5de p\u00e5lidelig og sikker.<\/p>\n<p data-start=\"912\" data-end=\"1393\">Sirenen kan ogs\u00e5 fjernprogrammeres og har diagnostiske funktioner for nem overv\u00e5gning og fejlfinding.<\/p>\n<p><iframe title=\"Wicomm Smart Hub US\" width=\"1170\" height=\"658\" src=\"https:\/\/www.youtube.com\/embed\/5PHoH2dRjEs?feature=oembed\" frameborder=\"0\" allow=\"accelerometer; autoplay; clipboard-write; encrypted-media; gyroscope; picture-in-picture; web-share\" referrerpolicy=\"strict-origin-when-cross-origin\" allowfullscreen><\/iframe><\/p>","protected":false},"excerpt":{"rendered":"<p>Tr\u00e5dl\u00f8s indend\u00f8rs sirene til Risco Agility WiComm Pro og Wisdom, med 2-vejs radiokommunikation, manipulationsbeskyttelse og et lydniveau p\u00e5 105 dB.<\/p>\n<p>Batteridrevet og autonom, perfekt til sikkerhedsinstallationer.<\/p>","protected":false},"featured_media":145483,"template":"","meta":{"_acf_changed":false},"product_brand":[],"product_cat":[2731,3190],"product_tag":[2262,2420,3070],"class_list":{"0":"post-57504","1":"product","2":"type-product","3":"status-publish","4":"has-post-thumbnail","6":"product_cat-risco-larm","7":"product_cat-sirener-risco-larm","8":"product_tag-larmdon-siren-utomhus","9":"product_tag-rel-larmdonblixt","10":"product_tag-wicomm-pro-siren","11":"product_shipping_class-postnord-varubrev","12":"pa_brands-4risco","13":"pa_risco-produkter-agility-2","14":"pa_risco-produkter-agility-3","15":"pa_risco-produkter-agility-4","16":"pa_wicomm-pro-kategorier-sinerer","17":"tm-no-options","19":"first","20":"instock","21":"sale","22":"featured","23":"taxable","24":"shipping-taxable","25":"purchasable","26":"product-type-simple"},"acf":[],"_links":{"self":[{"href":"https:\/\/secureus.se\/dk\/wp-json\/wp\/v2\/product\/57504","targetHints":{"allow":["GET"]}}],"collection":[{"href":"https:\/\/secureus.se\/dk\/wp-json\/wp\/v2\/product"}],"about":[{"href":"https:\/\/secureus.se\/dk\/wp-json\/wp\/v2\/types\/product"}],"wp:featuredmedia":[{"embeddable":true,"href":"https:\/\/secureus.se\/dk\/wp-json\/wp\/v2\/media\/145483"}],"wp:attachment":[{"href":"https:\/\/secureus.se\/dk\/wp-json\/wp\/v2\/media?parent=57504"}],"wp:term":[{"taxonomy":"product_brand","embeddable":true,"href":"https:\/\/secureus.se\/dk\/wp-json\/wp\/v2\/product_brand?post=57504"},{"taxonomy":"product_cat","embeddable":true,"href":"https:\/\/secureus.se\/dk\/wp-json\/wp\/v2\/product_cat?post=57504"},{"taxonomy":"product_tag","embeddable":true,"href":"https:\/\/secureus.se\/dk\/wp-json\/wp\/v2\/product_tag?post=57504"}],"curies":[{"name":"wp","href":"https:\/\/api.w.org\/{rel}","templated":true}]}}