{"id":57505,"date":"2022-03-10T14:57:00","date_gmt":"2022-03-10T13:57:00","guid":{"rendered":"https:\/\/secureus.se\/produkt\/risco-agility-gsm-gprs-2g-modul\/"},"modified":"2025-12-31T19:36:09","modified_gmt":"2025-12-31T18:36:09","slug":"risco-agility-gsm-gprs-2g-modul","status":"publish","type":"product","link":"https:\/\/secureus.se\/dk\/risco-agility-gsm-gprs-2g-modul\/","title":{"rendered":"Risco Agility GSM\/GPRS 2G MODUL - UDF\u00d8RT"},"content":{"rendered":"<h1>Risco Agility GSM\/GPRS 2G MODUL<\/h1>\n<p data-start=\"433\" data-end=\"917\">Risco Agility GSM\/GPRS 2G-modulet (mod. RW132G2) er en vigtig komponent til at udvide funktionaliteten af Agility-sikkerhedssystemet.<\/p>\n<p data-start=\"433\" data-end=\"917\">Dette modul tilf\u00f8jer muligheden for at kommunikere via GSM\/GPRS-netv\u00e6rk, hvilket g\u00f8r det muligt for systemet at sende alarmer og h\u00e6ndelser til b\u00e5de kontaktpersoner og alarmcentralen.<\/p>\n<p data-start=\"433\" data-end=\"917\">Det er en perfekt l\u00f8sning for brugere, der \u00f8nsker en sikker og p\u00e5lidelig metode til alarmtransmission, hvor internetbaseret kommunikation via Risco Cloud ikke er en mulighed.<\/p>\n<p data-start=\"919\" data-end=\"1302\">N\u00e5r Agility 3 leveres i sin basisversion, leveres den med et netv\u00e6rkskort til at oprette forbindelse til Risco Cloud for alarmtransmission.<\/p>\n<p data-start=\"919\" data-end=\"1302\">For brugere, der stadig \u00f8nsker at bruge traditionelle alarmtransmissionsmetoder via GSM eller GPRS, skal dette plug-in-kort installeres.<\/p>\n<p data-start=\"919\" data-end=\"1302\">Dette giver systemet mulighed for at sende SMS- eller stemmebeskeder til forudvalgte kontaktpersoner i tilf\u00e6lde af systemh\u00e6ndelser eller alarmer.<\/p>\n<p data-start=\"1304\" data-end=\"1742\">Modulet underst\u00f8tter stemmeopkald til kontakter, hvilket giver brugerne mulighed for at modtage et direkte opkald i tilf\u00e6lde af alarmer eller systemh\u00e6ndelser, hvilket kan v\u00e6re et vigtigt alternativ i situationer, hvor SMS ikke er tilstr\u00e6kkeligt.<\/p>\n<p data-start=\"1304\" data-end=\"1742\">Derudover muligg\u00f8r det alarmtransmission til alarmcentraler via GSM i ContactID- eller SIA-alarmformat, samt transmission via GPRS i SIA IP-alarmformat, hvilket g\u00f8r systemet kompatibelt med en bred vifte af alarmcentraler.<\/p>\n<p data-start=\"1744\" data-end=\"1967\">Modulet muligg\u00f8r ogs\u00e5 forbindelse til Risco Cloud via GPRS, hvilket g\u00f8r det muligt for brugerne at forts\u00e6tte med at have fjernoverv\u00e5gning og -kontrol af deres system, selvom de bruger traditionel alarmtransmission via GSM\/GPRS.<\/p>\n<p data-start=\"1969\" data-end=\"1999\"><strong data-start=\"1969\" data-end=\"1997\">Hovedfunktioner:<\/strong><\/p>\n<ul data-start=\"2000\" data-end=\"2580\">\n<li data-start=\"2000\" data-end=\"2069\">\n<p data-start=\"2002\" data-end=\"2069\"><strong data-start=\"2002\" data-end=\"2029\">GSM\/GPRS-kommunikation:<\/strong> Muligg\u00f8r alarmtransmission via GSM\/GPRS<\/p>\n<\/li>\n<li data-start=\"2070\" data-end=\"2151\">\n<p data-start=\"2072\" data-end=\"2151\"><strong data-start=\"2072\" data-end=\"2085\">SMS-alarm:<\/strong> Sender SMS til kontaktpersoner i tilf\u00e6lde af alarmer eller systemh\u00e6ndelser<\/p>\n<\/li>\n<li data-start=\"2152\" data-end=\"2222\">\n<p data-start=\"2154\" data-end=\"2222\"><strong data-start=\"2154\" data-end=\"2174\">Stemmeopkald:<\/strong> Stemmeopkald til kontaktpersoner i tilf\u00e6lde af alarm<\/p>\n<\/li>\n<li data-start=\"2223\" data-end=\"2292\">\n<p data-start=\"2225\" data-end=\"2292\"><strong data-start=\"2225\" data-end=\"2243\">Fjernbetjening:<\/strong> Stemmemenu til fjernbetjening af Agility-systemet<\/p>\n<\/li>\n<li data-start=\"2293\" data-end=\"2387\">\n<p data-start=\"2295\" data-end=\"2387\"><strong data-start=\"2295\" data-end=\"2331\">Alarmtransmission til alarmcentral:<\/strong> Underst\u00f8tter ContactID og SIA via GSM og SIA IP via GPRS<\/p>\n<\/li>\n<li data-start=\"2388\" data-end=\"2476\">\n<p data-start=\"2390\" data-end=\"2476\"><strong data-start=\"2390\" data-end=\"2406\">Risikosky:<\/strong> Muligg\u00f8r forbindelse til Risco Cloud via GPRS til fjernoverv\u00e5gning<\/p>\n<\/li>\n<li data-start=\"2477\" data-end=\"2580\">\n<p data-start=\"2479\" data-end=\"2580\"><strong data-start=\"2479\" data-end=\"2495\">Kombination:<\/strong> Kan ikke kombinere GSM\/GPRS-alarmtransmission og forbindelse til Risco Cloud p\u00e5 samme tid<\/p>\n<\/li>\n<\/ul>\n<p data-start=\"2582\" data-end=\"2613\"><strong data-start=\"2582\" data-end=\"2611\">Tekniske specifikationer:<\/strong><\/p>\n<ul data-start=\"2614\" data-end=\"2841\">\n<li data-start=\"2614\" data-end=\"2640\">\n<p data-start=\"2616\" data-end=\"2640\"><strong data-start=\"2616\" data-end=\"2629\">Frekvens:<\/strong> GSM\/GPRS<\/p>\n<\/li>\n<li data-start=\"2641\" data-end=\"2696\">\n<p data-start=\"2643\" data-end=\"2696\"><strong data-start=\"2643\" data-end=\"2658\">Alarmformat:<\/strong> Kontakt-ID, SIA (GSM); SIA IP (GPRS)<\/p>\n<\/li>\n<li data-start=\"2697\" data-end=\"2736\">\n<p data-start=\"2699\" data-end=\"2736\"><strong data-start=\"2699\" data-end=\"2717\">Fjernbetjening:<\/strong> Ja, via stemmemenu<\/p>\n<\/li>\n<li data-start=\"2737\" data-end=\"2796\">\n<p data-start=\"2739\" data-end=\"2796\"><strong data-start=\"2739\" data-end=\"2762\">Installationsmetode:<\/strong> Plug-in-kort i Agility-systemet<\/p>\n<\/li>\n<li data-start=\"2797\" data-end=\"2841\">\n<p data-start=\"2799\" data-end=\"2841\"><strong data-start=\"2799\" data-end=\"2831\">Leverand\u00f8rens artikelnummer:<\/strong> RW132G2<\/p>\n<\/li>\n<\/ul>\n<p data-start=\"2843\" data-end=\"3060\">Risco Agility GSM\/GPRS 2G-modulet er en p\u00e5lidelig og fleksibel l\u00f8sning for brugere, der har brug for traditionel GSM\/GPRS-alarmtransmission, samtidig med at de har mulighed for fjernoverv\u00e5gning og -styring via Risco Cloud.<\/p>","protected":false},"excerpt":{"rendered":"<p>Risco Agility GSM\/GPRS 2G-modulet (RW132G2) g\u00f8r det muligt for Agility-systemet at kommunikere via GSM\/GPRS.<\/p>\n<p>Dette plug-in-kort tilbyder funktioner som SMS-alarmer, stemmeopkald og alarmtransmission til alarmcentralen via GSM eller GPRS i traditionelle alarmformater som ContactID og SIA.<\/p>","protected":false},"featured_media":145255,"template":"","meta":{"_acf_changed":false},"product_brand":[],"product_cat":[2731],"product_tag":[],"class_list":{"0":"post-57505","1":"product","2":"type-product","3":"status-publish","4":"has-post-thumbnail","6":"product_cat-risco-larm","7":"product_shipping_class-postnord-varubrev","8":"pa_brands-4risco","9":"pa_risco-produkter-agility-2","10":"pa_risco-produkter-agility-3","11":"pa_risco-produkter-agility-4","12":"tm-no-options","14":"first","15":"instock","16":"sale","17":"featured","18":"taxable","19":"shipping-taxable","20":"purchasable","21":"product-type-simple"},"acf":[],"_links":{"self":[{"href":"https:\/\/secureus.se\/dk\/wp-json\/wp\/v2\/product\/57505","targetHints":{"allow":["GET"]}}],"collection":[{"href":"https:\/\/secureus.se\/dk\/wp-json\/wp\/v2\/product"}],"about":[{"href":"https:\/\/secureus.se\/dk\/wp-json\/wp\/v2\/types\/product"}],"wp:featuredmedia":[{"embeddable":true,"href":"https:\/\/secureus.se\/dk\/wp-json\/wp\/v2\/media\/145255"}],"wp:attachment":[{"href":"https:\/\/secureus.se\/dk\/wp-json\/wp\/v2\/media?parent=57505"}],"wp:term":[{"taxonomy":"product_brand","embeddable":true,"href":"https:\/\/secureus.se\/dk\/wp-json\/wp\/v2\/product_brand?post=57505"},{"taxonomy":"product_cat","embeddable":true,"href":"https:\/\/secureus.se\/dk\/wp-json\/wp\/v2\/product_cat?post=57505"},{"taxonomy":"product_tag","embeddable":true,"href":"https:\/\/secureus.se\/dk\/wp-json\/wp\/v2\/product_tag?post=57505"}],"curies":[{"name":"wp","href":"https:\/\/api.w.org\/{rel}","templated":true}]}}