{"id":57506,"date":"2022-03-10T14:57:00","date_gmt":"2022-03-10T13:57:00","guid":{"rendered":"https:\/\/secureus.se\/produkt\/vattendetektor-tradlos-agililty2-3-4-och-wicomm-pro\/"},"modified":"2025-12-31T19:42:20","modified_gmt":"2025-12-31T18:42:20","slug":"risco-vattendetektor-1-vags","status":"publish","type":"product","link":"https:\/\/secureus.se\/dk\/risco-vattendetektor-1-vags\/","title":{"rendered":"Risco Vanddetektor 1-vejs"},"content":{"rendered":"<h1>Risco Vanddetektor 1-vejs<\/h1>\n<p data-start=\"408\" data-end=\"899\">Risco vandm\u00e5ler 1-vejs WiComm Pro Agility er den perfekte l\u00f8sning til at forebygge vandskader i hjem og virksomheder.<\/p>\n<p data-start=\"408\" data-end=\"899\">Denne tr\u00e5dl\u00f8se oversv\u00f8mmelsesdetektor kan nemt integreres i RISCOs tr\u00e5dl\u00f8se og hybride sikkerhedssystemer for hurtigt at detektere og advare om selv sm\u00e5 vandl\u00e6kager.<\/p>\n<p data-start=\"408\" data-end=\"899\">Uanset om det er k\u00f8kkenet, k\u00e6lderen, vandtankene eller k\u00f8leskabene, tilbyder denne detektor omfattende beskyttelse og kan forhindre st\u00f8rre skader ved at opdage l\u00e6kager tidligt.<\/p>\n<p data-start=\"901\" data-end=\"1367\">I tilf\u00e6lde af en vandl\u00e6kage sender detektoren straks en besked til brugerens smartphone, s\u00e5 de kan handle hurtigt for at minimere skaden.<\/p>\n<p data-start=\"901\" data-end=\"1367\">Vanddetektoren fungerer, selv n\u00e5r sikkerhedssystemet er deaktiveret, hvilket giver fuldst\u00e6ndig ro i sindet.<\/p>\n<p data-start=\"901\" data-end=\"1367\">Vandskader kan skyldes alt fra spr\u00e6ngte r\u00f8r og ut\u00e6tte tage til knuste vinduer og toiletter, og ved at installere Riscos oversv\u00f8mmelsesdetektor kan du undg\u00e5 potentielt dyre reparationer.<\/p>\n<p data-start=\"1369\" data-end=\"1618\">Detektoren bruger en envejsradio med en frekvens p\u00e5 868 MHz og leveres med et CR123 3V lithiumbatteri.<\/p>\n<p data-start=\"1369\" data-end=\"1618\">Den er kompatibel med b\u00e5de RISCOs ensrettede og tosrettede tr\u00e5dl\u00f8se systemer, hvilket g\u00f8r installationen b\u00e5de nem og fleksibel.<\/p>\n<p>&nbsp;<\/p>\n<p><iframe title=\"Wicomm Smart Hub US\" width=\"1170\" height=\"658\" src=\"https:\/\/www.youtube.com\/embed\/5PHoH2dRjEs?feature=oembed\" frameborder=\"0\" allow=\"accelerometer; autoplay; clipboard-write; encrypted-media; gyroscope; picture-in-picture; web-share\" referrerpolicy=\"strict-origin-when-cross-origin\" allowfullscreen><\/iframe><\/p>","protected":false},"excerpt":{"rendered":"<p>Tr\u00e5dl\u00f8s vanddetektor til WiComm Pro Agility, der hurtigt registrerer og advarer om vandl\u00e6kager og beskytter dit hjem og din virksomhed mod vandskader.<\/p>\n<p>Nem at installere og fuldt kompatibel med Risco sikkerhedssystemer.<\/p>","protected":false},"featured_media":145684,"template":"","meta":{"_acf_changed":false},"product_brand":[],"product_cat":[3188,2731],"product_tag":[3152],"class_list":{"0":"post-57506","1":"product","2":"type-product","3":"status-publish","4":"has-post-thumbnail","6":"product_cat-larmenheter-risco-larm","7":"product_cat-risco-larm","8":"product_tag-cr123-tillbehor","9":"product_shipping_class-postnord-varubrev","10":"pa_brands-4risco","11":"pa_risco-produkter-agility-2","12":"pa_risco-produkter-agility-3","13":"pa_risco-produkter-agility-4","14":"pa_wicomm-pro-kategorier-vattendetektor","15":"tm-no-options","17":"first","18":"onbackorder","19":"sale","20":"featured","21":"taxable","22":"shipping-taxable","23":"purchasable","24":"product-type-simple"},"acf":[],"_links":{"self":[{"href":"https:\/\/secureus.se\/dk\/wp-json\/wp\/v2\/product\/57506","targetHints":{"allow":["GET"]}}],"collection":[{"href":"https:\/\/secureus.se\/dk\/wp-json\/wp\/v2\/product"}],"about":[{"href":"https:\/\/secureus.se\/dk\/wp-json\/wp\/v2\/types\/product"}],"wp:featuredmedia":[{"embeddable":true,"href":"https:\/\/secureus.se\/dk\/wp-json\/wp\/v2\/media\/145684"}],"wp:attachment":[{"href":"https:\/\/secureus.se\/dk\/wp-json\/wp\/v2\/media?parent=57506"}],"wp:term":[{"taxonomy":"product_brand","embeddable":true,"href":"https:\/\/secureus.se\/dk\/wp-json\/wp\/v2\/product_brand?post=57506"},{"taxonomy":"product_cat","embeddable":true,"href":"https:\/\/secureus.se\/dk\/wp-json\/wp\/v2\/product_cat?post=57506"},{"taxonomy":"product_tag","embeddable":true,"href":"https:\/\/secureus.se\/dk\/wp-json\/wp\/v2\/product_tag?post=57506"}],"curies":[{"name":"wp","href":"https:\/\/api.w.org\/{rel}","templated":true}]}}