{"id":57508,"date":"2022-03-10T14:57:00","date_gmt":"2022-03-10T13:57:00","guid":{"rendered":"https:\/\/secureus.se\/produkt\/glaskrossdetektor-tradlos-agililty2-3-4-och-wicomm-pro\/"},"modified":"2025-12-31T19:37:37","modified_gmt":"2025-12-31T18:37:37","slug":"risco-glaskrossdetektor-1-vag","status":"publish","type":"product","link":"https:\/\/secureus.se\/dk\/risco-glaskrossdetektor-1-vag\/","title":{"rendered":"Risco Glasbrudsdetektor 1-vejs"},"content":{"rendered":"<h1>Risco Glasbrudsdetektor 1-vejs<\/h1>\n<p data-start=\"389\" data-end=\"823\">Risco Glasbrudsdetektor 1-vejs WiComm Pro Agility er en avanceret og tr\u00e5dl\u00f8s glasbrudsdetektor designet til at detektere glasbrud p\u00e5 alle typer glas, herunder almindeligt vinduesglas, lamineret glas, tr\u00e5dforst\u00e6rket glas og h\u00e6rdet glas.<\/p>\n<p data-start=\"389\" data-end=\"823\">Den har en imponerende r\u00e6kkevidde p\u00e5 op til 9 meter og bruger mikroprocessorbaseret dobbeltfrekvensm\u00f8nstergenkendelse til pr\u00e6cist at detektere selv de mindste glasbrud.<\/p>\n<p data-start=\"825\" data-end=\"1227\">Denne glasbrudsdetektor er perfekt til brug med Risco Agility og WiComm Pro sikkerhedssystemerne og leveres med et monteringsbeslag til nem montering i loftet eller p\u00e5 v\u00e6ggen.<\/p>\n<p data-start=\"825\" data-end=\"1227\">For at sikre enhedens p\u00e5lidelighed tilbyder den kontinuerlig overv\u00e5gning af manipulation, batterisp\u00e6nding og kommunikation.<\/p>\n<p data-start=\"825\" data-end=\"1227\">Den er batteridrevet med et CR123A lithiumbatteri, der giver op til 3 \u00e5rs batterilevetid.<\/p>\n<p data-start=\"1229\" data-end=\"1409\">Med dens fjerntest- og mikrofonoverv\u00e5gningsfunktion kan brugeren nemt teste enheden uden at skulle \u00e5bne den, hvilket sparer tid og forbedrer brugervenligheden.<\/p>\n<p><iframe title=\"Wicomm Smart Hub US\" width=\"1170\" height=\"658\" src=\"https:\/\/www.youtube.com\/embed\/5PHoH2dRjEs?feature=oembed\" frameborder=\"0\" allow=\"accelerometer; autoplay; clipboard-write; encrypted-media; gyroscope; picture-in-picture; web-share\" referrerpolicy=\"strict-origin-when-cross-origin\" allowfullscreen><\/iframe><\/p>","protected":false},"excerpt":{"rendered":"<p>Tr\u00e5dl\u00f8s glasbrudsdetektor til Risco Agility og WiComm Pro, som registrerer alle typer glasbrud, herunder pladeglas, lamineret glas og h\u00e6rdet glas.<\/p>\n<p>D\u00e6kningsomr\u00e5de op til 9 meter for \u00f8get sikkerhed.<\/p>","protected":false},"featured_media":145686,"template":"","meta":{"_acf_changed":false},"product_brand":[],"product_cat":[2731,3188],"product_tag":[3152,2426],"class_list":{"0":"post-57508","1":"product","2":"type-product","3":"status-publish","4":"has-post-thumbnail","6":"product_cat-risco-larm","7":"product_cat-larmenheter-risco-larm","8":"product_tag-cr123-tillbehor","9":"product_tag-rel-risco","10":"product_shipping_class-postnord-varubrev","11":"pa_brands-4risco","12":"pa_risco-produkter-agility-2","13":"pa_risco-produkter-agility-3","14":"pa_risco-produkter-agility-4","15":"pa_wicomm-pro-kategorier-glaskrossdetektorer","16":"tm-no-options","18":"first","19":"instock","20":"sale","21":"featured","22":"taxable","23":"shipping-taxable","24":"purchasable","25":"product-type-simple"},"acf":[],"_links":{"self":[{"href":"https:\/\/secureus.se\/dk\/wp-json\/wp\/v2\/product\/57508","targetHints":{"allow":["GET"]}}],"collection":[{"href":"https:\/\/secureus.se\/dk\/wp-json\/wp\/v2\/product"}],"about":[{"href":"https:\/\/secureus.se\/dk\/wp-json\/wp\/v2\/types\/product"}],"wp:featuredmedia":[{"embeddable":true,"href":"https:\/\/secureus.se\/dk\/wp-json\/wp\/v2\/media\/145686"}],"wp:attachment":[{"href":"https:\/\/secureus.se\/dk\/wp-json\/wp\/v2\/media?parent=57508"}],"wp:term":[{"taxonomy":"product_brand","embeddable":true,"href":"https:\/\/secureus.se\/dk\/wp-json\/wp\/v2\/product_brand?post=57508"},{"taxonomy":"product_cat","embeddable":true,"href":"https:\/\/secureus.se\/dk\/wp-json\/wp\/v2\/product_cat?post=57508"},{"taxonomy":"product_tag","embeddable":true,"href":"https:\/\/secureus.se\/dk\/wp-json\/wp\/v2\/product_tag?post=57508"}],"curies":[{"name":"wp","href":"https:\/\/api.w.org\/{rel}","templated":true}]}}