{"id":58437,"date":"2022-10-10T11:34:16","date_gmt":"2022-10-10T09:34:16","guid":{"rendered":"https:\/\/secureus.se\/produkt\/armbagsbrytare-jck108-245mm-3\/"},"modified":"2025-12-31T20:27:32","modified_gmt":"2025-12-31T19:27:32","slug":"armbagskontakt-jck207-245mm","status":"publish","type":"product","link":"https:\/\/secureus.se\/dk\/armbagskontakt-jck207-245mm\/","title":{"rendered":"Albuestik JCK207 \u2013 245mm BEM\u00c6RK! Sort &quot;endekappe&quot;"},"content":{"rendered":"<h1>Albuestik JCK207 \u2013 245mm<\/h1>\n<section>JCK207 tilh\u00f8rer en serie af albuekontakter, der har en flad trykflade med fire taktile riller i.<\/section>\n<section><\/section>\n<section><\/section>\n<section>Rillerne tjener som ekstra vejledning for personer med synshandicap. Du kan nemt m\u00e6rke, hvor du skal trykke for at aktivere d\u00f8r\u00e5bningen.<\/section>\n<section><\/section>\n<section>JCK207 er fremstillet i s\u00f8lv anodiseret aluminium og har m\u00f8rkegr\u00e5 endestykker Den leveres med 1 mikroswitch i IP67, men kan ogs\u00e5 bestilles med flere.<\/p>\n<\/section>\n<section>\n<h4>Teknisk specifikation<\/h4>\n<ul>\n<li>Fremstillet i Sverige.<\/li>\n<li>Materiale: Alu.6060-T6, POM Plast (Acetal plast).<\/li>\n<li>M\u00e5l standardversion l\/b\/h: 245x80x23 mm.<\/li>\n<li>Mikroswitch: Standard 1 stk NO IP67. Kan bestilles med 2, samt med NO\/NC.<\/li>\n<\/ul>\n<\/section>","protected":false},"excerpt":{"rendered":"<p>Produktm\u00e5l: 245 x 80 x 23 mm.<\/p>\n<p>Albuestik i s\u00f8lv anodiseret aluminium med sorte endestykker.<\/p>\n<p>Flad trykplade med taktile riller.<\/p>","protected":false},"featured_media":148383,"template":"","meta":{"_acf_changed":false},"product_brand":[],"product_cat":[1422,4706],"product_tag":[2989],"class_list":{"0":"post-58437","1":"product","2":"type-product","3":"status-publish","4":"has-post-thumbnail","6":"product_cat-armbagskontakter-dorrautomatik","7":"product_cat-metall","8":"product_tag-egen-logo-ej-taggar-kort","9":"product_shipping_class-tunga-paket","10":"pa_brands-jc-kontakter","11":"tm-has-options","13":"first","14":"instock","15":"sale","16":"featured","17":"taxable","18":"shipping-taxable","19":"purchasable","20":"product-type-simple"},"acf":[],"_links":{"self":[{"href":"https:\/\/secureus.se\/dk\/wp-json\/wp\/v2\/product\/58437","targetHints":{"allow":["GET"]}}],"collection":[{"href":"https:\/\/secureus.se\/dk\/wp-json\/wp\/v2\/product"}],"about":[{"href":"https:\/\/secureus.se\/dk\/wp-json\/wp\/v2\/types\/product"}],"wp:featuredmedia":[{"embeddable":true,"href":"https:\/\/secureus.se\/dk\/wp-json\/wp\/v2\/media\/148383"}],"wp:attachment":[{"href":"https:\/\/secureus.se\/dk\/wp-json\/wp\/v2\/media?parent=58437"}],"wp:term":[{"taxonomy":"product_brand","embeddable":true,"href":"https:\/\/secureus.se\/dk\/wp-json\/wp\/v2\/product_brand?post=58437"},{"taxonomy":"product_cat","embeddable":true,"href":"https:\/\/secureus.se\/dk\/wp-json\/wp\/v2\/product_cat?post=58437"},{"taxonomy":"product_tag","embeddable":true,"href":"https:\/\/secureus.se\/dk\/wp-json\/wp\/v2\/product_tag?post=58437"}],"curies":[{"name":"wp","href":"https:\/\/api.w.org\/{rel}","templated":true}]}}