{"id":58441,"date":"2022-10-10T11:32:08","date_gmt":"2022-10-10T09:32:08","guid":{"rendered":"https:\/\/secureus.se\/produkt\/armbagsbrytare-jck103-2\/"},"modified":"2026-03-05T13:03:07","modified_gmt":"2026-03-05T12:03:07","slug":"armbagskontakt-jck103-2","status":"publish","type":"product","link":"https:\/\/secureus.se\/dk\/armbagskontakt-jck103-2\/","title":{"rendered":"Albuestik \u2013 ABS plast \u2013 JCK103"},"content":{"rendered":"<h1 class=\"product_title entry-title elementor-heading-title elementor-size-default\">Albuestik \u2013 ABS plast \u2013 JCK103<\/h1>\n<p>Robust albuestik lavet af slidst\u00e6rkt ABS-plast. Model med hvidt l\u00e5g og kontrastfarvet m\u00f8rkegr\u00e5 bund.<\/p>\n<p>JCK103 leveres med 1 mikroswitch i IP67, men kan ogs\u00e5 bestilles med flere.<\/p>\n<h3>Teknisk specifikation<\/h3>\n<ul>\n<li>Fremstillet i Sverige.<\/li>\n<li>Materiale: Genanvendelig ABS-plast.<\/li>\n<li>M\u00e5l l\/b\/h: 250x95x22 mm.<\/li>\n<li>Mikroswitch: Standard 1 stk NO IP67. Kan bestilles med 2, samt med NO\/NC.<\/li>\n<\/ul>","protected":false},"excerpt":{"rendered":"<p>Produktm\u00e5l: 250 x 95 x 22 mm.<\/p>\n<p>Albuestik i ABS-plast med flad trykflade.<\/p>\n<p>Hvidt l\u00e5g og m\u00f8rkegr\u00e5 stel.<\/p>","protected":false},"featured_media":148558,"template":"","meta":{"_acf_changed":false},"product_brand":[],"product_cat":[4705,1422],"product_tag":[2989],"class_list":{"0":"post-58441","1":"product","2":"type-product","3":"status-publish","4":"has-post-thumbnail","6":"product_cat-abs-plast","7":"product_cat-armbagskontakter-dorrautomatik","8":"product_tag-egen-logo-ej-taggar-kort","9":"product_shipping_class-tunga-paket","10":"pa_brands-jc-kontakter","11":"tm-has-options","13":"first","14":"instock","15":"sale","16":"featured","17":"taxable","18":"shipping-taxable","19":"purchasable","20":"product-type-simple"},"acf":[],"_links":{"self":[{"href":"https:\/\/secureus.se\/dk\/wp-json\/wp\/v2\/product\/58441","targetHints":{"allow":["GET"]}}],"collection":[{"href":"https:\/\/secureus.se\/dk\/wp-json\/wp\/v2\/product"}],"about":[{"href":"https:\/\/secureus.se\/dk\/wp-json\/wp\/v2\/types\/product"}],"wp:featuredmedia":[{"embeddable":true,"href":"https:\/\/secureus.se\/dk\/wp-json\/wp\/v2\/media\/148558"}],"wp:attachment":[{"href":"https:\/\/secureus.se\/dk\/wp-json\/wp\/v2\/media?parent=58441"}],"wp:term":[{"taxonomy":"product_brand","embeddable":true,"href":"https:\/\/secureus.se\/dk\/wp-json\/wp\/v2\/product_brand?post=58441"},{"taxonomy":"product_cat","embeddable":true,"href":"https:\/\/secureus.se\/dk\/wp-json\/wp\/v2\/product_cat?post=58441"},{"taxonomy":"product_tag","embeddable":true,"href":"https:\/\/secureus.se\/dk\/wp-json\/wp\/v2\/product_tag?post=58441"}],"curies":[{"name":"wp","href":"https:\/\/api.w.org\/{rel}","templated":true}]}}