{"id":58449,"date":"2022-10-11T12:12:32","date_gmt":"2022-10-11T10:12:32","guid":{"rendered":"https:\/\/secureus.se\/produkt\/styrenhet-jck-108-armbagskontakter-pris-pa-begaran\/"},"modified":"2025-12-31T20:36:25","modified_gmt":"2025-12-31T19:36:25","slug":"styrenhet-jck-108-armbagskontakter-pris-pa-begaran","status":"publish","type":"product","link":"https:\/\/secureus.se\/dk\/styrenhet-jck-108-armbagskontakter-pris-pa-begaran\/","title":{"rendered":"Controller JCK-108 albuestik - Pris p\u00e5 foresp\u00f8rgsel"},"content":{"rendered":"<h1>Controller JCK-108 albuestik - Pris p\u00e5 foresp\u00f8rgsel<\/h1>\n<p>Albueforbindelsen kan bestilles med en styreenhed, der er specielt tilpasset denne modelserie.<\/p>\n<p>Styreenheden har to rel\u00e6er, som giver teknikeren mulighed for at tilslutte ekstra funktioner, der styres vha. albuekontakten.<\/p>\n<p>Nogle eksempler p\u00e5 yderligere funktioner:<br \/>\n\u2022 Ell\u00e5se kan have deres egen udgang, der sikrer, at l\u00e5sen altid er \u00e5bnet, inden d\u00f8rautomatikken aktiveres.<br \/>\n\u2022 Forsinket d\u00f8r\u00e5bningstid er velegnet, f.eks.<br \/>\nb\u00f8rnehave, s\u00e5 b\u00f8rnene ikke skal lege med den<br \/>\nautomatisk d\u00f8r\u00e5bning.<br \/>\n\u2022 H\u00e6ngslede d\u00f8re kan forbindes med deres egne \u00e5bningstider og sygeplejerskesengsfunktion.<\/p>","protected":false},"excerpt":{"rendered":"<p>Styreenhed JCK-108 b\u00f8jlestik \u2013 Pris p\u00e5 foresp\u00f8rgsel Kn\u00e6kstykket kan bestilles med en styreenhed, der er specielt tilpasset denne modelserie. Styreenheden har to rel\u00e6er, som giver teknikeren mulighed for at forbinde<\/p>","protected":false},"featured_media":141691,"template":"","meta":{"_acf_changed":false},"product_brand":[],"product_cat":[1422,4707],"product_tag":[2989],"class_list":{"0":"post-58449","1":"product","2":"type-product","3":"status-publish","4":"has-post-thumbnail","6":"product_cat-armbagskontakter-dorrautomatik","7":"product_cat-tillval-och-tillbehor","8":"product_tag-egen-logo-ej-taggar-kort","9":"product_shipping_class-tunga-paket","10":"pa_brands-jc-kontakter","11":"tm-no-options","13":"first","14":"onbackorder","15":"featured","16":"taxable","17":"shipping-taxable","18":"product-type-simple"},"acf":[],"_links":{"self":[{"href":"https:\/\/secureus.se\/dk\/wp-json\/wp\/v2\/product\/58449","targetHints":{"allow":["GET"]}}],"collection":[{"href":"https:\/\/secureus.se\/dk\/wp-json\/wp\/v2\/product"}],"about":[{"href":"https:\/\/secureus.se\/dk\/wp-json\/wp\/v2\/types\/product"}],"wp:featuredmedia":[{"embeddable":true,"href":"https:\/\/secureus.se\/dk\/wp-json\/wp\/v2\/media\/141691"}],"wp:attachment":[{"href":"https:\/\/secureus.se\/dk\/wp-json\/wp\/v2\/media?parent=58449"}],"wp:term":[{"taxonomy":"product_brand","embeddable":true,"href":"https:\/\/secureus.se\/dk\/wp-json\/wp\/v2\/product_brand?post=58449"},{"taxonomy":"product_cat","embeddable":true,"href":"https:\/\/secureus.se\/dk\/wp-json\/wp\/v2\/product_cat?post=58449"},{"taxonomy":"product_tag","embeddable":true,"href":"https:\/\/secureus.se\/dk\/wp-json\/wp\/v2\/product_tag?post=58449"}],"curies":[{"name":"wp","href":"https:\/\/api.w.org\/{rel}","templated":true}]}}