{"id":58459,"date":"2022-10-12T12:13:20","date_gmt":"2022-10-12T10:13:20","guid":{"rendered":"https:\/\/secureus.se\/produkt\/uplus-12v-45-ah\/"},"modified":"2026-04-17T18:21:59","modified_gmt":"2026-04-17T16:21:59","slug":"batteri-12v-45ah","status":"publish","type":"product","link":"https:\/\/secureus.se\/dk\/batteri-12v-45ah\/","title":{"rendered":"Batteri 12V 45Ah UPLUS 10-12 \u00e5r Pro-version"},"content":{"rendered":"<h1>Batteri 12V 45ah \/ Akkumulator UPLUS 10-12 \u00c5r<\/h1>\n<p>UPLUS tilbyder et af markedets bredeste udvalg af ventilregulerede AGM-batterier med 10-12 \u00e5rs Design Life.<\/p>\n<p>Nogle eksempler p\u00e5 anvendelsesomr\u00e5der for UPLUS industribatterier er r\u00f8glemme, adgangssystemer og kommunikationssystemer i elevatorer.<\/p>\n<p>Dimensioner mm (LxBxH): 197 x 165 x 170<\/p>\n<p>V\u00e6gt kg: 14,50<\/p>\n<p>Batteri 12V 45ah UPLUS Longlife batterier er udviklet som en str\u00f8mkilde, hvor h\u00f8j p\u00e5lidelighed og lang levetid er prim\u00e6re behov.<\/p>\n<p>Batterierne testes i flere trin under fremstillingsprocessen for at im\u00f8dekomme de h\u00e5rde krav, som brugere i marinesegmentet stiller til deres batterier.<\/p>\n<p>UPLUS Marine-serien tilbyder b\u00e5de standardbatterier, der fungerer godt, som et allround-batteri og Deep Cycle-batterier, der er designet til mere cyklisk brug.<\/p>\n<p>Deep Cycle er derfor det oplagte valg som forbrugsbatteri i b\u00e5deUPS med mange forbrugere og h\u00f8j belastning.<\/p>\n<p>De fleste nordiske b\u00e5dproducenter bruger UPLUS som standard, da driftssikkerheden er vigtigst.<\/p>\n<p>Det brede udvalg g\u00f8r det nemt at finde det batteri, der er bedst egnet til den respektive installation eller j\u00e6vnstr\u00f8mskilde.<\/p>","protected":false},"excerpt":{"rendered":"<p>AGM Batteri 45 AH 10 -12 \u00e5rs levetid til tele-, alarm- og sikkerhedssystemer.<\/p>","protected":false},"featured_media":142602,"template":"","meta":{"_acf_changed":false},"product_brand":[],"product_cat":[2428,1596,1324],"product_tag":[4406],"class_list":{"0":"post-58459","1":"product","2":"type-product","3":"status-publish","4":"has-post-thumbnail","6":"product_cat-stromforsorjning-batterier","7":"product_cat-ackumulatorer-12v-agm-batterier","8":"product_cat-outlet","9":"product_tag-batteri-13-45-ah","10":"product_shipping_class-tunga-paket","11":"pa_brands-uplus","12":"tm-no-options","14":"first","15":"instock","16":"sale","17":"featured","18":"taxable","19":"shipping-taxable","20":"purchasable","21":"product-type-simple"},"acf":[],"_links":{"self":[{"href":"https:\/\/secureus.se\/dk\/wp-json\/wp\/v2\/product\/58459","targetHints":{"allow":["GET"]}}],"collection":[{"href":"https:\/\/secureus.se\/dk\/wp-json\/wp\/v2\/product"}],"about":[{"href":"https:\/\/secureus.se\/dk\/wp-json\/wp\/v2\/types\/product"}],"wp:featuredmedia":[{"embeddable":true,"href":"https:\/\/secureus.se\/dk\/wp-json\/wp\/v2\/media\/142602"}],"wp:attachment":[{"href":"https:\/\/secureus.se\/dk\/wp-json\/wp\/v2\/media?parent=58459"}],"wp:term":[{"taxonomy":"product_brand","embeddable":true,"href":"https:\/\/secureus.se\/dk\/wp-json\/wp\/v2\/product_brand?post=58459"},{"taxonomy":"product_cat","embeddable":true,"href":"https:\/\/secureus.se\/dk\/wp-json\/wp\/v2\/product_cat?post=58459"},{"taxonomy":"product_tag","embeddable":true,"href":"https:\/\/secureus.se\/dk\/wp-json\/wp\/v2\/product_tag?post=58459"}],"curies":[{"name":"wp","href":"https:\/\/api.w.org\/{rel}","templated":true}]}}