{"id":58469,"date":"2022-10-12T12:41:41","date_gmt":"2022-10-12T10:41:41","guid":{"rendered":"https:\/\/secureus.se\/produkt\/uplus-c-12v-75-ah\/"},"modified":"2026-04-02T12:40:38","modified_gmt":"2026-04-02T10:40:38","slug":"batteri-12v-75ah","status":"publish","type":"product","link":"https:\/\/secureus.se\/dk\/batteri-12v-75ah\/","title":{"rendered":"Batteri 12V 75Ah UPLUS 10-12 \u00c5r Pro Version"},"content":{"rendered":"<h1>Batteri 12V 75ah \/ Akkumulator UPLUS 10-12 \u00c5r<\/h1>\n<p>UPLUS tilbyder et af markedets bredeste udvalg af h\u00f8jtydende AGM-batterier.<\/p>\n<p>UPLUS har i mange \u00e5r v\u00e6ret en af de st\u00f8rste producenter af kvalitetsbatterier til det globale marked inden for fremstillingsindustrien.<\/p>\n<p>Dimensioner mm (LxBxH): 260 x 168 x 208<\/p>\n<p>V\u00e6gt kg: 23,0<\/p>\n<p>Batteri 12V 75ah UPLUS Longlife batterier er udviklet som en str\u00f8mkilde, hvor h\u00f8j driftssikkerhed og lang levetid er prim\u00e6re behov.<\/p>\n<p>Batterierne testes i flere trin under fremstillingsprocessen for at im\u00f8dekomme de h\u00e5rde krav, som brugere i marinesegmentet stiller til deres batterier.<\/p>\n<p>UPLUS Marine-serien tilbyder b\u00e5de standardbatterier, der fungerer godt, som et allround-batteri og Deep Cycle-batterier, der er designet til mere cyklisk brug.<\/p>\n<p>Deep Cycle er derfor det oplagte valg som forbrugsbatteri i b\u00e5deUPS med mange forbrugere og h\u00f8j belastning.<\/p>\n<p>De fleste nordiske b\u00e5dproducenter bruger UPLUS som standard, da driftssikkerheden er vigtigst.<\/p>\n<p>Det brede udvalg g\u00f8r det nemt at finde det batteri, der er bedst egnet til den respektive installation eller j\u00e6vnstr\u00f8mskilde.<\/p>","protected":false},"excerpt":{"rendered":"<p>AGM Batteri 75 AH 10 -12 \u00e5rs levetid til tele-, alarm- og sikkerhedssystemer.<\/p>","protected":false},"featured_media":141674,"template":"","meta":{"_acf_changed":false},"product_brand":[],"product_cat":[1596,2428],"product_tag":[2182],"class_list":{"0":"post-58469","1":"product","2":"type-product","3":"status-publish","4":"has-post-thumbnail","6":"product_cat-ackumulatorer-12v-agm-batterier","7":"product_cat-stromforsorjning-batterier","8":"product_tag-batteri-46ah-och-uppat","9":"product_shipping_class-tunga-paket","10":"pa_brands-uplus","11":"tm-no-options","13":"first","14":"instock","15":"sale","16":"featured","17":"taxable","18":"shipping-taxable","19":"purchasable","20":"product-type-simple"},"acf":[],"_links":{"self":[{"href":"https:\/\/secureus.se\/dk\/wp-json\/wp\/v2\/product\/58469","targetHints":{"allow":["GET"]}}],"collection":[{"href":"https:\/\/secureus.se\/dk\/wp-json\/wp\/v2\/product"}],"about":[{"href":"https:\/\/secureus.se\/dk\/wp-json\/wp\/v2\/types\/product"}],"wp:featuredmedia":[{"embeddable":true,"href":"https:\/\/secureus.se\/dk\/wp-json\/wp\/v2\/media\/141674"}],"wp:attachment":[{"href":"https:\/\/secureus.se\/dk\/wp-json\/wp\/v2\/media?parent=58469"}],"wp:term":[{"taxonomy":"product_brand","embeddable":true,"href":"https:\/\/secureus.se\/dk\/wp-json\/wp\/v2\/product_brand?post=58469"},{"taxonomy":"product_cat","embeddable":true,"href":"https:\/\/secureus.se\/dk\/wp-json\/wp\/v2\/product_cat?post=58469"},{"taxonomy":"product_tag","embeddable":true,"href":"https:\/\/secureus.se\/dk\/wp-json\/wp\/v2\/product_tag?post=58469"}],"curies":[{"name":"wp","href":"https:\/\/api.w.org\/{rel}","templated":true}]}}