{"id":67606,"date":"2022-11-14T16:34:02","date_gmt":"2022-11-14T15:34:02","guid":{"rendered":"https:\/\/secureus.se\/produkt\/ackumulator-6-volt-3-4ah-agility-ny-version-mer-kraft\/"},"modified":"2026-04-07T16:34:08","modified_gmt":"2026-04-07T14:34:08","slug":"batteri-6v-34-ah","status":"publish","type":"product","link":"https:\/\/secureus.se\/dk\/batteri-6v-34-ah\/","title":{"rendered":"Batteri 6V 3,4Ah"},"content":{"rendered":"<h1>Batteri 6V 3,4 Ah<\/h1>\n<p data-start=\"434\" data-end=\"817\">Batteri 6V 3,4 Ah er en vigtig komponent i alarm- og telekommunikationssystemer, der kr\u00e6ver en sikker og stabil str\u00f8mforsyning.<\/p>\n<p data-start=\"434\" data-end=\"817\">Dette batteri er is\u00e6r nyttigt til Agility-alarmer og andre systemer, der bruger 6V str\u00f8mforsyninger.<\/p>\n<p data-start=\"434\" data-end=\"817\">For at sikre, at systemet altid har p\u00e5lidelig backupstr\u00f8m, anbefales det at udskifte batteriet efter cirka tre \u00e5r, uanset dets nuv\u00e6rende status.<\/p>\n<p data-start=\"819\" data-end=\"1097\">Agility-alarmsystemets kontrolpanel tester regelm\u00e6ssigt batteriets funktion og sikrer, at det altid er funktionsdygtigt, n\u00e5r det er mest n\u00f8dvendigt.<\/p>\n<p data-start=\"819\" data-end=\"1097\">Dette giver dig ro i sindet ved at vide, at din alarm fungerer korrekt og er forberedt p\u00e5 eventuelle n\u00f8dsituationer.<\/p>\n<p data-start=\"1099\" data-end=\"1466\">Batteriet er vedligeholdelsesfrit, hvilket g\u00f8r det nemt at bruge og installere.<\/p>\n<p data-start=\"1099\" data-end=\"1466\">Med sine kompakte dimensioner (134x34x66 mm) og en v\u00e6gt p\u00e5 kun 0,635 kg er den nem at installere i forskellige alarm- og sikkerhedssystemer.<\/p>\n<p data-start=\"1099\" data-end=\"1466\">Dens langvarige og p\u00e5lidelige ydeevne g\u00f8r den til et fremragende valg til alle typer alarm- og telekommunikationssystemer, hvor den h\u00f8jeste p\u00e5lidelighed er p\u00e5kr\u00e6vet.<\/p>\n<p data-start=\"1468\" data-end=\"1498\"><strong data-start=\"1468\" data-end=\"1496\">Hovedfunktioner:<\/strong><\/p>\n<ul data-start=\"1499\" data-end=\"1776\">\n<li data-start=\"1499\" data-end=\"1519\">\n<p data-start=\"1501\" data-end=\"1519\"><strong data-start=\"1501\" data-end=\"1514\">Sp\u00e6nding:<\/strong> 6V<\/p>\n<\/li>\n<li data-start=\"1520\" data-end=\"1545\">\n<p data-start=\"1522\" data-end=\"1545\"><strong data-start=\"1522\" data-end=\"1536\">Kapacitet:<\/strong> 3,4 Ah<\/p>\n<\/li>\n<li data-start=\"1546\" data-end=\"1587\">\n<p data-start=\"1548\" data-end=\"1587\"><strong data-start=\"1548\" data-end=\"1560\">St\u00f8rrelse:<\/strong> 134 x 34 x 66 mm (LxBxH)<\/p>\n<\/li>\n<li data-start=\"1588\" data-end=\"1610\">\n<p data-start=\"1590\" data-end=\"1610\"><strong data-start=\"1590\" data-end=\"1599\">V\u00e6gt:<\/strong> 0,635 kg<\/p>\n<\/li>\n<li data-start=\"1611\" data-end=\"1671\">\n<p data-start=\"1613\" data-end=\"1671\"><strong data-start=\"1613\" data-end=\"1628\">Bruge:<\/strong> Alarm- og telekommunikationssystemer, Agilitetsalarmer<\/p>\n<\/li>\n<li data-start=\"1672\" data-end=\"1699\">\n<p data-start=\"1674\" data-end=\"1699\"><strong data-start=\"1674\" data-end=\"1694\">Vedligeholdelsesfri:<\/strong> Ja<\/p>\n<\/li>\n<li data-start=\"1700\" data-end=\"1732\">\n<p data-start=\"1702\" data-end=\"1732\"><strong data-start=\"1702\" data-end=\"1716\">Levetid:<\/strong> Op til 3 \u00e5r<\/p>\n<\/li>\n<li data-start=\"1733\" data-end=\"1776\">\n<p data-start=\"1735\" data-end=\"1776\"><strong data-start=\"1735\" data-end=\"1764\">Leverand\u00f8rens artikelnummer:<\/strong> 500034-6V<\/p>\n<\/li>\n<\/ul>\n<p data-start=\"1778\" data-end=\"1793\"><strong data-start=\"1778\" data-end=\"1791\">Fordele:<\/strong><\/p>\n<ul data-start=\"1794\" data-end=\"2113\">\n<li data-start=\"1794\" data-end=\"1847\">\n<p data-start=\"1796\" data-end=\"1847\"><strong data-start=\"1796\" data-end=\"1815\">Vedligeholdelsesfri<\/strong> \u2013 Kr\u00e6ver minimal opsyn<\/p>\n<\/li>\n<li data-start=\"1848\" data-end=\"1923\">\n<p data-start=\"1850\" data-end=\"1923\"><strong data-start=\"1850\" data-end=\"1874\">H\u00f8j p\u00e5lidelighed<\/strong> \u2013 Perfekt til alarm- og sikkerhedsapplikationer<\/p>\n<\/li>\n<li data-start=\"1924\" data-end=\"2031\">\n<p data-start=\"1926\" data-end=\"2031\"><strong data-start=\"1926\" data-end=\"1946\">Sikkerhedsgaranti<\/strong> \u2013 Regelm\u00e6ssig test af Agility-systemet for at sikre batteriets funktionalitet<\/p>\n<\/li>\n<li data-start=\"2032\" data-end=\"2113\">\n<p data-start=\"2034\" data-end=\"2113\"><strong data-start=\"2034\" data-end=\"2052\">Lang levetid<\/strong> \u2013 Op til 3 \u00e5rs brug for sikker og stabil backup-str\u00f8m<\/p>\n<\/li>\n<\/ul>\n<p data-start=\"2115\" data-end=\"2410\">Kort sagt er et 6V 3,4 Ah batteri en p\u00e5lidelig l\u00f8sning til sikkerheds- og telekommunikationssystemer, der kr\u00e6ver en stabil str\u00f8mforsyning.<\/p>\n<p data-start=\"2115\" data-end=\"2410\">Den tilbyder langvarig ydeevne og sikkerhed, hvilket g\u00f8r den til et fremragende valg for alle, der \u00f8nsker at opretholde p\u00e5lidelig drift i deres sikkerhedssystemer.<\/p>","protected":false},"excerpt":{"rendered":"<p>Batteri 6V 3,4 Ah er et vedligeholdelsesfrit batteri designet til brug i alarm- og telekommunikationssystemer, herunder Agility-alarmsystemer.<\/p>\n<p>Den sikrer p\u00e5lidelig backupstr\u00f8m i op til tre \u00e5r, og den b\u00f8r udskiftes efter denne tid for at opretholde funktionalitet og sikkerhed.<\/p>","protected":false},"featured_media":142069,"template":"","meta":{"_acf_changed":false},"product_brand":[],"product_cat":[1596,2428,1862],"product_tag":[4513,2419,2426],"class_list":{"0":"post-67606","1":"product","2":"type-product","3":"status-publish","4":"has-post-thumbnail","6":"product_cat-ackumulatorer-12v-agm-batterier","7":"product_cat-stromforsorjning-batterier","8":"product_cat-batterier-knappcell","9":"product_tag-batteri-1-6-ah","10":"product_tag-rel-batteri","11":"product_tag-rel-risco","12":"product_shipping_class-tunga-paket","13":"pa_brands-stonehouse-security","14":"pa_risco-produkter-agility-2","15":"pa_risco-produkter-agility-3","16":"pa_risco-produkter-agility-4","17":"tm-no-options","19":"first","20":"instock","21":"sale","22":"featured","23":"taxable","24":"shipping-taxable","25":"purchasable","26":"product-type-simple"},"acf":[],"_links":{"self":[{"href":"https:\/\/secureus.se\/dk\/wp-json\/wp\/v2\/product\/67606","targetHints":{"allow":["GET"]}}],"collection":[{"href":"https:\/\/secureus.se\/dk\/wp-json\/wp\/v2\/product"}],"about":[{"href":"https:\/\/secureus.se\/dk\/wp-json\/wp\/v2\/types\/product"}],"wp:featuredmedia":[{"embeddable":true,"href":"https:\/\/secureus.se\/dk\/wp-json\/wp\/v2\/media\/142069"}],"wp:attachment":[{"href":"https:\/\/secureus.se\/dk\/wp-json\/wp\/v2\/media?parent=67606"}],"wp:term":[{"taxonomy":"product_brand","embeddable":true,"href":"https:\/\/secureus.se\/dk\/wp-json\/wp\/v2\/product_brand?post=67606"},{"taxonomy":"product_cat","embeddable":true,"href":"https:\/\/secureus.se\/dk\/wp-json\/wp\/v2\/product_cat?post=67606"},{"taxonomy":"product_tag","embeddable":true,"href":"https:\/\/secureus.se\/dk\/wp-json\/wp\/v2\/product_tag?post=67606"}],"curies":[{"name":"wp","href":"https:\/\/api.w.org\/{rel}","templated":true}]}}