{"id":68285,"date":"2022-11-21T17:14:52","date_gmt":"2022-11-21T16:14:52","guid":{"rendered":"https:\/\/secureus.se\/produkt\/visonic-kf-234-pg2-powerg-wireless-keyfob-transmitter\/"},"modified":"2026-03-27T10:30:25","modified_gmt":"2026-03-27T09:30:25","slug":"fjarrkontroll-kf-234-pg2-visonic","status":"publish","type":"product","link":"https:\/\/secureus.se\/dk\/fjarrkontroll-kf-234-pg2-visonic\/","title":{"rendered":"Fjernbetjening KF-234 PG2 PowerG \u2013 Visonic"},"content":{"rendered":"<h1>Fjernbetjening KF-234 PG2 \u2013 Praktisk og sikker fjernbetjening til dit alarmsystem<\/h1>\n<p>KF-234 PG2 er den perfekte l\u00f8sning til nemt at administrere dit Visonic PowerMaster alarmsystem.<\/p>\n<p>Med sine fire funktionsknapper kan du aktivere, deaktivere og aktivere skalbeskyttelsestilstand samt udl\u00f8se en panikalarm \u2013 alt sammen med et tryk p\u00e5 en knap.<\/p>\n<p>Takket v\u00e6re PowerG-teknologiens avancerede sikkerhedsprotokoller tilbyder KF-234 PG2 en r\u00e6kkevidde, der overg\u00e5r industristandarder, hvilket g\u00f8r den ideel selv til store rum uden behov for yderligere repeatere.<\/p>\n<p>Med en batterilevetid p\u00e5 op til 8 \u00e5r skal du sj\u00e6ldent t\u00e6nke p\u00e5 at skifte batterier, hvilket yderligere letter brugen.<\/p>\n<h4>Fordele:<\/h4>\n<ul>\n<li><strong>Sikkerhed og komfort<\/strong>: Nem aktivering og deaktivering af alarmen.<\/li>\n<li><strong>To-vejs kommunikation<\/strong>: F\u00e5 bekr\u00e6ftelse af udf\u00f8rte kommandoer via LED-indikatorer.<\/li>\n<li><strong>Lang batterilevetid<\/strong>: Op til 8 \u00e5r for p\u00e5lidelig brug.<\/li>\n<li><strong>Kompakt design<\/strong>: Lille og handy, nem at b\u00e6re.<\/li>\n<\/ul>\n<p>KF-234 PG2 er det ultimative valg for dem, der \u00f8nsker sikkerhed og brugervenlighed i \u00e9n enhed.<\/p>","protected":false},"excerpt":{"rendered":"<p>KF-234 PG2 er en tr\u00e5dl\u00f8s fjernbetjening med fire knapper, der g\u00f8r det nemt at styre dit Visonic PowerMaster alarmsystem.<\/p>\n<p>Med PowerG-teknologi og op til 8 \u00e5rs batterilevetid er den b\u00e5de p\u00e5lidelig og sikker.<\/p>","protected":false},"featured_media":141174,"template":"","meta":{"_acf_changed":false},"product_brand":[],"product_cat":[3378,2732],"product_tag":[2327],"class_list":{"0":"post-68285","1":"product","2":"type-product","3":"status-publish","4":"has-post-thumbnail","6":"product_cat-visonic-larmstyrning-knappsatser","7":"product_cat-visonic-larm-tradlost","8":"product_tag-visonic-fjarr-assistansknapp","9":"product_shipping_class-postnord-varubrev","10":"pa_brands-5visonic","11":"pa_farg-svart","12":"tm-no-options","14":"first","15":"instock","16":"sale","17":"featured","18":"taxable","19":"shipping-taxable","20":"purchasable","21":"product-type-simple"},"acf":[],"_links":{"self":[{"href":"https:\/\/secureus.se\/dk\/wp-json\/wp\/v2\/product\/68285","targetHints":{"allow":["GET"]}}],"collection":[{"href":"https:\/\/secureus.se\/dk\/wp-json\/wp\/v2\/product"}],"about":[{"href":"https:\/\/secureus.se\/dk\/wp-json\/wp\/v2\/types\/product"}],"wp:featuredmedia":[{"embeddable":true,"href":"https:\/\/secureus.se\/dk\/wp-json\/wp\/v2\/media\/141174"}],"wp:attachment":[{"href":"https:\/\/secureus.se\/dk\/wp-json\/wp\/v2\/media?parent=68285"}],"wp:term":[{"taxonomy":"product_brand","embeddable":true,"href":"https:\/\/secureus.se\/dk\/wp-json\/wp\/v2\/product_brand?post=68285"},{"taxonomy":"product_cat","embeddable":true,"href":"https:\/\/secureus.se\/dk\/wp-json\/wp\/v2\/product_cat?post=68285"},{"taxonomy":"product_tag","embeddable":true,"href":"https:\/\/secureus.se\/dk\/wp-json\/wp\/v2\/product_tag?post=68285"}],"curies":[{"name":"wp","href":"https:\/\/api.w.org\/{rel}","templated":true}]}}