{"id":68287,"date":"2022-11-21T17:14:46","date_gmt":"2022-11-21T16:14:46","guid":{"rendered":"https:\/\/secureus.se\/produkt\/visonic-smd-429-pg2-powerg-wireless-smoke-and-heat-detector\/"},"modified":"2026-03-11T16:56:25","modified_gmt":"2026-03-11T15:56:25","slug":"rokdetektor-smd-429-visonic","status":"publish","type":"product","link":"https:\/\/secureus.se\/dk\/rokdetektor-smd-429-visonic\/","title":{"rendered":"R\u00f8gdetektor SMD-429 med varmedetektor og PowerG \u2013 Visonic r\u00f8galarm \u2013 EOL S\u00e6lges s\u00e5 l\u00e6nge lager haves"},"content":{"rendered":"<h1>R\u00f8gdetektor SMD-429 \u2013 Sikkerhed og sikkerhed<\/h1>\n<p>SMD-429 er en h\u00f8jtydende tr\u00e5dl\u00f8s r\u00f8g- og varmedetektor designet til at beskytte dit hjem eller din virksomhed mod brande.<\/p>\n<p>Med revolutionerende PowerG-teknologi kombinerer denne enhed p\u00e5lidelighed og enkelhed med markedsledende sikkerhed.<\/p>\n<p>Detektoren registrerer hurtigt r\u00f8g og temperaturer over 57\u00b0C og advarer med en indbygget 85 dB sirene og en blinkende LED.<\/p>\n<p>Samtidig sender den signaler til alarmsystemet for at sikre en hurtig reaktion.<\/p>\n<h4>funktioner og fordele<\/h4>\n<ul>\n<li><strong>Tidlige brandvarsler<\/strong>: Sensorer registrerer r\u00f8g og varme for at give tidlig advarsel.<\/li>\n<li><strong>Lang r\u00e6kkevidde<\/strong>: PowerG-teknologien muligg\u00f8r repeaterfri installation selv i st\u00f8rre lokaler.<\/li>\n<li><strong>Nem at installere<\/strong>: Nem montering uden kompliceret ledningsf\u00f8ring.<\/li>\n<li><strong>Lang batterilevetid<\/strong>: Op til 3 \u00e5r ved normal brug.<\/li>\n<li><strong>Kompatibilitet<\/strong>: Fungerer problemfrit med PowerMaster alarmsystemer.<\/li>\n<\/ul>\n<p>Med sin lette installation og avancerede teknologi er SMD-429 perfekt til b\u00e5de hjem og virksomheder, der prioriterer sikkerhed og bekvemmelighed.<\/p>\n<p>&nbsp;<\/p>","protected":false},"excerpt":{"rendered":"<p>SMD-429 er en avanceret tr\u00e5dl\u00f8s r\u00f8g- og varmedetektor med indbygget sirene og PowerG-teknologi.<\/p>\n<p>Den giver tidlig advarsel om r\u00f8g og temperaturer over 57\u00b0C, hvilket beskytter dit hjem eller din virksomhed 24\/7.<\/p>\n<p>Med nem installation, lavt batteriforbrug og kompatibilitet med PowerMaster-systemer er SMD-429 den perfekte l\u00f8sning til brandsikkerhed.<\/p>","protected":false},"featured_media":142080,"template":"","meta":{"_acf_changed":false},"product_brand":[],"product_cat":[3376,3383,3377],"product_tag":[],"class_list":{"0":"post-68287","1":"product","2":"type-product","3":"status-publish","4":"has-post-thumbnail","6":"product_cat-visonic-larmenheter","7":"product_cat-visonic-brandvarnare-vattendetektor-temperatur","8":"product_cat-visonic-siren","9":"product_shipping_class-tunga-paket","10":"pa_brands-5visonic","11":"tm-no-options","13":"first","14":"outofstock","15":"featured","16":"taxable","17":"shipping-taxable","18":"purchasable","19":"product-type-simple"},"acf":[],"_links":{"self":[{"href":"https:\/\/secureus.se\/dk\/wp-json\/wp\/v2\/product\/68287","targetHints":{"allow":["GET"]}}],"collection":[{"href":"https:\/\/secureus.se\/dk\/wp-json\/wp\/v2\/product"}],"about":[{"href":"https:\/\/secureus.se\/dk\/wp-json\/wp\/v2\/types\/product"}],"wp:featuredmedia":[{"embeddable":true,"href":"https:\/\/secureus.se\/dk\/wp-json\/wp\/v2\/media\/142080"}],"wp:attachment":[{"href":"https:\/\/secureus.se\/dk\/wp-json\/wp\/v2\/media?parent=68287"}],"wp:term":[{"taxonomy":"product_brand","embeddable":true,"href":"https:\/\/secureus.se\/dk\/wp-json\/wp\/v2\/product_brand?post=68287"},{"taxonomy":"product_cat","embeddable":true,"href":"https:\/\/secureus.se\/dk\/wp-json\/wp\/v2\/product_cat?post=68287"},{"taxonomy":"product_tag","embeddable":true,"href":"https:\/\/secureus.se\/dk\/wp-json\/wp\/v2\/product_tag?post=68287"}],"curies":[{"name":"wp","href":"https:\/\/api.w.org\/{rel}","templated":true}]}}