{"id":68313,"date":"2022-11-21T17:13:20","date_gmt":"2022-11-21T16:13:20","guid":{"rendered":"https:\/\/secureus.se\/produkt\/visonic-mc-302e-pg2-powermaster-wireless-two-way-door-window-magnetic-contact-transmitter-with-wired-input\/"},"modified":"2026-04-09T11:39:00","modified_gmt":"2026-04-09T09:39:00","slug":"magnetkontakt-mc-302e-pg2-visonic","status":"publish","type":"product","link":"https:\/\/secureus.se\/dk\/magnetkontakt-mc-302e-pg2-visonic\/","title":{"rendered":"Magnetisk kontakt MC-302E PG2 \u2013 Visonic"},"content":{"rendered":"<h1>Magnetisk kontakt MC-302E PG2 \u2013 Tr\u00e5dl\u00f8s sikkerhed med PowerG-teknologi<\/h1>\n<p>Beskyt dine d\u00f8re og vinduer med Magnetic Contact MC-302E PG2, en h\u00f8jtydende tr\u00e5dl\u00f8s sikkerhedsl\u00f8sning fra Visonic.<\/p>\n<p>Den er designet til at fungere problemfrit med PowerMaster alarmsystemer og kombinerer avanceret teknologi og brugervenlighed.<\/p>\n<h4>Fordele ved MC-302E PG2:<\/h4>\n<ul>\n<li><strong>Lang r\u00e6kkevidde<\/strong>: PowerG-teknologien muligg\u00f8r repeaterfri installationer selv i st\u00f8rre ejendomme.<\/li>\n<li><strong>Lang batterilevetid<\/strong>: Op til 8 \u00e5rs drift med et 3V CR-123 lithiumbatteri.<\/li>\n<li><strong>Alsidighed<\/strong>: Underst\u00f8ttelse af yderligere sensorer via aux-indgang, hvilket giver \u00f8get fleksibilitet.<\/li>\n<\/ul>\n<h3>Enkel og p\u00e5lidelig sikkerhed<\/h3>\n<p>MC-302E PG2 er ikke kun nem at installere, men tilbyder ogs\u00e5 robust ydeevne med en sabotagekontakt og LED-indikator for lavt batteri.<\/p>\n<p>Uanset om det er til private hjem eller erhvervsejendomme, er dette en l\u00f8sning, du kan stole p\u00e5.<\/p>\n<p>Invester i fremtidens sikkerhed med MC-302E PG2 \u2013 et produkt, der kombinerer p\u00e5lidelighed, innovation og brugervenlighed.<\/p>","protected":false},"excerpt":{"rendered":"<p>Magnetisk kontakt MC-302E PG2 beskytter d\u00f8re og vinduer med PowerG teknologi.<\/p>\n<p>Nem installation og lang batterilevetid for p\u00e5lidelig sikkerhed.<\/p>","protected":false},"featured_media":141203,"template":"","meta":{"_acf_changed":false},"product_brand":[],"product_cat":[3376,3381],"product_tag":[2472,3125],"class_list":{"0":"post-68313","1":"product","2":"type-product","3":"status-publish","4":"has-post-thumbnail","6":"product_cat-visonic-larmenheter","7":"product_cat-visonic-magnetkontakter","8":"product_tag-sbsc-larmklassr","9":"product_tag-visonic-magnet","10":"product_shipping_class-postnord-varubrev","11":"pa_brands-5visonic","12":"tm-no-options","14":"first","15":"outofstock","16":"sale","17":"taxable","18":"shipping-taxable","19":"purchasable","20":"product-type-simple"},"acf":[],"_links":{"self":[{"href":"https:\/\/secureus.se\/dk\/wp-json\/wp\/v2\/product\/68313","targetHints":{"allow":["GET"]}}],"collection":[{"href":"https:\/\/secureus.se\/dk\/wp-json\/wp\/v2\/product"}],"about":[{"href":"https:\/\/secureus.se\/dk\/wp-json\/wp\/v2\/types\/product"}],"wp:featuredmedia":[{"embeddable":true,"href":"https:\/\/secureus.se\/dk\/wp-json\/wp\/v2\/media\/141203"}],"wp:attachment":[{"href":"https:\/\/secureus.se\/dk\/wp-json\/wp\/v2\/media?parent=68313"}],"wp:term":[{"taxonomy":"product_brand","embeddable":true,"href":"https:\/\/secureus.se\/dk\/wp-json\/wp\/v2\/product_brand?post=68313"},{"taxonomy":"product_cat","embeddable":true,"href":"https:\/\/secureus.se\/dk\/wp-json\/wp\/v2\/product_cat?post=68313"},{"taxonomy":"product_tag","embeddable":true,"href":"https:\/\/secureus.se\/dk\/wp-json\/wp\/v2\/product_tag?post=68313"}],"curies":[{"name":"wp","href":"https:\/\/api.w.org\/{rel}","templated":true}]}}