{"id":68325,"date":"2022-11-21T17:12:42","date_gmt":"2022-11-21T16:12:42","guid":{"rendered":"https:\/\/secureus.se\/produkt\/visonic-powerlink3-1-plug-and-play-broadband-ip-communicator-for-central-stations\/"},"modified":"2026-03-11T16:59:35","modified_gmt":"2026-03-11T15:59:35","slug":"ip-modul-powermaster-visonic","status":"publish","type":"product","link":"https:\/\/secureus.se\/dk\/ip-modul-powermaster-visonic\/","title":{"rendered":"IP-modul Powermaster \u2013 PowerLink 3.1 \u2013 10 30 &amp; 33 \u2013 Plug &amp; Play \u2013 Visonic"},"content":{"rendered":"<h1>IP-modul Powermaster \u2013 PowerLink 3.1 \u2013 Et revolutionerende IP-modul til PowerMaster<\/h1>\n<p>Visonics PowerLink 3.1 tilbyder en enkel og avanceret l\u00f8sning til styring og overv\u00e5gning af PowerMasters sikkerhedssystemer.<\/p>\n<p>Med Plug &amp; Play-funktionalitet er den perfekt til b\u00e5de hjem og virksomheder, der \u00f8nsker at tage deres sikkerhed til det n\u00e6ste niveau.<\/p>\n<p>Med Powerlink IP-modulet kan du oprette forbindelse til netv\u00e6rket og sammen med Visonic-GO kan du styre alarmen via deres server visonic.tycomonitor.com<\/p>\n<p>Powermaster Central skal v\u00e6re version 18 eller nyere. Kan ikke sidde i kontrolpanelet, mens du bruger et mobil\/gprs-modul.<\/p>\n<h4>Funktioner, der g\u00f8r en forskel:<\/h4>\n<ul>\n<li><strong>Nem installation<\/strong>: Tilslut PowerLink 3.1 til routeren \u2013 ingen yderligere konfiguration er p\u00e5kr\u00e6vet.<\/li>\n<li><strong>Bekr\u00e6ftelse af billedalarm<\/strong>: Send billeder p\u00e5 alarmtidspunktet baseret p\u00e5 bev\u00e6gelsesdetektion fra NEXT CAM-detektorer.<\/li>\n<li><strong>Total fjernbetjening<\/strong>: Administrer systemet via Visonics PowerManage platform og mobilapp.<\/li>\n<\/ul>\n<h3>Forbedre sikkerheden med IP-teknologi<\/h3>\n<p>PowerLink 3.1 tilbyder IP-baseret h\u00e6ndelsesmeddelelse, hvilket g\u00f8r det nemt for centralstationer at h\u00e5ndtere alarmer i realtid.<\/p>\n<p>Med billedverifikation kan husejere og sikkerhedspersonale hurtigt afg\u00f8re, om alarmen er \u00e6gte eller falsk, hvilket reducerer un\u00f8dvendige opkald.<\/p>\n<h4>Velegnet til b\u00e5de private og virksomheder:<\/h4>\n<ul>\n<li>Send billeder og alarmbegivenheder til e-mail eller mobil.<\/li>\n<li>Fjernkonfiguration og vedligeholdelse af PowerMaster-systemet.<\/li>\n<li>Mulighed for at integrere op til 15 Next CAM-detektorer til omfattende overv\u00e5gning.<\/li>\n<\/ul>\n<p>Med PowerLink 3.1 f\u00e5r du en komplet l\u00f8sning til sikkerhed og bekvemmelighed \u2013 uden komplicerede installationer.<\/p>","protected":false},"excerpt":{"rendered":"<p>PowerLink 3.1 er et IP-modul til PowerMaster-systemer, der muligg\u00f8r nem fjernbetjening og IP-baseret alarmkommunikation.<\/p>\n<p>Plug &amp; Play l\u00f8sning.<\/p>\n<p>Powermaster Central skal v\u00e6re version 18 eller nyere. Kan ikke sidde i kontrolpanelet, mens du bruger et mobil\/gprs-modul.<\/p>","protected":false},"featured_media":142126,"template":"","meta":{"_acf_changed":false},"product_brand":[],"product_cat":[3375],"product_tag":[2330],"class_list":{"0":"post-68325","1":"product","2":"type-product","3":"status-publish","4":"has-post-thumbnail","6":"product_cat-visonic-larmsandare-ip-4g","7":"product_tag-visonic-manoverpanel","8":"product_shipping_class-postnord-varubrev","9":"pa_brands-5visonic","10":"tm-no-options","12":"first","13":"instock","14":"sale","15":"featured","16":"taxable","17":"shipping-taxable","18":"purchasable","19":"product-type-simple"},"acf":[],"_links":{"self":[{"href":"https:\/\/secureus.se\/dk\/wp-json\/wp\/v2\/product\/68325","targetHints":{"allow":["GET"]}}],"collection":[{"href":"https:\/\/secureus.se\/dk\/wp-json\/wp\/v2\/product"}],"about":[{"href":"https:\/\/secureus.se\/dk\/wp-json\/wp\/v2\/types\/product"}],"wp:featuredmedia":[{"embeddable":true,"href":"https:\/\/secureus.se\/dk\/wp-json\/wp\/v2\/media\/142126"}],"wp:attachment":[{"href":"https:\/\/secureus.se\/dk\/wp-json\/wp\/v2\/media?parent=68325"}],"wp:term":[{"taxonomy":"product_brand","embeddable":true,"href":"https:\/\/secureus.se\/dk\/wp-json\/wp\/v2\/product_brand?post=68325"},{"taxonomy":"product_cat","embeddable":true,"href":"https:\/\/secureus.se\/dk\/wp-json\/wp\/v2\/product_cat?post=68325"},{"taxonomy":"product_tag","embeddable":true,"href":"https:\/\/secureus.se\/dk\/wp-json\/wp\/v2\/product_tag?post=68325"}],"curies":[{"name":"wp","href":"https:\/\/api.w.org\/{rel}","templated":true}]}}