{"id":68327,"date":"2022-11-21T17:12:35","date_gmt":"2022-11-21T16:12:35","guid":{"rendered":"https:\/\/secureus.se\/produkt\/visonic-0-9912-g-battery-replacement-for-security-alarm-system-9-6v-2100-mah\/"},"modified":"2026-04-09T11:39:34","modified_gmt":"2026-04-09T09:39:34","slug":"batteri-powermax-pro-2100-9-6v-visonic","status":"publish","type":"product","link":"https:\/\/secureus.se\/dk\/batteri-powermax-pro-2100-9-6v-visonic\/","title":{"rendered":"Batteri Powermax Pro 1800 mAh 9,6V Ekstra str\u00f8m til Visonic"},"content":{"rendered":"<h1>Batteri PowerMax Pro 9,6V 1800 mAh \u2013 Sikker og holdbar backupstr\u00f8m<\/h1>\n<p>Giv dit Visonic PowerMax Pro-sikkerhedssystem den p\u00e5lidelige backup-kraft, det har brug for, med dette h\u00f8jkapacitetsbatteri.<\/p>\n<p>Med 1800 mAh og 9,6V NiMH-teknologi er den designet til at give langvarig og stabil str\u00f8mforsyning, selv under str\u00f8mafbrydelser.<\/p>\n<h4>Fordele ved PowerMax Pro-batteriet:<\/h4>\n<ul>\n<li><strong>Lang driftstid<\/strong>: Op til 12 timers reservestr\u00f8m i tilf\u00e6lde af str\u00f8mafbrydelse.<\/li>\n<li><strong>Milj\u00f8venlig l\u00f8sning<\/strong>: Fremstillet af nikkelholdige materialer, der letter genbrug.<\/li>\n<li><strong>Genopladelig bekvemmelighed<\/strong>: Batteriet oplades l\u00f8bende af centralenheden for altid at v\u00e6re klar.<\/li>\n<\/ul>\n<h3>Perfekt til hjemmet og forretningen<\/h3>\n<p>Dette batteri er kompatibelt med PowerMax Pro og PowerMax Complete alarmsystemerne.<\/p>\n<p>Dette sikrer, at din centralenhed forts\u00e6tter med at fungere uafbrudt, selv under uforudsete str\u00f8mafbrydelser, hvilket giver dig ro i sindet og sikkerhed, n\u00e5r du har mest brug for det.<\/p>\n<p>Skift til dette batteri med h\u00f8j kapacitet for at optimere dit sikkerhedssystem og f\u00e5 en p\u00e5lidelig backup-str\u00f8ml\u00f8sning.<\/p>","protected":false},"excerpt":{"rendered":"<p>Genopladeligt batteri til PowerMax Pro.<\/p>\n<p>Med en kapacitet p\u00e5 2100 mAh garanterer den op til 12 timers drift under en str\u00f8mafbrydelse - sikker backupstr\u00f8m.<\/p>","protected":false},"featured_media":141375,"template":"","meta":{"_acf_changed":false},"product_brand":[],"product_cat":[3379,1862],"product_tag":[2334],"class_list":{"0":"post-68327","1":"product","2":"type-product","3":"status-publish","4":"has-post-thumbnail","6":"product_cat-visonic-batteri-reservdelar","7":"product_cat-batterier-knappcell","8":"product_tag-visonic-reservdel","9":"product_shipping_class-tunga-paket","10":"pa_brands-5visonic","11":"tm-no-options","13":"first","14":"onbackorder","15":"sale","16":"taxable","17":"shipping-taxable","18":"purchasable","19":"product-type-simple"},"acf":[],"_links":{"self":[{"href":"https:\/\/secureus.se\/dk\/wp-json\/wp\/v2\/product\/68327","targetHints":{"allow":["GET"]}}],"collection":[{"href":"https:\/\/secureus.se\/dk\/wp-json\/wp\/v2\/product"}],"about":[{"href":"https:\/\/secureus.se\/dk\/wp-json\/wp\/v2\/types\/product"}],"wp:featuredmedia":[{"embeddable":true,"href":"https:\/\/secureus.se\/dk\/wp-json\/wp\/v2\/media\/141375"}],"wp:attachment":[{"href":"https:\/\/secureus.se\/dk\/wp-json\/wp\/v2\/media?parent=68327"}],"wp:term":[{"taxonomy":"product_brand","embeddable":true,"href":"https:\/\/secureus.se\/dk\/wp-json\/wp\/v2\/product_brand?post=68327"},{"taxonomy":"product_cat","embeddable":true,"href":"https:\/\/secureus.se\/dk\/wp-json\/wp\/v2\/product_cat?post=68327"},{"taxonomy":"product_tag","embeddable":true,"href":"https:\/\/secureus.se\/dk\/wp-json\/wp\/v2\/product_tag?post=68327"}],"curies":[{"name":"wp","href":"https:\/\/api.w.org\/{rel}","templated":true}]}}