{"id":68331,"date":"2022-11-21T17:12:18","date_gmt":"2022-11-21T16:12:18","guid":{"rendered":"https:\/\/secureus.se\/produkt\/visonic-pb-101-pg2-868-0030-powerg-1-button-supervised-handheld-wireless-panic-button-868mhz\/"},"modified":"2026-04-23T13:38:12","modified_gmt":"2026-04-23T11:38:12","slug":"overfallskontakt-1-knapp-pb-101-visonic","status":"publish","type":"product","link":"https:\/\/secureus.se\/dk\/overfallskontakt-1-knapp-pb-101-visonic\/","title":{"rendered":"Overfaldskontakt 1 knap PG2 PB-101 PowerG 868MHz \u2013 Visonic"},"content":{"rendered":"<h1>Panikkontakt 1 knap PG2 PB-101 \u2013 Din sikkerhedsl\u00f8sning i n\u00f8dsituationer<\/h1>\n<p>PB-101 PG2 er en tr\u00e5dl\u00f8s, b\u00e6rbar og brugervenlig panikafbryder udviklet til Visonics PowerMaster-systemer.<\/p>\n<p>Den er designet til hurtigt og nemt at aktivere en alarm i en n\u00f8dsituation, hvilket g\u00f8r den til en uundv\u00e6rlig tilf\u00f8jelse til b\u00e5de hjem og virksomheder.<\/p>\n<h4>Hvorfor v\u00e6lge PB-101 PG2?<\/h4>\n<ul>\n<li><strong>Hurtig aktivering<\/strong>: En stor knap, der kr\u00e6ver et tryk p\u00e5 to sekunder for at mindske risikoen for fejltryk.<\/li>\n<li><strong>B\u00e6rbar og fleksibel<\/strong>: Kan b\u00e6res om halsen, p\u00e5 b\u00e6ltet eller monteres p\u00e5 v\u00e6ggen.<\/li>\n<li><strong>Lang batterilevetid<\/strong>: Op til 5 \u00e5rs levetid ved normal brug, hvilket g\u00f8r den b\u00e5de praktisk og vedligeholdelsesvenlig.<\/li>\n<\/ul>\n<h3>Sikkerhed og komfort i \u00e9t<\/h3>\n<p>PB-101 PG2 panikkontakten med 1 knap er udstyret med PowerG-teknologi til stabil og sikker kommunikation med PowerMaster-systemet.<\/p>\n<p>Det moderne ergonomiske design g\u00f8r den behagelig at have p\u00e5 og bruge, uanset situationen.<\/p>\n<p>Forbedre din sikkerhed med PB-101 PG2 \u2013 en p\u00e5lidelig og effektiv l\u00f8sning til \u00f8jeblikkelig alarm i n\u00f8dsituationer.<\/p>","protected":false},"excerpt":{"rendered":"<p>PB-101 PG2 er en tr\u00e5dl\u00f8s panikkontakt med PowerG-teknologi.<\/p>\n<p>Let at b\u00e6re og bruge til \u00f8jeblikkelig alarm i n\u00f8dsituationer.<\/p>","protected":false},"featured_media":141384,"template":"","meta":{"_acf_changed":false},"product_brand":[],"product_cat":[3378],"product_tag":[2327],"class_list":{"0":"post-68331","1":"product","2":"type-product","3":"status-publish","4":"has-post-thumbnail","6":"product_cat-visonic-larmstyrning-knappsatser","7":"product_tag-visonic-fjarr-assistansknapp","8":"product_shipping_class-postnord-varubrev","9":"pa_brands-5visonic","10":"tm-no-options","12":"first","13":"onbackorder","14":"sale","15":"taxable","16":"shipping-taxable","17":"purchasable","18":"product-type-simple"},"acf":[],"_links":{"self":[{"href":"https:\/\/secureus.se\/dk\/wp-json\/wp\/v2\/product\/68331","targetHints":{"allow":["GET"]}}],"collection":[{"href":"https:\/\/secureus.se\/dk\/wp-json\/wp\/v2\/product"}],"about":[{"href":"https:\/\/secureus.se\/dk\/wp-json\/wp\/v2\/types\/product"}],"wp:featuredmedia":[{"embeddable":true,"href":"https:\/\/secureus.se\/dk\/wp-json\/wp\/v2\/media\/141384"}],"wp:attachment":[{"href":"https:\/\/secureus.se\/dk\/wp-json\/wp\/v2\/media?parent=68331"}],"wp:term":[{"taxonomy":"product_brand","embeddable":true,"href":"https:\/\/secureus.se\/dk\/wp-json\/wp\/v2\/product_brand?post=68331"},{"taxonomy":"product_cat","embeddable":true,"href":"https:\/\/secureus.se\/dk\/wp-json\/wp\/v2\/product_cat?post=68331"},{"taxonomy":"product_tag","embeddable":true,"href":"https:\/\/secureus.se\/dk\/wp-json\/wp\/v2\/product_tag?post=68331"}],"curies":[{"name":"wp","href":"https:\/\/api.w.org\/{rel}","templated":true}]}}