{"id":68347,"date":"2022-11-21T17:11:32","date_gmt":"2022-11-21T16:11:32","guid":{"rendered":"https:\/\/secureus.se\/produkt\/visonic-tower-32am-pg2-powerg-high-performance-wireless-mirror-dual-technology-detector-with-anti-masking\/"},"modified":"2026-04-09T11:41:03","modified_gmt":"2026-04-09T09:41:03","slug":"kombidetektor-tower-32-am-pg2-visonic","status":"publish","type":"product","link":"https:\/\/secureus.se\/dk\/kombidetektor-tower-32-am-pg2-visonic\/","title":{"rendered":"Kombidetektor TOWER-32 AM PG2 \u2013 Visonic"},"content":{"rendered":"<h1>Kombinationsdetektor TOWER-32AM PG2 \u2013 Kombinationsdetektor med avanceret sikkerhedsteknologi<\/h1>\n<p>TOWER-32AM PG2 er en h\u00f8jtydende tr\u00e5dl\u00f8s detektor, der kombinerer PIR- og mikrob\u00f8lgeteknologi for at minimere falske alarmer og sikre p\u00e5lidelig bev\u00e6gelsesdetektion.<\/p>\n<p>Perfekt til b\u00e5de kommercielle og vejrbestandige boliginstallationer, den tilbyder robust sikkerhed med en r\u00e6kke avancerede funktioner.<\/p>\n<h4>Fordele ved TOWER-32AM PG2:<\/h4>\n<ul>\n<li><strong>Dobbelt teknologi<\/strong>: Kombinerer PIR- og K-b\u00e5nds mikrob\u00f8lgeteknologi til n\u00f8jagtig detektion.<\/li>\n<li><strong>Avanceret anti-maskering<\/strong>: Beskytter mod fors\u00f8g p\u00e5 at maskere sensorerne, inklusive spray eller afd\u00e6kning.<\/li>\n<li><strong>Lang r\u00e6kkevidde<\/strong>: D\u00e6kning op til 15 m med 90\u00b0 registreringsvinkel og kravlezone.<\/li>\n<\/ul>\n<h3>Nem installation og vedligeholdelse<\/h3>\n<p>Med PowerG-teknologi tilbyder TOWER-32AM PG2 en sikker og stabil tr\u00e5dl\u00f8s forbindelse.<\/p>\n<p>Installationen er glat med LED-indikator for RF-linkkvalitet, og fjernkonfiguration sparer tid for b\u00e5de installat\u00f8rer og brugere.<\/p>\n<h4>Perfekt til:<\/h4>\n<ul>\n<li>Vejrbeskyttede milj\u00f8er s\u00e5som udestuer eller kolde garager.<\/li>\n<li>Kr\u00e6vende kommercielle applikationer.<\/li>\n<li>Installationer, hvor der kr\u00e6ves k\u00e6ledyrsvenlig teknologi (immun over for k\u00e6ledyr op til 40 kg).<\/li>\n<\/ul>\n<p>Med TOWER-32AM PG2 Combi Detector f\u00e5r du en p\u00e5lidelig og omkostningseffektiv l\u00f8sning til at beskytte dine lokaler mod indbrud.<\/p>","protected":false},"excerpt":{"rendered":"<p>TOWER-32AM PG2 kombinerer PIR- og mikrob\u00f8lgeteknologi til pr\u00e6cis bev\u00e6gelsesdetektion.<\/p>\n<p>Perfekt til vejrbeskyttede milj\u00f8er og PowerMaster-systemer.<\/p>","protected":false},"featured_media":142143,"template":"","meta":{"_acf_changed":false},"product_brand":[],"product_cat":[3376,3382],"product_tag":[2472,2332],"class_list":{"0":"post-68347","1":"product","2":"type-product","3":"status-publish","4":"has-post-thumbnail","6":"product_cat-visonic-larmenheter","7":"product_cat-rorelse-och-kamera-visonic-larmenheter","8":"product_tag-sbsc-larmklassr","9":"product_tag-visonic-rorelsedetektor","10":"product_shipping_class-tunga-paket","11":"pa_brands-5visonic","12":"tm-no-options","14":"first","15":"onbackorder","16":"sale","17":"taxable","18":"shipping-taxable","19":"purchasable","20":"product-type-simple"},"acf":[],"_links":{"self":[{"href":"https:\/\/secureus.se\/dk\/wp-json\/wp\/v2\/product\/68347","targetHints":{"allow":["GET"]}}],"collection":[{"href":"https:\/\/secureus.se\/dk\/wp-json\/wp\/v2\/product"}],"about":[{"href":"https:\/\/secureus.se\/dk\/wp-json\/wp\/v2\/types\/product"}],"wp:featuredmedia":[{"embeddable":true,"href":"https:\/\/secureus.se\/dk\/wp-json\/wp\/v2\/media\/142143"}],"wp:attachment":[{"href":"https:\/\/secureus.se\/dk\/wp-json\/wp\/v2\/media?parent=68347"}],"wp:term":[{"taxonomy":"product_brand","embeddable":true,"href":"https:\/\/secureus.se\/dk\/wp-json\/wp\/v2\/product_brand?post=68347"},{"taxonomy":"product_cat","embeddable":true,"href":"https:\/\/secureus.se\/dk\/wp-json\/wp\/v2\/product_cat?post=68347"},{"taxonomy":"product_tag","embeddable":true,"href":"https:\/\/secureus.se\/dk\/wp-json\/wp\/v2\/product_tag?post=68347"}],"curies":[{"name":"wp","href":"https:\/\/api.w.org\/{rel}","templated":true}]}}