{"id":68355,"date":"2022-11-21T17:11:09","date_gmt":"2022-11-21T16:11:09","guid":{"rendered":"https:\/\/secureus.se\/produkt\/visonic-tower-20am-pg2-powerg-wireless-outdoor-pir-motion-mirror-detector-with-anti-masking\/"},"modified":"2026-03-27T10:28:39","modified_gmt":"2026-03-27T09:28:39","slug":"detektor-tower-20-am-utomhus-visonic","status":"publish","type":"product","link":"https:\/\/secureus.se\/dk\/detektor-tower-20-am-utomhus-visonic\/","title":{"rendered":"Detektor TOWER-20 AM PIR bev\u00e6gelse udend\u00f8rs PG2 PowerG \u2013 Visonic"},"content":{"rendered":"<h1>Detektor TOWER-20 AM PG2 \u2013 Avanceret bev\u00e6gelsesdetektion til udend\u00f8rs milj\u00f8er<\/h1>\n<p>TOWER-20 AM PG2 er en tr\u00e5dl\u00f8s PIR-detektor designet til at give maksimal sikkerhed udend\u00f8rs.<\/p>\n<p>Med spejloptik og avanceret anti-maskering beskytter den dit hjem eller din virksomhed mod potentielle trusler uden at for\u00e5rsage falske alarmer.<\/p>\n<h4>N\u00f8glefunktioner:<\/h4>\n<ul>\n<li><strong>Avanceret teknologi<\/strong>: Octa-Quad\u2122-teknologi med otte PIR-sensorer til pr\u00e6cis detektion.<\/li>\n<li><strong>Anti-maskering<\/strong>: Beskytter mod fors\u00f8g p\u00e5 at manipulere detektoren.<\/li>\n<li><strong>Robust design<\/strong>: Vejrbestandig med IP55-certificering og h\u00e6rv\u00e6rksbeskyttelse.<\/li>\n<\/ul>\n<h3>Perfekt til hjemmet og erhvervslivet<\/h3>\n<p>TOWER-20 AM PG2 tilbyder en d\u00e6kning p\u00e5 12\u00d712 m med en 90\u00b0 vinkel, hvilket g\u00f8r den ideel til store udend\u00f8rs omr\u00e5der.<\/p>\n<p>Den er immun over for falske alarmer fra k\u00e6ledyr (op til 18 kg), sollys og vejrforhold, hvilket g\u00f8r den til en p\u00e5lidelig sikkerhedsl\u00f8sning.<\/p>\n<h4>Fordele:<\/h4>\n<ul>\n<li>Nem installation med LED signalstyrkeindikator.<\/li>\n<li>Batterilevetid op til 3 \u00e5r.<\/li>\n<li>Kompatibilitet med PowerMaster-systemer version 16 og nyere.<\/li>\n<\/ul>\n<p>Med TOWER-20 AM PG2 detektoren f\u00e5r du en kraftfuld og p\u00e5lidelig l\u00f8sning til at beskytte dine udend\u00f8rs arealer.<\/p>","protected":false},"excerpt":{"rendered":"<p>TOWER-20 AM PG2 er en tr\u00e5dl\u00f8s PIR-detektor til udend\u00f8rs brug.<\/p>\n<p>Med avanceret antimaskering og beskyttelse mod falsk alarm er den ideel til sikkerhed.<\/p>","protected":false},"featured_media":142148,"template":"","meta":{"_acf_changed":false},"product_brand":[],"product_cat":[3376,3380],"product_tag":[3152,2472,2332],"class_list":{"0":"post-68355","1":"product","2":"type-product","3":"status-publish","4":"has-post-thumbnail","6":"product_cat-visonic-larmenheter","7":"product_cat-visonic-utomhusdetektorer","8":"product_tag-cr123-tillbehor","9":"product_tag-sbsc-larmklassr","10":"product_tag-visonic-rorelsedetektor","11":"product_shipping_class-tunga-paket","12":"pa_brands-5visonic","13":"tm-no-options","15":"first","16":"outofstock","17":"sale","18":"taxable","19":"shipping-taxable","20":"purchasable","21":"product-type-simple"},"acf":[],"_links":{"self":[{"href":"https:\/\/secureus.se\/dk\/wp-json\/wp\/v2\/product\/68355","targetHints":{"allow":["GET"]}}],"collection":[{"href":"https:\/\/secureus.se\/dk\/wp-json\/wp\/v2\/product"}],"about":[{"href":"https:\/\/secureus.se\/dk\/wp-json\/wp\/v2\/types\/product"}],"wp:featuredmedia":[{"embeddable":true,"href":"https:\/\/secureus.se\/dk\/wp-json\/wp\/v2\/media\/142148"}],"wp:attachment":[{"href":"https:\/\/secureus.se\/dk\/wp-json\/wp\/v2\/media?parent=68355"}],"wp:term":[{"taxonomy":"product_brand","embeddable":true,"href":"https:\/\/secureus.se\/dk\/wp-json\/wp\/v2\/product_brand?post=68355"},{"taxonomy":"product_cat","embeddable":true,"href":"https:\/\/secureus.se\/dk\/wp-json\/wp\/v2\/product_cat?post=68355"},{"taxonomy":"product_tag","embeddable":true,"href":"https:\/\/secureus.se\/dk\/wp-json\/wp\/v2\/product_tag?post=68355"}],"curies":[{"name":"wp","href":"https:\/\/api.w.org\/{rel}","templated":true}]}}