{"id":68369,"date":"2022-11-21T17:10:18","date_gmt":"2022-11-21T16:10:18","guid":{"rendered":"https:\/\/secureus.se\/produkt\/visonic-tower-32am-pg2-powerg-high-performance-wireless-pir-mirror-dual-technology-detector-with-anti-masking\/"},"modified":"2026-04-09T11:37:03","modified_gmt":"2026-04-09T09:37:03","slug":"detektor-tower-32am-kombi-visonic","status":"publish","type":"product","link":"https:\/\/secureus.se\/dk\/detektor-tower-32am-kombi-visonic\/","title":{"rendered":"Detektor TOWER-32AM Kombidetektor K9-90 PG2 \u2013 Visonic"},"content":{"rendered":"<h1>TOWER-32AM PG2 \u2013 Avanceret kombidetektor til sikrere milj\u00f8er<\/h1>\n<p>TOWER-32AM PG2 er en h\u00f8jtydende tr\u00e5dl\u00f8s kombinationsdetektor designet til b\u00e5de bolig- og erhvervsinstallationer.<\/p>\n<p>Med avanceret PIR- og mikrob\u00f8lgeteknologi giver den h\u00f8j pr\u00e6cision og minimal risiko for falske alarmer.<\/p>\n<h4>Funktioner og fordele:<\/h4>\n<ul>\n<li><strong>Dobbelt teknologi<\/strong>: PIR og K-b\u00e5nd mikrob\u00f8lge for at sikre n\u00f8jagtig detektion.<\/li>\n<li><strong>Anti-maskering<\/strong>: Beskytter mod manipulation af sensorer.<\/li>\n<li><strong>Dyreimmunitet<\/strong>: Kan modst\u00e5 k\u00e6ledyr op til 40 kg, hvilket minimerer falske alarmer.<\/li>\n<li><strong>Robust design<\/strong>: Vandal-resistent med V-Slot teknologi.<\/li>\n<\/ul>\n<h3>Perfekt til hjemmet og erhvervslivet<\/h3>\n<p>TOWER-32AM PG2 er kompatibel med PowerMaster-systemer og tilbyder nem installation og fjernvedligeholdelse.<\/p>\n<p>Dens lave str\u00f8mforbrug sikrer lang batterilevetid og h\u00f8j p\u00e5lidelighed.<\/p>\n<h4>Fordele:<\/h4>\n<ul>\n<li>D\u00e6kker op til 15 m med en vinkel p\u00e5 90\u00b0.<\/li>\n<li>Tilpasset til h\u00e5rde milj\u00f8er og ekstreme temperaturer.<\/li>\n<li>Opfylder EN 50131-2-4 Grade 2 Class II.<\/li>\n<\/ul>\n<p>Med TOWER-32AM PG2 f\u00e5r du en sikkerhedsl\u00f8sning, der leverer p\u00e5lidelig ydeevne og sikkerhed i alle milj\u00f8er.<\/p>","protected":false},"excerpt":{"rendered":"<p>TOWER-32AM PG2 er en tr\u00e5dl\u00f8s kombinationsdetektor med avanceret teknologi.<\/p>\n<p>Perfekt til sikkerhed i bolig- og kommercielle milj\u00f8er.<\/p>","protected":false},"featured_media":141413,"template":"","meta":{"_acf_changed":false},"product_brand":[],"product_cat":[3376,3382],"product_tag":[2472,2332],"class_list":{"0":"post-68369","1":"product","2":"type-product","3":"status-publish","4":"has-post-thumbnail","6":"product_cat-visonic-larmenheter","7":"product_cat-rorelse-och-kamera-visonic-larmenheter","8":"product_tag-sbsc-larmklassr","9":"product_tag-visonic-rorelsedetektor","10":"product_shipping_class-tunga-paket","11":"pa_brands-5visonic","12":"tm-no-options","14":"first","15":"onbackorder","16":"sale","17":"taxable","18":"shipping-taxable","19":"purchasable","20":"product-type-simple"},"acf":[],"_links":{"self":[{"href":"https:\/\/secureus.se\/dk\/wp-json\/wp\/v2\/product\/68369","targetHints":{"allow":["GET"]}}],"collection":[{"href":"https:\/\/secureus.se\/dk\/wp-json\/wp\/v2\/product"}],"about":[{"href":"https:\/\/secureus.se\/dk\/wp-json\/wp\/v2\/types\/product"}],"wp:featuredmedia":[{"embeddable":true,"href":"https:\/\/secureus.se\/dk\/wp-json\/wp\/v2\/media\/141413"}],"wp:attachment":[{"href":"https:\/\/secureus.se\/dk\/wp-json\/wp\/v2\/media?parent=68369"}],"wp:term":[{"taxonomy":"product_brand","embeddable":true,"href":"https:\/\/secureus.se\/dk\/wp-json\/wp\/v2\/product_brand?post=68369"},{"taxonomy":"product_cat","embeddable":true,"href":"https:\/\/secureus.se\/dk\/wp-json\/wp\/v2\/product_cat?post=68369"},{"taxonomy":"product_tag","embeddable":true,"href":"https:\/\/secureus.se\/dk\/wp-json\/wp\/v2\/product_tag?post=68369"}],"curies":[{"name":"wp","href":"https:\/\/api.w.org\/{rel}","templated":true}]}}