{"id":68371,"date":"2022-11-21T17:10:15","date_gmt":"2022-11-21T16:10:15","guid":{"rendered":"https:\/\/secureus.se\/produkt\/visonic-mp-902-pg2-powerg-wireless-advanced-outdoor-curtain-pir-detector\/"},"modified":"2026-04-09T11:37:33","modified_gmt":"2026-04-09T09:37:33","slug":"detektor-mp-902-utomhus-visonic","status":"publish","type":"product","link":"https:\/\/secureus.se\/dk\/detektor-mp-902-utomhus-visonic\/","title":{"rendered":"Detektor MP-902 Udend\u00f8rs PG2 PowerG \u2013 Model PIR \u2013 Visonic"},"content":{"rendered":"<h1>Detektor MP-902 PG2 \u2013 Avanceret udend\u00f8rsdetektor med tidlig advarsel<\/h1>\n<p>MP-902 PG2 er en tr\u00e5dl\u00f8s gardin-PIR-detektor designet til at give tidlig advarsel om ubudne g\u00e6ster. Det skaber en sn\u00e6ver beskyttelseszone omkring vinduer, d\u00f8re og andre indgange og sender advarsler, f\u00f8r der sker indbrud.<\/p>\n<h4>Funktioner og fordele:<\/h4>\n<ul>\n<li><strong>Anti-maskering<\/strong>: Forhindrer manipulation og sikrer p\u00e5lidelig detektion.<\/li>\n<li><strong>Dyreimmunitet<\/strong>: Reducerer falske alarmer fra k\u00e6ledyr op til 18 kg.<\/li>\n<li><strong>Vejrbestandig<\/strong>: IP55 certificeret til udend\u00f8rs brug i ekstreme temperaturer (-35\u00b0C til 60\u00b0C).<\/li>\n<\/ul>\n<h3>Ideel til hjemmet og erhvervslivet<\/h3>\n<p>MP-902 PG2-detektoren er kompatibel med PowerMaster-systemer og tilbyder nem installation takket v\u00e6re PowerG-teknologien. Det robuste design g\u00f8r den velegnet til b\u00e5de hjem og sm\u00e5 til mellemstore virksomheder.<\/p>\n<h4>Fordele:<\/h4>\n<ul>\n<li>8 m r\u00e6kkevidde for effektiv d\u00e6kning.<\/li>\n<li>Indbygget temperatursensor, der giver temperaturdata via appen.<\/li>\n<li>Lang batterilevetid p\u00e5 op til 3 \u00e5r.<\/li>\n<\/ul>\n<p>Med MP-902 PG2 detektoren f\u00e5r du en sikkerhedsl\u00f8sning, der b\u00e5de er p\u00e5lidelig og nem at bruge.<\/p>\n<p>&nbsp;<\/p>\n<p><iframe src=\"https:\/\/www.youtube.com\/embed\/homlHlVajWA\" width=\"505\" height=\"284\" frameborder=\"0\" allowfullscreen=\"allowfullscreen\"><\/iframe>En<\/p>\n<p>&nbsp;<\/p>\n<p>&nbsp;<\/p>","protected":false},"excerpt":{"rendered":"<p>Detektor MP-902 PG2 er en avanceret PIR-gardindetektor til udend\u00f8rs brug. Med anti-maskering og 8 m r\u00e6kkevidde giver den tidlig advarsel og beskytter dit hjem.<\/p>","protected":false},"featured_media":141419,"template":"","meta":{"_acf_changed":false},"product_brand":[],"product_cat":[3376,3380],"product_tag":[3152,2472,2332],"class_list":{"0":"post-68371","1":"product","2":"type-product","3":"status-publish","4":"has-post-thumbnail","6":"product_cat-visonic-larmenheter","7":"product_cat-visonic-utomhusdetektorer","8":"product_tag-cr123-tillbehor","9":"product_tag-sbsc-larmklassr","10":"product_tag-visonic-rorelsedetektor","11":"product_shipping_class-tunga-paket","12":"pa_brands-5visonic","13":"tm-no-options","15":"first","16":"onbackorder","17":"sale","18":"taxable","19":"shipping-taxable","20":"purchasable","21":"product-type-simple"},"acf":[],"_links":{"self":[{"href":"https:\/\/secureus.se\/dk\/wp-json\/wp\/v2\/product\/68371","targetHints":{"allow":["GET"]}}],"collection":[{"href":"https:\/\/secureus.se\/dk\/wp-json\/wp\/v2\/product"}],"about":[{"href":"https:\/\/secureus.se\/dk\/wp-json\/wp\/v2\/types\/product"}],"wp:featuredmedia":[{"embeddable":true,"href":"https:\/\/secureus.se\/dk\/wp-json\/wp\/v2\/media\/141419"}],"wp:attachment":[{"href":"https:\/\/secureus.se\/dk\/wp-json\/wp\/v2\/media?parent=68371"}],"wp:term":[{"taxonomy":"product_brand","embeddable":true,"href":"https:\/\/secureus.se\/dk\/wp-json\/wp\/v2\/product_brand?post=68371"},{"taxonomy":"product_cat","embeddable":true,"href":"https:\/\/secureus.se\/dk\/wp-json\/wp\/v2\/product_cat?post=68371"},{"taxonomy":"product_tag","embeddable":true,"href":"https:\/\/secureus.se\/dk\/wp-json\/wp\/v2\/product_tag?post=68371"}],"curies":[{"name":"wp","href":"https:\/\/api.w.org\/{rel}","templated":true}]}}