{"id":68377,"date":"2022-11-21T17:09:53","date_gmt":"2022-11-21T16:09:53","guid":{"rendered":"https:\/\/secureus.se\/produkt\/visonic-pb-102-pg2-868-0030-powerg-2-button-supervised-handheld-wireless-panic-button-868mhz\/"},"modified":"2026-04-09T11:35:45","modified_gmt":"2026-04-09T09:35:45","slug":"overfallskontakt-pb-102-pg2-visonic","status":"publish","type":"product","link":"https:\/\/secureus.se\/dk\/overfallskontakt-pb-102-pg2-visonic\/","title":{"rendered":"Overfaldskontakt PB-102 Panikknap med 2 knapper 868MHz \u2013 Visonic"},"content":{"rendered":"<h1>Panikkontakt PB-102 PG2 \u2013 Panikknap med dobbelt knap for \u00f8get sikkerhed<\/h1>\n<p>PB-102 PG2 er en elegant og ergonomisk panikknap, der giver hurtig og sikker alarmh\u00e5ndtering.<\/p>\n<p>Med to knapper og en indbygget sikkerhedsmekanisme reduceres risikoen for falske alarmer, samtidig med at det giver brugeren tryghed og tryghed.<\/p>\n<h4>Funktioner og fordele:<\/h4>\n<ul>\n<li><strong>Dobbelt knap design<\/strong>: To knapper til nem aktivering af n\u00f8dalarmer.<\/li>\n<li><strong>Sikkerhedsmekanisme<\/strong>: Krav om at holde knappen nede i to sekunder for at undg\u00e5 fejltryk.<\/li>\n<li><strong>B\u00e6rbar og alsidig<\/strong>: Kan b\u00e6res om halsen, p\u00e5 et b\u00e6lte eller monteres p\u00e5 v\u00e6ggen.<\/li>\n<\/ul>\n<h3>Ideel til hjemmet og erhvervslivet<\/h3>\n<p>PB-102 PG2 er kompatibel med PowerMaster-systemer og tilbyder en enkel l\u00f8sning til til- og frakobling.<\/p>\n<p>Dens batterilevetid p\u00e5 op til 5 \u00e5r g\u00f8r den b\u00e5de omkostningseffektiv og p\u00e5lidelig.<\/p>\n<h4>Fordele:<\/h4>\n<ul>\n<li>PowerG-teknologi til p\u00e5lidelig kommunikation.<\/li>\n<li>Leveres med b\u00e6lteclips, n\u00f8glering og snor.<\/li>\n<li>Virker i temperaturer fra 0\u00b0C til 50\u00b0C.<\/li>\n<\/ul>\n<p>Med PB-102 PG2 Panic Switch f\u00e5r du en praktisk og sikker l\u00f8sning til h\u00e5ndtering af n\u00f8dalarmer i hjem eller kommercielle milj\u00f8er.<\/p>","protected":false},"excerpt":{"rendered":"<p>PB-102 PG2 er en ergonomisk, tr\u00e5dl\u00f8s panikknap med to knapper og en sikkerhedsmekanisme.<\/p>\n<p>Perfekt til hurtig og sikker n\u00f8dalarmh\u00e5ndtering.<\/p>","protected":false},"featured_media":141430,"template":"","meta":{"_acf_changed":false},"product_brand":[],"product_cat":[3378],"product_tag":[2327],"class_list":{"0":"post-68377","1":"product","2":"type-product","3":"status-publish","4":"has-post-thumbnail","6":"product_cat-visonic-larmstyrning-knappsatser","7":"product_tag-visonic-fjarr-assistansknapp","8":"product_shipping_class-tunga-paket","9":"pa_brands-5visonic","10":"tm-no-options","12":"first","13":"onbackorder","14":"sale","15":"taxable","16":"shipping-taxable","17":"purchasable","18":"product-type-simple"},"acf":[],"_links":{"self":[{"href":"https:\/\/secureus.se\/dk\/wp-json\/wp\/v2\/product\/68377","targetHints":{"allow":["GET"]}}],"collection":[{"href":"https:\/\/secureus.se\/dk\/wp-json\/wp\/v2\/product"}],"about":[{"href":"https:\/\/secureus.se\/dk\/wp-json\/wp\/v2\/types\/product"}],"wp:featuredmedia":[{"embeddable":true,"href":"https:\/\/secureus.se\/dk\/wp-json\/wp\/v2\/media\/141430"}],"wp:attachment":[{"href":"https:\/\/secureus.se\/dk\/wp-json\/wp\/v2\/media?parent=68377"}],"wp:term":[{"taxonomy":"product_brand","embeddable":true,"href":"https:\/\/secureus.se\/dk\/wp-json\/wp\/v2\/product_brand?post=68377"},{"taxonomy":"product_cat","embeddable":true,"href":"https:\/\/secureus.se\/dk\/wp-json\/wp\/v2\/product_cat?post=68377"},{"taxonomy":"product_tag","embeddable":true,"href":"https:\/\/secureus.se\/dk\/wp-json\/wp\/v2\/product_tag?post=68377"}],"curies":[{"name":"wp","href":"https:\/\/api.w.org\/{rel}","templated":true}]}}