{"id":68385,"date":"2022-11-21T17:09:28","date_gmt":"2022-11-21T16:09:28","guid":{"rendered":"https:\/\/secureus.se\/produkt\/visonic-rp-600-pg2-powerg-wireless-repeater-with-1300mah-8v-4-rechargeable-back-up-battery\/"},"modified":"2026-04-09T11:35:59","modified_gmt":"2026-04-09T09:35:59","slug":"repeater-rp-600-pg2-visonic","status":"publish","type":"product","link":"https:\/\/secureus.se\/dk\/repeater-rp-600-pg2-visonic\/","title":{"rendered":"Repeater RP-600 PG2 PowerG \u2013 Visonic"},"content":{"rendered":"<h1>Repeater RP-600 PG2 \u2013 Udvidet kommunikation til PowerMaster-systemer<\/h1>\n<p>RP-600 PG2 er en avanceret tr\u00e5dl\u00f8s repeater designet til at udvide kommunikationsomr\u00e5det mellem PowerMaster-systemer og PowerG-sendere.<\/p>\n<p>Den er perfekt til store installationer, hvor afstand eller forhindringer kan p\u00e5virke signalstyrken.<\/p>\n<h4>Funktioner og fordele:<\/h4>\n<ul>\n<li><strong>Udvidet r\u00e6kkevidde<\/strong>: Sikrer p\u00e5lidelig kommunikation selv i store eller komplekse bygninger.<\/li>\n<li><strong>Robust teknologi<\/strong>: PowerG Frequency Hopping Spread Spectrum FHSS-TDMA for stabil tovejskommunikation.<\/li>\n<li><strong>Nem installation<\/strong>: Kompakt design med LED-indikatorer til diagnostik og status.<\/li>\n<\/ul>\n<h3>Ideel til hjemmet og erhvervslivet<\/h3>\n<p>RP-600 PG2 forbedrer sikkerhed og bekvemmelighed ved at eliminere kommunikationsproblemer mellem enheder.<\/p>\n<p>Dets indbyggede backup-batteri sikrer drift selv i tilf\u00e6lde af str\u00f8mafbrydelse.<\/p>\n<h4>Fordele:<\/h4>\n<ul>\n<li>48 timers batteribackup for uafbrudt drift.<\/li>\n<li>Beskyttelse mod manipulation med sabotage foran og bagp\u00e5.<\/li>\n<li>Kompatibilitet med b\u00e5de Visonic- og Qolsys-systemer.<\/li>\n<\/ul>\n<p>Repeater RP-600 PG2 er en uundv\u00e6rlig komponent til at skabe p\u00e5lidelige og effektive sikkerhedssystemer.<\/p>","protected":false},"excerpt":{"rendered":"<p>RP-600 PG2 udvider kommunikationen mellem PowerMaster-systemer og PowerG-enheder.<\/p>\n<p>Kompakt design og nem installation.<\/p>","protected":false},"featured_media":141449,"template":"","meta":{"_acf_changed":false},"product_brand":[],"product_cat":[3378],"product_tag":[2331],"class_list":{"0":"post-68385","1":"product","2":"type-product","3":"status-publish","4":"has-post-thumbnail","6":"product_cat-visonic-larmstyrning-knappsatser","7":"product_tag-visonic-larmoverforing","8":"product_shipping_class-tunga-paket","9":"pa_brands-5visonic","10":"tm-no-options","12":"first","13":"instock","14":"sale","15":"taxable","16":"shipping-taxable","17":"purchasable","18":"product-type-simple"},"acf":[],"_links":{"self":[{"href":"https:\/\/secureus.se\/dk\/wp-json\/wp\/v2\/product\/68385","targetHints":{"allow":["GET"]}}],"collection":[{"href":"https:\/\/secureus.se\/dk\/wp-json\/wp\/v2\/product"}],"about":[{"href":"https:\/\/secureus.se\/dk\/wp-json\/wp\/v2\/types\/product"}],"wp:featuredmedia":[{"embeddable":true,"href":"https:\/\/secureus.se\/dk\/wp-json\/wp\/v2\/media\/141449"}],"wp:attachment":[{"href":"https:\/\/secureus.se\/dk\/wp-json\/wp\/v2\/media?parent=68385"}],"wp:term":[{"taxonomy":"product_brand","embeddable":true,"href":"https:\/\/secureus.se\/dk\/wp-json\/wp\/v2\/product_brand?post=68385"},{"taxonomy":"product_cat","embeddable":true,"href":"https:\/\/secureus.se\/dk\/wp-json\/wp\/v2\/product_cat?post=68385"},{"taxonomy":"product_tag","embeddable":true,"href":"https:\/\/secureus.se\/dk\/wp-json\/wp\/v2\/product_tag?post=68385"}],"curies":[{"name":"wp","href":"https:\/\/api.w.org\/{rel}","templated":true}]}}