{"id":68389,"date":"2022-11-21T17:09:10","date_gmt":"2022-11-21T16:09:10","guid":{"rendered":"https:\/\/secureus.se\/produkt\/visonic-next-cam-pg2-powerg-two-way-wireless-pir-motion-detector-with-integrated-camera\/"},"modified":"2026-01-30T12:25:42","modified_gmt":"2026-01-30T11:25:42","slug":"detektor-next-cam-pg2-pir-kamera-visonic","status":"publish","type":"product","link":"https:\/\/secureus.se\/dk\/detektor-next-cam-pg2-pir-kamera-visonic\/","title":{"rendered":"Slut p\u00e5 linjen \u2013 Visonic Next CAM PG2 \u2013 Tovejs PIR-bev\u00e6gelsesdetektor med integreret kamera"},"content":{"rendered":"<h1>Detector NEXT CAM PG2 \u2013 Din sikkerhedsl\u00f8sning til visuel verifikation<\/h1>\n<p>NEXT CAM PG2 er en banebrydende tr\u00e5dl\u00f8s PIR-detektor med integreret kamera, der tilbyder visuel alarmbekr\u00e6ftelse dag og nat.<\/p>\n<p>Perfekt til korridorer, trapper og andre rum, hvor der er behov for ekstra overv\u00e5gning.<\/p>\n<h4>Funktioner og fordele:<\/h4>\n<ul>\n<li><strong>Visuel verifikation i realtid<\/strong>: Kameraet aktiveres af bev\u00e6gelse og sender billeder til overv\u00e5gningsstationen.<\/li>\n<li><strong>Dyreimmunitet<\/strong>: Ignorerer dyr op til 38 kg for at minimere falske alarmer.<\/li>\n<li><strong>PowerG teknologi<\/strong>: Sikker og robust tovejskommunikation.<\/li>\n<\/ul>\n<h3>Nem installation og brug<\/h3>\n<p>Med sit kompakte design og avancerede funktioner er NEXT CAM PG2 nem at installere og bruge.<\/p>\n<p>Det giver h\u00f8j sikkerhed og sikkerhed for b\u00e5de boliger og erhvervslokaler.<\/p>\n<h4>Fordele:<\/h4>\n<ul>\n<li>Kamerar\u00e6kkevidde: 12 m med IR-belysning til nattesyn.<\/li>\n<li>Op til 5 \u00e5rs batterilevetid for minimal vedligeholdelse.<\/li>\n<li>Kompatibel med PowerMaster-systemer.<\/li>\n<\/ul>\n<p>NEXT CAM PG2 giver dig en sikkerhedsl\u00f8sning, der kombinerer bev\u00e6gelsesdetektering og visuel verifikation p\u00e5 en enkel og effektiv m\u00e5de.<\/p>","protected":false},"excerpt":{"rendered":"<p>NEXT CAM PG2-detektoren er en tr\u00e5dl\u00f8s PIR-detektor med indbygget kamera til visuel alarmverifikation, perfekt til sikkerhed i hjemmet eller p\u00e5 virksomheden.<\/p>","protected":false},"featured_media":141249,"template":"","meta":{"_acf_changed":false},"product_brand":[],"product_cat":[3376,3382],"product_tag":[2472,2326,2332],"class_list":{"0":"post-68389","1":"product","2":"type-product","3":"status-publish","4":"has-post-thumbnail","6":"product_cat-visonic-larmenheter","7":"product_cat-rorelse-och-kamera-visonic-larmenheter","8":"product_tag-sbsc-larmklassr","9":"product_tag-visonic-kamera","10":"product_tag-visonic-rorelsedetektor","11":"product_shipping_class-tunga-paket","12":"pa_brands-5visonic","13":"tm-no-options","15":"first","16":"outofstock","17":"sale","18":"featured","19":"taxable","20":"shipping-taxable","21":"purchasable","22":"product-type-simple"},"acf":[],"_links":{"self":[{"href":"https:\/\/secureus.se\/dk\/wp-json\/wp\/v2\/product\/68389","targetHints":{"allow":["GET"]}}],"collection":[{"href":"https:\/\/secureus.se\/dk\/wp-json\/wp\/v2\/product"}],"about":[{"href":"https:\/\/secureus.se\/dk\/wp-json\/wp\/v2\/types\/product"}],"wp:featuredmedia":[{"embeddable":true,"href":"https:\/\/secureus.se\/dk\/wp-json\/wp\/v2\/media\/141249"}],"wp:attachment":[{"href":"https:\/\/secureus.se\/dk\/wp-json\/wp\/v2\/media?parent=68389"}],"wp:term":[{"taxonomy":"product_brand","embeddable":true,"href":"https:\/\/secureus.se\/dk\/wp-json\/wp\/v2\/product_brand?post=68389"},{"taxonomy":"product_cat","embeddable":true,"href":"https:\/\/secureus.se\/dk\/wp-json\/wp\/v2\/product_cat?post=68389"},{"taxonomy":"product_tag","embeddable":true,"href":"https:\/\/secureus.se\/dk\/wp-json\/wp\/v2\/product_tag?post=68389"}],"curies":[{"name":"wp","href":"https:\/\/api.w.org\/{rel}","templated":true}]}}