{"id":68837,"date":"2022-11-21T12:56:02","date_gmt":"2022-11-21T11:56:02","guid":{"rendered":"https:\/\/secureus.se\/produkt\/poeswitch-4-port-battbackup\/"},"modified":"2026-04-08T16:47:33","modified_gmt":"2026-04-08T14:47:33","slug":"poeswitch-4-port-battbackup","status":"publish","type":"product","link":"https:\/\/secureus.se\/dk\/poeswitch-4-port-battbackup\/","title":{"rendered":"Poeswitch 4 Port Battbackup"},"content":{"rendered":"<p>Netsp\u00e6ndingen indikeres med en gr\u00f8n LED og fejl med en r\u00f8d LED p\u00e5 fronten, alarmrel\u00e6. Kan forsynes med alarmkort til yderligere fejlalarmer og sabotagekontakter i forborede huller. Enheden er beskyttet mod overbelastning, kortslutning og har indbygget beskyttelse mod dybafladning af batterierne. Str\u00f8m, belastning, batteri er beskyttet af sikringer. Opfylder b\u00e5de IEEE802.3af og IEEE802.3at. og kan levere op til 25W\/port<\/p>","protected":false},"excerpt":{"rendered":"<p>Netsp\u00e6ndingen indikeres med en gr\u00f8n LED og fejl med en r\u00f8d LED p\u00e5 fronten, alarmrel\u00e6. Kan forsynes med alarmkort til yderligere fejlalarmer og sabotagekontakter i forborede huller. Enheden er beskyttet mod overbelastning,<\/p>","protected":false},"featured_media":141530,"template":"","meta":{"_acf_changed":false},"product_brand":[],"product_cat":[2123],"product_tag":[],"class_list":{"0":"post-68837","1":"product","2":"type-product","3":"status-publish","4":"has-post-thumbnail","6":"product_cat-poe-switch-med-batteribackup","7":"product_shipping_class-tunga-paket","8":"pa_brands-swansons","9":"tm-no-options","11":"first","12":"instock","13":"sale","14":"taxable","15":"shipping-taxable","16":"purchasable","17":"product-type-simple"},"acf":[],"_links":{"self":[{"href":"https:\/\/secureus.se\/dk\/wp-json\/wp\/v2\/product\/68837","targetHints":{"allow":["GET"]}}],"collection":[{"href":"https:\/\/secureus.se\/dk\/wp-json\/wp\/v2\/product"}],"about":[{"href":"https:\/\/secureus.se\/dk\/wp-json\/wp\/v2\/types\/product"}],"wp:featuredmedia":[{"embeddable":true,"href":"https:\/\/secureus.se\/dk\/wp-json\/wp\/v2\/media\/141530"}],"wp:attachment":[{"href":"https:\/\/secureus.se\/dk\/wp-json\/wp\/v2\/media?parent=68837"}],"wp:term":[{"taxonomy":"product_brand","embeddable":true,"href":"https:\/\/secureus.se\/dk\/wp-json\/wp\/v2\/product_brand?post=68837"},{"taxonomy":"product_cat","embeddable":true,"href":"https:\/\/secureus.se\/dk\/wp-json\/wp\/v2\/product_cat?post=68837"},{"taxonomy":"product_tag","embeddable":true,"href":"https:\/\/secureus.se\/dk\/wp-json\/wp\/v2\/product_tag?post=68837"}],"curies":[{"name":"wp","href":"https:\/\/api.w.org\/{rel}","templated":true}]}}