{"id":69375,"date":"2022-11-28T13:13:20","date_gmt":"2022-11-28T12:13:20","guid":{"rendered":"https:\/\/secureus.se\/produkt\/repeater-ajax-rex-vit\/"},"modified":"2026-03-10T11:02:46","modified_gmt":"2026-03-10T10:02:46","slug":"ajax-rex-repeater-range-extender-2","status":"publish","type":"product","link":"https:\/\/secureus.se\/dk\/ajax-rex-repeater-range-extender-2\/","title":{"rendered":"Ajax ReX Repeater Range Extender Hvid"},"content":{"rendered":"<h3><strong>Ajax ReX \u2013 Signal Extender for st\u00f8rre r\u00e6kkevidde og h\u00f8jere sikkerhed<\/strong><\/h3>\n<p>Ajax ReX er den intelligente l\u00f8sning til at udvide r\u00e6kkevidden og forbedre kommunikationen i Ajax sikkerhedssystem.<\/p>\n<p>ReX fungerer som en signalforl\u00e6nger eller repeater, der fordobler r\u00e6kkevidden af enhver enhed, der er tilsluttet en Ajax-hub.<\/p>\n<p>Med ReX kan du nemt d\u00e6kke store omr\u00e5der som kontorer i flere etager, enkeltst\u00e5ende bygninger eller endda store produktionsfaciliteter.<\/p>\n<p>Ved at tilslutte op til fem ReX-enheder til systemet kan du udvide d\u00e6kningen op til 35 km\u00b2, hvilket g\u00f8r det til et kraftfuldt v\u00e6rkt\u00f8j til b\u00e5de sm\u00e5 og store sikkerhedsl\u00f8sninger.<\/p>\n<p><strong>Hurtig reaktionstid og p\u00e5lidelig kommunikation<\/strong><\/p>\n<p>ReX leverer alarmer p\u00e5 rekordtid, inden for 0,3 sekunder, og muligg\u00f8r hurtig kommunikation mellem Ajax-enhederne, selv over lange afstande.<\/p>\n<p>Den kan sende signaler op til 1.800 meter i \u00e5bent terr\u00e6n, hvilket g\u00f8r det muligt at placere sikkerhedsudstyr l\u00e6ngere v\u00e6k fra hovedhubben uden at miste signalstyrke eller p\u00e5lidelighed.<\/p>\n<p>Dette g\u00f8r ReX ideel til store omr\u00e5der, hvor flere detektorer eller kameraer skal kommunikere med hubben uden at miste funktionalitet.<\/p>\n<p><strong>Indbygget batteribackup og sabotagebeskyttelse<\/strong><\/p>\n<p>En af de mest imponerende funktioner ved ReX er den indbyggede batteribackup, som kan drive enheden i op til 35 timer uden en ekstern str\u00f8mforsyning.<\/p>\n<p>Det betyder, at ReX stadig kan opretholde sikkerheden selv under str\u00f8mafbrydelser, hvilket er afg\u00f8rende for kontinuerlig overv\u00e5gning.<\/p>\n<p>ReX er ogs\u00e5 udstyret med robust manipulationsbeskyttelse, hvilket g\u00f8r den modstandsdygtig over for manipulation eller manipulationsfors\u00f8g.<\/p>\n<p>Dets sikkerhedssystem inkluderer b\u00e5de indtr\u00e6ngendetektering og sabotagebeskyttelse, og al kommunikation er krypteret med AES-algoritmen for at beskytte mod aflytning og hacking.<\/p>\n<p><strong>Nem installation og fleksibilitet<\/strong><\/p>\n<p>ReX er nem at installere og kan hurtigt integreres i dit eksisterende Ajax-system. Installationen sker ved at scanne QR-koden i Ajax-appen og f\u00f8lge de enkle trin for at tilf\u00f8je enheden til systemet.<\/p>\n<p>Du kan derefter konfigurere ReX til at arbejde med de enheder, du vil have fordel af det udvidede udvalg.<\/p>\n<p>ReX kan installeres p\u00e5 et sikkert sted ved hj\u00e6lp af det medf\u00f8lgende SmartBracket, hvilket g\u00f8r installationen hurtig og nem uden at skulle skille enheden ad.<\/p>\n<p><strong>Autonom drift og fleksibel forbindelse<\/strong><\/p>\n<p>ReX fungerer selvst\u00e6ndigt, hvis kommunikationen med hubben g\u00e5r tabt.<\/p>\n<p>Hvis nogen af de tilsluttede enheder sender en alarm, aktiverer ReX sirenen for at advare om h\u00e6ndelsen, og holder sikkerheden intakt, selvom systemet ikke er fuldt funktionsdygtigt.<\/p>\n<p>Dette giver ekstra sikkerhed og sikkerhed ved at holde alle tilsluttede enheder beskyttet, uanset situationen.<\/p>\n<p><strong>Kompatibilitet og opdateringer<\/strong><\/p>\n<p>ReX er kompatibel med alle Ajax-hubs, inklusive Hub, Hub 2, Hub 2 Plus og Hub Hybrid. Du kan bruge op til fem ReX-enheder i et enkelt system til at d\u00e6kke meget store omr\u00e5der.<\/p>\n<p>ReX fungerer ogs\u00e5 problemfrit med systemets OS Malevich, og modtager regelm\u00e6ssige gratis opdateringer, der sikrer, at enheden altid er opdateret med de nyeste funktioner og sikkerhedsforbedringer.<\/p>\n<p><strong>Tekniske specifikationer:<\/strong><\/p>\n<ul>\n<li><strong>Type:<\/strong> Tr\u00e5dl\u00f8s signalforl\u00e6nger\/repeater<\/li>\n<li><strong>Maks. antal tilsluttede enheder (pr. hub):<\/strong> Hub\/Hub Hybrid - op til 99, Hub Plus - op til 149, Hub 2 Plus - op til 199<\/li>\n<li><strong>Kommunikationsomr\u00e5de:<\/strong> Op til 1.800 mi \u00e5bent terr\u00e6n<\/li>\n<li><strong>Alarm transmissionstid:<\/strong> 0,3 sekunder<\/li>\n<li><strong>Str\u00f8mforsyning:<\/strong> 110-240 V fra lysnettet eller 12 V med 12V PSU til Hub\/Hub Plus\/ReX<\/li>\n<li><strong>Batteri backup:<\/strong> Li-Ion 2 Ah, op til 35 timers drift uden str\u00f8m<\/li>\n<li><strong>Operativ system:<\/strong> OS Malevich<\/li>\n<li><strong>Frekvensb\u00e5nd:<\/strong> Afh\u00e6ngig af salgsregion<\/li>\n<li><strong>Kryptering:<\/strong> AES-algoritme til blokkryptering<\/li>\n<li><strong>Driftstemperatur:<\/strong> -10\u00b0C til +40\u00b0C<\/li>\n<li><strong>Maksimal luftfugtighed:<\/strong> Op til 75%<\/li>\n<li><strong>St\u00f8rrelse:<\/strong> 163 \u00d7 163 \u00d7 36 mm<\/li>\n<li><strong>V\u00e6gt:<\/strong> 330 g<\/li>\n<li><strong>Anti-sabotage:<\/strong> Ja, underst\u00f8tter manipulationsdetektion og manipulationsbeskyttelse<\/li>\n<li><strong>Installationsmetode:<\/strong> Indend\u00f8rs<\/li>\n<\/ul>\n<p><strong>Pakkens indhold:<\/strong><\/p>\n<ul>\n<li>Ajax ReX Repeater<\/li>\n<li>SmartBracket monteringspanel<\/li>\n<li>Str\u00f8mkabel<\/li>\n<li>Installationss\u00e6t<\/li>\n<li>Hurtig start guide<\/li>\n<\/ul>\n<p><strong>Konklusion:<\/strong><\/p>\n<p>Ajax ReX er en effektiv og p\u00e5lidelig l\u00f8sning til at forbedre r\u00e6kkevidden af Ajax sikkerhedssystemer.<\/p>\n<p>Med sin lette installation, p\u00e5lidelige kommunikation og robuste sikkerhedsfunktioner g\u00f8r ReX det muligt at skabe omfattende beskyttelse af store omr\u00e5der eller komplekse bygninger.<\/p>\n<p>Uanset om du skal d\u00e6kke flere etager, selvst\u00e6ndige bygninger eller store produktionsfaciliteter, leverer ReX en fleksibel og sikker l\u00f8sning til alle dine behov.<\/p>","protected":false},"excerpt":{"rendered":"<p>Ajax ReX er en tr\u00e5dl\u00f8s signalforl\u00e6nger, der udvider r\u00e6kkevidden af Ajax-sikkerhedssystemet.<\/p>\n<p>Den kan tilslutte enheder op til 1.800 meter v\u00e6k, og med en 35-timers batteribackup sikrer den konstant sikkerhed selv i tilf\u00e6lde af str\u00f8mafbrydelse.<\/p>","protected":false},"featured_media":152095,"template":"","meta":{"_acf_changed":false},"product_brand":[],"product_cat":[3168,1319],"product_tag":[3127,2137,4863],"class_list":{"0":"post-69375","1":"product","2":"type-product","3":"status-publish","4":"has-post-thumbnail","6":"product_cat-range-extender-repeater","7":"product_cat-ajax-larm","8":"product_tag-kontrollprodukt","9":"product_tag-lager-ajax","10":"product_tag-pf","11":"product_shipping_class-tunga-paket","12":"pa_ajax-tradlosa-larm-reapeater","13":"pa_brands-ajax-systems","14":"pa_color-vit","15":"pa_farg-vit","16":"tm-no-options","18":"first","19":"instock","20":"sale","21":"featured","22":"taxable","23":"shipping-taxable","24":"purchasable","25":"product-type-simple"},"acf":[],"_links":{"self":[{"href":"https:\/\/secureus.se\/dk\/wp-json\/wp\/v2\/product\/69375","targetHints":{"allow":["GET"]}}],"collection":[{"href":"https:\/\/secureus.se\/dk\/wp-json\/wp\/v2\/product"}],"about":[{"href":"https:\/\/secureus.se\/dk\/wp-json\/wp\/v2\/types\/product"}],"wp:featuredmedia":[{"embeddable":true,"href":"https:\/\/secureus.se\/dk\/wp-json\/wp\/v2\/media\/152095"}],"wp:attachment":[{"href":"https:\/\/secureus.se\/dk\/wp-json\/wp\/v2\/media?parent=69375"}],"wp:term":[{"taxonomy":"product_brand","embeddable":true,"href":"https:\/\/secureus.se\/dk\/wp-json\/wp\/v2\/product_brand?post=69375"},{"taxonomy":"product_cat","embeddable":true,"href":"https:\/\/secureus.se\/dk\/wp-json\/wp\/v2\/product_cat?post=69375"},{"taxonomy":"product_tag","embeddable":true,"href":"https:\/\/secureus.se\/dk\/wp-json\/wp\/v2\/product_tag?post=69375"}],"curies":[{"name":"wp","href":"https:\/\/api.w.org\/{rel}","templated":true}]}}