{"id":69452,"date":"2022-11-28T12:54:08","date_gmt":"2022-11-28T11:54:08","guid":{"rendered":"https:\/\/secureus.se\/produkt\/multisandare-2-3eol-for-tradade-detektorer-svart\/"},"modified":"2026-03-30T09:11:36","modified_gmt":"2026-03-30T07:11:36","slug":"ajax-multitransmitter-multisandare-svart","status":"publish","type":"product","link":"https:\/\/secureus.se\/dk\/ajax-multitransmitter-multisandare-svart\/","title":{"rendered":"Ajax MultiTransmitter Multitransmitter 2\/3EoL til kablede detektorer Sort"},"content":{"rendered":"<h3>Ajax MultiTransmitter Multi-sender er en kraftfuld og p\u00e5lidelig tr\u00e5dl\u00f8s enhed, der g\u00f8r det muligt at forbinde kablede detektorer og sensorer til Ajax-sikkerhedssystemer. Dette g\u00f8r det nemt at integrere \u00e6ldre kablede centrale enheder i et moderne tr\u00e5dl\u00f8st system.<\/h3>\n<p>MultiTransmitteren er is\u00e6r anvendelig til ejendomme, hvor eksisterende kablede detektorer skal moderniseres uden at udskifte hele systemet.<\/p>\n<p>Med 18 sektionsindgange, der underst\u00f8tter forbindelsestyper s\u00e5som NO (normalt \u00e5ben), NC (normalt lukket), EOL (End of Line), 2EOL og 3EOL, kan multitransmitteren forbinde en r\u00e6kke forskellige typer kablede detektorer og sensorer.<\/p>\n<p>Dette g\u00f8r den meget fleksibel og kan tilpasses mange forskellige sikkerhedsbehov. Enheden har ogs\u00e5 udgange til at levere str\u00f8m til de tilsluttede detektorer, hvilket g\u00f8r installationen smidig og effektiv.<\/p>\n<p>MultiTransmitteren er designet til at blive brugt med alle Ajax-hubs, og den kommunikerer tr\u00e5dl\u00f8st med systemet via Jeweller-protokollen.<\/p>\n<p>Den har en r\u00e6kkevidde p\u00e5 op til 2000 meter i \u00e5bent terr\u00e6n, hvilket g\u00f8r den velegnet til b\u00e5de sm\u00e5 og store installationsomr\u00e5der.<\/p>\n<p>Derudover har MultiTransmitteren to sabotagebeskyttelser til beskyttelse mod sabotage.<\/p>\n<p>Den er ogs\u00e5 udstyret med en batteribackup, der giver op til 4 dages drift i tilf\u00e6lde af str\u00f8mafbrydelse.<\/p>\n<p>Det betyder, at systemet forts\u00e6tter med at fungere selv under uforudsete situationer.<\/p>\n<p>Med den seneste firmwareversion (2.13.0 eller h\u00f8jere) kan modstandsv\u00e6rdier for tilsluttede detektorer m\u00e5les automatisk, hvilket letter installationen og konfigurationen af systemet.<\/p>\n<p>Detektorer og enheder forbundet til MultiTransmitteren kan programmeres individuelt via Ajax-appen, hvilket g\u00f8r systemet endnu mere brugervenligt og fleksibelt.<\/p>\n<p><strong>Tekniske specifikationer:<\/strong><\/p>\n<ul>\n<li><strong>Forbindelsestyper:<\/strong> NEJ, NC, EOL, 2EOL, 3EOL<\/li>\n<li><strong>Antal indgange:<\/strong> 18<\/li>\n<li><strong>Tr\u00e5dl\u00f8s r\u00e6kkevidde:<\/strong> Op til 2000 mi frit terr\u00e6n<\/li>\n<li><strong>Str\u00f8mforsyning:<\/strong> 110 \u2013 255 VAC (kabel inkluderet)<\/li>\n<li><strong>Batteri backup:<\/strong> 12V 7Ah (ikke inkluderet)<\/li>\n<li><strong>Batteri backup tid:<\/strong> Op til 4 dage<\/li>\n<li><strong>12V DC udgange:<\/strong> 4 stk, 1A pr. udgang<\/li>\n<li><strong>Temperaturomr\u00e5de:<\/strong> -10\u00b0 til +40\u00b0C<\/li>\n<li><strong>Fugtighed:<\/strong> Op til 75%<\/li>\n<\/ul>","protected":false},"excerpt":{"rendered":"<p>Ajax MultiTransmitter Multitransmitter er en tr\u00e5dl\u00f8s integration til at forbinde kablede detektorer og sensorer til Ajax sikkerhedssystemer.<\/p>\n<p>Med 18 sektionsindgange og fleksibel forbindelse via EOL (End of Line) tilbyder den en p\u00e5lidelig l\u00f8sning til modernisering af \u00e6ldre kablede systemer.<\/p>","protected":false},"featured_media":151917,"template":"","meta":{"_acf_changed":false},"product_brand":[],"product_cat":[3170,1319],"product_tag":[4863],"class_list":{"0":"post-69452","1":"product","2":"type-product","3":"status-publish","4":"has-post-thumbnail","6":"product_cat-integration","7":"product_cat-ajax-larm","8":"product_tag-pf","9":"product_shipping_class-tunga-paket","10":"pa_ajax-tradlosa-larm-rela-multisandare","11":"pa_brands-ajax-systems","12":"pa_color-svart","13":"pa_farg-svart","14":"tm-no-options","16":"first","17":"onbackorder","18":"sale","19":"featured","20":"taxable","21":"shipping-taxable","22":"purchasable","23":"product-type-simple"},"acf":[],"_links":{"self":[{"href":"https:\/\/secureus.se\/dk\/wp-json\/wp\/v2\/product\/69452","targetHints":{"allow":["GET"]}}],"collection":[{"href":"https:\/\/secureus.se\/dk\/wp-json\/wp\/v2\/product"}],"about":[{"href":"https:\/\/secureus.se\/dk\/wp-json\/wp\/v2\/types\/product"}],"wp:featuredmedia":[{"embeddable":true,"href":"https:\/\/secureus.se\/dk\/wp-json\/wp\/v2\/media\/151917"}],"wp:attachment":[{"href":"https:\/\/secureus.se\/dk\/wp-json\/wp\/v2\/media?parent=69452"}],"wp:term":[{"taxonomy":"product_brand","embeddable":true,"href":"https:\/\/secureus.se\/dk\/wp-json\/wp\/v2\/product_brand?post=69452"},{"taxonomy":"product_cat","embeddable":true,"href":"https:\/\/secureus.se\/dk\/wp-json\/wp\/v2\/product_cat?post=69452"},{"taxonomy":"product_tag","embeddable":true,"href":"https:\/\/secureus.se\/dk\/wp-json\/wp\/v2\/product_tag?post=69452"}],"curies":[{"name":"wp","href":"https:\/\/api.w.org\/{rel}","templated":true}]}}